{"id":129,"date":"2024-10-24T09:32:45","date_gmt":"2024-10-24T09:32:45","guid":{"rendered":"https:\/\/hjss.mit-hosting01.dk\/?page_id=129"},"modified":"2024-10-24T11:18:52","modified_gmt":"2024-10-24T11:18:52","slug":"kloakskader","status":"publish","type":"page","link":"https:\/\/hjss.mit-hosting01.dk\/index.php\/kloakskader\/","title":{"rendered":"Kloakskader"},"content":{"rendered":"<div data-colibri-id=\"129-c1\" class=\"style-432 style-local-129-c1 position-relative\">\n  <!---->\n  <div data-colibri-component=\"section\" data-colibri-id=\"129-c2\" id=\"custom\" class=\"h-section h-section-global-spacing d-flex align-items-lg-center align-items-md-center align-items-center style-433 style-local-129-c2 position-relative\">\n    <!---->\n    <!---->\n    <div class=\"h-section-grid-container h-section-boxed-container\">\n      <!---->\n      <div data-colibri-id=\"129-c5\" class=\"h-row-container gutters-row-lg-2 gutters-row-md-2 gutters-row-0 gutters-row-v-lg-2 gutters-row-v-md-2 gutters-row-v-2 style-436 style-local-129-c5 position-relative\">\n        <!---->\n        <div class=\"h-row justify-content-lg-center justify-content-md-center justify-content-center align-items-lg-stretch align-items-md-stretch align-items-stretch gutters-col-lg-2 gutters-col-md-2 gutters-col-0 gutters-col-v-lg-2 gutters-col-v-md-2 gutters-col-v-2\">\n          <!---->\n          <div class=\"h-column h-column-container d-flex h-col-lg-auto h-col-md-auto h-col-auto style-437-outer style-local-129-c6-outer\">\n            <div data-colibri-id=\"129-c6\" class=\"d-flex h-flex-basis h-column__inner h-px-lg-2 h-px-md-2 h-px-2 v-inner-lg-2 v-inner-md-2 v-inner-2 style-437 style-local-129-c6 position-relative\">\n              <!---->\n              <!---->\n              <div class=\"w-100 h-y-container h-column__content h-column__v-align flex-basis-100 align-self-lg-start align-self-md-start align-self-start\">\n                <!---->\n                <div data-colibri-id=\"129-c7\" class=\"page-title style-438 style-local-129-c7 position-relative h-element\">\n                  <!---->\n                  <div class=\"h-page-title__outer style-438-outer style-local-129-c7-outer\">\n                    <div class=\"h-global-transition-all\"><span><h1 style='margin-bottom:0'>Kloakskader<\/h1><\/span><\/div>\n                  <\/div>\n                <\/div>\n              <\/div>\n            <\/div>\n          <\/div>\n        <\/div>\n      <\/div>\n      <div data-colibri-id=\"129-c3\" class=\"h-row-container gutters-row-lg-2 gutters-row-md-2 gutters-row-0 gutters-row-v-lg-2 gutters-row-v-md-2 gutters-row-v-2 style-434 style-local-129-c3 position-relative\">\n        <!---->\n        <div class=\"h-row justify-content-lg-center justify-content-md-center justify-content-center align-items-lg-stretch align-items-md-stretch align-items-stretch gutters-col-lg-2 gutters-col-md-2 gutters-col-0 gutters-col-v-lg-2 gutters-col-v-md-2 gutters-col-v-2\">\n          <!---->\n          <div class=\"h-column h-column-container d-flex h-col-lg-auto h-col-md-auto h-col-auto style-435-outer style-local-129-c4-outer\">\n            <div data-colibri-id=\"129-c4\" class=\"d-flex h-flex-basis h-column__inner h-px-lg-2 h-px-md-2 h-px-2 v-inner-lg-2 v-inner-md-2 v-inner-2 style-435 style-local-129-c4 position-relative\">\n              <!---->\n              <!---->\n              <div class=\"w-100 h-y-container h-column__content h-column__v-align flex-basis-100 align-self-lg-start align-self-md-start align-self-start\">\n                <!---->\n                <div data-colibri-id=\"129-c8\" class=\"h-text h-text-component style-439 style-local-129-c8 position-relative h-element\">\n                  <!---->\n                  <!---->\n                  <div class=\"\">\n                    <p><span style=\"font-weight: 400; font-size: 20px; font-family: &quot;Quattrocento Sans&quot;, sans-serif; color: rgb(63, 63, 63);\">Rotter forsager mange skader p\u00e5 kloaknettet. N\u00e5r man v\u00e6lger Hj\u00f8rring Skadedyrsservice, s\u00e5 bliver der stillet dygtige h\u00e5ndv\u00e6rkere til r\u00e5dighed for at opgaven bliver udf\u00f8rt nemt og bekvemt.<\/span><\/p>\n                  <\/div>\n                <\/div>\n              <\/div>\n            <\/div>\n          <\/div>\n        <\/div>\n      <\/div>\n      <div data-colibri-id=\"129-c9\" class=\"h-row-container gutters-row-lg-2 gutters-row-md-2 gutters-row-0 gutters-row-v-lg-2 gutters-row-v-md-2 gutters-row-v-2 style-440 style-local-129-c9 position-relative\">\n        <!---->\n        <div class=\"h-row justify-content-lg-center justify-content-md-center justify-content-center align-items-lg-stretch align-items-md-stretch align-items-stretch gutters-col-lg-2 gutters-col-md-2 gutters-col-0 gutters-col-v-lg-2 gutters-col-v-md-2 gutters-col-v-2\">\n          <!---->\n          <div class=\"h-column h-column-container d-flex h-col-lg-auto h-col-md-auto h-col-auto style-441-outer style-local-129-c10-outer\">\n            <div data-colibri-id=\"129-c10\" class=\"d-flex h-flex-basis h-column__inner h-px-lg-2 h-px-md-2 h-px-2 v-inner-lg-2 v-inner-md-2 v-inner-2 style-441 style-local-129-c10 position-relative\">\n              <!---->\n              <!---->\n              <div class=\"w-100 h-y-container h-column__content h-column__v-align flex-basis-100 align-self-lg-start align-self-md-start align-self-start\">\n                <!---->\n                <div data-colibri-component=\"masonry\" data-colibri-id=\"129-c11\" class=\"h-photo-gallery margin-none caption-none style-442 style-local-129-c11 position-relative h-element\">\n                  <!---->\n                  <div class=\"h-global-transition-all\"><div id='colibri-129-c11' class='gallery-wrapper'>    <style type=\"text\/css\">\n\n        @media (min-width: 1023px) {        #colibri-129-c11        dl {\n            float: left;\n            width: 25% !important;\n            max-width: 25% !important;\n            min-width: 25% !important;\n        }\n\n        #colibri-129-c11        dl:nth-of-type(4n +1 ) {\n            clear: both;\n        }\n\n        }@media (min-width: 768px) and (max-width: 1023px) {        #colibri-129-c11        dl {\n            float: left;\n            width: 25% !important;\n            max-width: 25% !important;\n            min-width: 25% !important;\n        }\n\n        #colibri-129-c11        dl:nth-of-type(4n +1 ) {\n            clear: both;\n        }\n\n        }@media (max-width: 767px) {        #colibri-129-c11        dl {\n            float: left;\n            width: 25% !important;\n            max-width: 25% !important;\n            min-width: 25% !important;\n        }\n\n        #colibri-129-c11        dl:nth-of-type(4n +1 ) {\n            clear: both;\n        }\n\n        }\n        #colibri-129-c11        .gallery-item {\n            position: relative;\n        }\n\n        \n    <\/style>\n    <div   class='colibri-129-c11-dls-wrapper gallery-items-wrapper' ><dl class='gallery-item masonry-item'>\n\t\t\t<dt class='gallery-icon portrait'>\n\t\t\t\t<a data-fancybox=\"colibri-129-c11-group\" href='https:\/\/hjss.mit-hosting01.dk\/wp-content\/uploads\/2024\/10\/117322025-1602589623234530-6950387913837791470-n_orig.jpg'><img loading=\"lazy\" decoding=\"async\"  width=\"225\" height=\"300\" src=\"https:\/\/hjss.mit-hosting01.dk\/wp-content\/uploads\/2024\/10\/117322025-1602589623234530-6950387913837791470-n_orig-225x300.jpg\"  class='colibri-129-c11-image' alt=\"\" srcset=\"https:\/\/hjss.mit-hosting01.dk\/wp-content\/uploads\/2024\/10\/117322025-1602589623234530-6950387913837791470-n_orig-225x300.jpg 225w, https:\/\/hjss.mit-hosting01.dk\/wp-content\/uploads\/2024\/10\/117322025-1602589623234530-6950387913837791470-n_orig.jpg 720w\" sizes=\"auto, (max-width: 225px) 100vw, 225px\" \/><\/a>\n\t\t\t<\/dt><\/dl><dl class='gallery-item masonry-item'>\n\t\t\t<dt class='gallery-icon portrait'>\n\t\t\t\t<a data-fancybox=\"colibri-129-c11-group\" href='https:\/\/hjss.mit-hosting01.dk\/wp-content\/uploads\/2024\/10\/117595139-1602589836567842-2169984813336468353-n_orig.jpg'><img loading=\"lazy\" decoding=\"async\"  width=\"225\" height=\"300\" src=\"https:\/\/hjss.mit-hosting01.dk\/wp-content\/uploads\/2024\/10\/117595139-1602589836567842-2169984813336468353-n_orig-225x300.jpg\"  class='colibri-129-c11-image' alt=\"\" srcset=\"https:\/\/hjss.mit-hosting01.dk\/wp-content\/uploads\/2024\/10\/117595139-1602589836567842-2169984813336468353-n_orig-225x300.jpg 225w, https:\/\/hjss.mit-hosting01.dk\/wp-content\/uploads\/2024\/10\/117595139-1602589836567842-2169984813336468353-n_orig.jpg 720w\" sizes=\"auto, (max-width: 225px) 100vw, 225px\" \/><\/a>\n\t\t\t<\/dt><\/dl><dl class='gallery-item masonry-item'>\n\t\t\t<dt class='gallery-icon portrait'>\n\t\t\t\t<a data-fancybox=\"colibri-129-c11-group\" href='https:\/\/hjss.mit-hosting01.dk\/wp-content\/uploads\/2024\/10\/121687871-1661921267301365-9006242231093097724-n_orig.jpg'><img loading=\"lazy\" decoding=\"async\"  width=\"225\" height=\"300\" src=\"https:\/\/hjss.mit-hosting01.dk\/wp-content\/uploads\/2024\/10\/121687871-1661921267301365-9006242231093097724-n_orig-225x300.jpg\"  class='colibri-129-c11-image' alt=\"\" srcset=\"https:\/\/hjss.mit-hosting01.dk\/wp-content\/uploads\/2024\/10\/121687871-1661921267301365-9006242231093097724-n_orig-225x300.jpg 225w, https:\/\/hjss.mit-hosting01.dk\/wp-content\/uploads\/2024\/10\/121687871-1661921267301365-9006242231093097724-n_orig.jpg 720w\" sizes=\"auto, (max-width: 225px) 100vw, 225px\" \/><\/a>\n\t\t\t<\/dt><\/dl><dl class='gallery-item masonry-item'>\n\t\t\t<dt class='gallery-icon portrait'>\n\t\t\t\t<a data-fancybox=\"colibri-129-c11-group\" href='https:\/\/hjss.mit-hosting01.dk\/wp-content\/uploads\/2024\/10\/121820068-1661921220634703-3979972982544767776-n_orig.jpg'><img loading=\"lazy\" decoding=\"async\"  width=\"225\" height=\"300\" src=\"https:\/\/hjss.mit-hosting01.dk\/wp-content\/uploads\/2024\/10\/121820068-1661921220634703-3979972982544767776-n_orig-225x300.jpg\"  class='colibri-129-c11-image' alt=\"\" srcset=\"https:\/\/hjss.mit-hosting01.dk\/wp-content\/uploads\/2024\/10\/121820068-1661921220634703-3979972982544767776-n_orig-225x300.jpg 225w, https:\/\/hjss.mit-hosting01.dk\/wp-content\/uploads\/2024\/10\/121820068-1661921220634703-3979972982544767776-n_orig.jpg 720w\" sizes=\"auto, (max-width: 225px) 100vw, 225px\" \/><\/a>\n\t\t\t<\/dt><\/dl><dl class='gallery-item masonry-item'>\n\t\t\t<dt class='gallery-icon portrait'>\n\t\t\t\t<a data-fancybox=\"colibri-129-c11-group\" href='https:\/\/hjss.mit-hosting01.dk\/wp-content\/uploads\/2024\/10\/121823344-1661921070634718-5753749413334093114-n_orig.jpg'><img loading=\"lazy\" decoding=\"async\"  width=\"225\" height=\"300\" src=\"https:\/\/hjss.mit-hosting01.dk\/wp-content\/uploads\/2024\/10\/121823344-1661921070634718-5753749413334093114-n_orig-225x300.jpg\"  class='colibri-129-c11-image' alt=\"\" srcset=\"https:\/\/hjss.mit-hosting01.dk\/wp-content\/uploads\/2024\/10\/121823344-1661921070634718-5753749413334093114-n_orig-225x300.jpg 225w, https:\/\/hjss.mit-hosting01.dk\/wp-content\/uploads\/2024\/10\/121823344-1661921070634718-5753749413334093114-n_orig.jpg 720w\" sizes=\"auto, (max-width: 225px) 100vw, 225px\" \/><\/a>\n\t\t\t<\/dt><\/dl>\n\t\t\t\n\t\t<\/div>\n<style>#colibri-129-c11 .wp-caption-text.gallery-caption{display:none;}<\/style><\/div><\/div>\n                <\/div>\n              <\/div>\n            <\/div>\n          <\/div>\n        <\/div>\n      <\/div>\n    <\/div>\n  <\/div>\n<\/div>","protected":false},"excerpt":{"rendered":"<p>Rotter forsager mange skader p\u00e5 kloaknettet. N\u00e5r man v\u00e6lger Hj\u00f8rring Skadedyrsservice, s\u00e5 bliver der stillet dygtige h\u00e5ndv\u00e6rkere til r\u00e5dighed for at opgaven bliver udf\u00f8rt nemt og bekvemt.<\/p>\n","protected":false},"author":1,"featured_media":0,"parent":0,"menu_order":0,"comment_status":"closed","ping_status":"closed","template":"page-templates\/full-width-page.php","meta":{"footnotes":""},"class_list":["post-129","page","type-page","status-publish","hentry"],"_links":{"self":[{"href":"https:\/\/hjss.mit-hosting01.dk\/index.php\/wp-json\/wp\/v2\/pages\/129","targetHints":{"allow":["GET"]}}],"collection":[{"href":"https:\/\/hjss.mit-hosting01.dk\/index.php\/wp-json\/wp\/v2\/pages"}],"about":[{"href":"https:\/\/hjss.mit-hosting01.dk\/index.php\/wp-json\/wp\/v2\/types\/page"}],"author":[{"embeddable":true,"href":"https:\/\/hjss.mit-hosting01.dk\/index.php\/wp-json\/wp\/v2\/users\/1"}],"replies":[{"embeddable":true,"href":"https:\/\/hjss.mit-hosting01.dk\/index.php\/wp-json\/wp\/v2\/comments?post=129"}],"version-history":[{"count":2,"href":"https:\/\/hjss.mit-hosting01.dk\/index.php\/wp-json\/wp\/v2\/pages\/129\/revisions"}],"predecessor-version":[{"id":311,"href":"https:\/\/hjss.mit-hosting01.dk\/index.php\/wp-json\/wp\/v2\/pages\/129\/revisions\/311"}],"wp:attachment":[{"href":"https:\/\/hjss.mit-hosting01.dk\/index.php\/wp-json\/wp\/v2\/media?parent=129"}],"curies":[{"name":"wp","href":"https:\/\/api.w.org\/{rel}","templated":true}]}}