{"id":131,"date":"2024-10-24T09:32:54","date_gmt":"2024-10-24T09:32:54","guid":{"rendered":"https:\/\/hjss.mit-hosting01.dk\/?page_id=131"},"modified":"2024-10-24T11:20:46","modified_gmt":"2024-10-24T11:20:46","slug":"mar-sikring","status":"publish","type":"page","link":"https:\/\/hjss.mit-hosting01.dk\/index.php\/mar-sikring\/","title":{"rendered":"M\u00e5r sikring"},"content":{"rendered":"<div data-colibri-id=\"131-c1\" class=\"style-443 style-local-131-c1 position-relative\">\n  <!---->\n  <div data-colibri-component=\"section\" data-colibri-id=\"131-c2\" id=\"custom\" class=\"h-section h-section-global-spacing d-flex align-items-lg-center align-items-md-center align-items-center style-444 style-local-131-c2 position-relative\">\n    <!---->\n    <!---->\n    <div class=\"h-section-grid-container h-section-boxed-container\">\n      <!---->\n      <div data-colibri-id=\"131-c5\" class=\"h-row-container gutters-row-lg-2 gutters-row-md-2 gutters-row-0 gutters-row-v-lg-2 gutters-row-v-md-2 gutters-row-v-2 style-447 style-local-131-c5 position-relative\">\n        <!---->\n        <div class=\"h-row justify-content-lg-center justify-content-md-center justify-content-center align-items-lg-stretch align-items-md-stretch align-items-stretch gutters-col-lg-2 gutters-col-md-2 gutters-col-0 gutters-col-v-lg-2 gutters-col-v-md-2 gutters-col-v-2\">\n          <!---->\n          <div class=\"h-column h-column-container d-flex h-col-lg-auto h-col-md-auto h-col-auto style-448-outer style-local-131-c6-outer\">\n            <div data-colibri-id=\"131-c6\" class=\"d-flex h-flex-basis h-column__inner h-px-lg-2 h-px-md-2 h-px-2 v-inner-lg-2 v-inner-md-2 v-inner-2 style-448 style-local-131-c6 position-relative\">\n              <!---->\n              <!---->\n              <div class=\"w-100 h-y-container h-column__content h-column__v-align flex-basis-100 align-self-lg-start align-self-md-start align-self-start\">\n                <!---->\n                <div data-colibri-id=\"131-c7\" class=\"page-title style-449 style-local-131-c7 position-relative h-element\">\n                  <!---->\n                  <div class=\"h-page-title__outer style-449-outer style-local-131-c7-outer\">\n                    <div class=\"h-global-transition-all\"><span><h1 style='margin-bottom:0'>M\u00e5r sikring<\/h1><\/span><\/div>\n                  <\/div>\n                <\/div>\n              <\/div>\n            <\/div>\n          <\/div>\n        <\/div>\n      <\/div>\n      <div data-colibri-id=\"131-c3\" class=\"h-row-container gutters-row-lg-2 gutters-row-md-2 gutters-row-0 gutters-row-v-lg-2 gutters-row-v-md-2 gutters-row-v-2 style-445 style-local-131-c3 position-relative\">\n        <!---->\n        <div class=\"h-row justify-content-lg-center justify-content-md-center justify-content-center align-items-lg-stretch align-items-md-stretch align-items-stretch gutters-col-lg-2 gutters-col-md-2 gutters-col-0 gutters-col-v-lg-2 gutters-col-v-md-2 gutters-col-v-2\">\n          <!---->\n          <div class=\"h-column h-column-container d-flex h-col-lg-auto h-col-md-auto h-col-auto style-446-outer style-local-131-c4-outer\">\n            <div data-colibri-id=\"131-c4\" class=\"d-flex h-flex-basis h-column__inner h-px-lg-2 h-px-md-2 h-px-2 v-inner-lg-2 v-inner-md-2 v-inner-2 style-446 style-local-131-c4 position-relative\">\n              <!---->\n              <!---->\n              <div class=\"w-100 h-y-container h-column__content h-column__v-align flex-basis-100 align-self-lg-start align-self-md-start align-self-start\">\n                <!---->\n                <div data-colibri-id=\"131-c8\" class=\"h-text h-text-component style-450 style-local-131-c8 position-relative h-element\">\n                  <!---->\n                  <!---->\n                  <div class=\"\">\n                    <p>M\u00e5ren forsager skader p\u00e5 isoleringen p\u00e5 loftet. Den larmer og rumsterer i huset n\u00e5r man gerne vil have fred. Hj\u00f8rring skadedyrsservice finder dens adgangsveje og forbedre jeres hus mod m\u00e5ren.<\/p>\n                  <\/div>\n                <\/div>\n              <\/div>\n            <\/div>\n          <\/div>\n        <\/div>\n      <\/div>\n      <div data-colibri-id=\"131-c9\" class=\"h-row-container gutters-row-lg-2 gutters-row-md-2 gutters-row-0 gutters-row-v-lg-2 gutters-row-v-md-2 gutters-row-v-2 style-451 style-local-131-c9 position-relative\">\n        <!---->\n        <div class=\"h-row justify-content-lg-center justify-content-md-center justify-content-center align-items-lg-stretch align-items-md-stretch align-items-stretch gutters-col-lg-2 gutters-col-md-2 gutters-col-0 gutters-col-v-lg-2 gutters-col-v-md-2 gutters-col-v-2\">\n          <!---->\n          <div class=\"h-column h-column-container d-flex h-col-lg-auto h-col-md-auto h-col-auto style-452-outer style-local-131-c10-outer\">\n            <div data-colibri-id=\"131-c10\" class=\"d-flex h-flex-basis h-column__inner h-px-lg-2 h-px-md-2 h-px-2 v-inner-lg-2 v-inner-md-2 v-inner-2 style-452 style-local-131-c10 position-relative\">\n              <!---->\n              <!---->\n              <div class=\"w-100 h-y-container h-column__content h-column__v-align flex-basis-100 align-self-lg-start align-self-md-start align-self-start\">\n                <!---->\n                <div data-colibri-component=\"masonry\" data-colibri-id=\"131-c11\" class=\"h-photo-gallery margin-none caption-none style-453 style-local-131-c11 position-relative h-element\">\n                  <!---->\n                  <div class=\"h-global-transition-all\"><div id='colibri-131-c11' class='gallery-wrapper'>    <style type=\"text\/css\">\n\n        @media (min-width: 1023px) {        #colibri-131-c11        dl {\n            float: left;\n            width: 25% !important;\n            max-width: 25% !important;\n            min-width: 25% !important;\n        }\n\n        #colibri-131-c11        dl:nth-of-type(4n +1 ) {\n            clear: both;\n        }\n\n        }@media (min-width: 768px) and (max-width: 1023px) {        #colibri-131-c11        dl {\n            float: left;\n            width: 25% !important;\n            max-width: 25% !important;\n            min-width: 25% !important;\n        }\n\n        #colibri-131-c11        dl:nth-of-type(4n +1 ) {\n            clear: both;\n        }\n\n        }@media (max-width: 767px) {        #colibri-131-c11        dl {\n            float: left;\n            width: 25% !important;\n            max-width: 25% !important;\n            min-width: 25% !important;\n        }\n\n        #colibri-131-c11        dl:nth-of-type(4n +1 ) {\n            clear: both;\n        }\n\n        }\n        #colibri-131-c11        .gallery-item {\n            position: relative;\n        }\n\n        \n    <\/style>\n    <div   class='colibri-131-c11-dls-wrapper gallery-items-wrapper' ><dl class='gallery-item masonry-item'>\n\t\t\t<dt class='gallery-icon portrait'>\n\t\t\t\t<a data-fancybox=\"colibri-131-c11-group\" href='https:\/\/hjss.mit-hosting01.dk\/wp-content\/uploads\/2024\/10\/80287839-1567068713453288-1210595391260724947-n_orig.jpg'><img loading=\"lazy\" decoding=\"async\"  width=\"225\" height=\"300\" src=\"https:\/\/hjss.mit-hosting01.dk\/wp-content\/uploads\/2024\/10\/80287839-1567068713453288-1210595391260724947-n_orig-225x300.jpg\"  class='colibri-131-c11-image' alt=\"\" srcset=\"https:\/\/hjss.mit-hosting01.dk\/wp-content\/uploads\/2024\/10\/80287839-1567068713453288-1210595391260724947-n_orig-225x300.jpg 225w, https:\/\/hjss.mit-hosting01.dk\/wp-content\/uploads\/2024\/10\/80287839-1567068713453288-1210595391260724947-n_orig.jpg 720w\" sizes=\"auto, (max-width: 225px) 100vw, 225px\" \/><\/a>\n\t\t\t<\/dt><\/dl><dl class='gallery-item masonry-item'>\n\t\t\t<dt class='gallery-icon portrait'>\n\t\t\t\t<a data-fancybox=\"colibri-131-c11-group\" href='https:\/\/hjss.mit-hosting01.dk\/wp-content\/uploads\/2024\/10\/104314839-1555755127917980-6798955728041569272-n_orig.jpg'><img loading=\"lazy\" decoding=\"async\"  width=\"225\" height=\"300\" src=\"https:\/\/hjss.mit-hosting01.dk\/wp-content\/uploads\/2024\/10\/104314839-1555755127917980-6798955728041569272-n_orig-225x300.jpg\"  class='colibri-131-c11-image' alt=\"\" srcset=\"https:\/\/hjss.mit-hosting01.dk\/wp-content\/uploads\/2024\/10\/104314839-1555755127917980-6798955728041569272-n_orig-225x300.jpg 225w, https:\/\/hjss.mit-hosting01.dk\/wp-content\/uploads\/2024\/10\/104314839-1555755127917980-6798955728041569272-n_orig.jpg 720w\" sizes=\"auto, (max-width: 225px) 100vw, 225px\" \/><\/a>\n\t\t\t<\/dt><\/dl><dl class='gallery-item masonry-item'>\n\t\t\t<dt class='gallery-icon portrait'>\n\t\t\t\t<a data-fancybox=\"colibri-131-c11-group\" href='https:\/\/hjss.mit-hosting01.dk\/wp-content\/uploads\/2024\/10\/106496780-1567068770119949-8879505447042883450-n_orig.jpg'><img loading=\"lazy\" decoding=\"async\"  width=\"225\" height=\"300\" src=\"https:\/\/hjss.mit-hosting01.dk\/wp-content\/uploads\/2024\/10\/106496780-1567068770119949-8879505447042883450-n_orig-225x300.jpg\"  class='colibri-131-c11-image' alt=\"\" srcset=\"https:\/\/hjss.mit-hosting01.dk\/wp-content\/uploads\/2024\/10\/106496780-1567068770119949-8879505447042883450-n_orig-225x300.jpg 225w, https:\/\/hjss.mit-hosting01.dk\/wp-content\/uploads\/2024\/10\/106496780-1567068770119949-8879505447042883450-n_orig.jpg 720w\" sizes=\"auto, (max-width: 225px) 100vw, 225px\" \/><\/a>\n\t\t\t<\/dt><\/dl><dl class='gallery-item masonry-item'>\n\t\t\t<dt class='gallery-icon portrait'>\n\t\t\t\t<a data-fancybox=\"colibri-131-c11-group\" href='https:\/\/hjss.mit-hosting01.dk\/wp-content\/uploads\/2024\/10\/120109295-1640397369453755-984584886181582688-n_orig.jpg'><img loading=\"lazy\" decoding=\"async\"  width=\"225\" height=\"300\" src=\"https:\/\/hjss.mit-hosting01.dk\/wp-content\/uploads\/2024\/10\/120109295-1640397369453755-984584886181582688-n_orig-225x300.jpg\"  class='colibri-131-c11-image' alt=\"\" srcset=\"https:\/\/hjss.mit-hosting01.dk\/wp-content\/uploads\/2024\/10\/120109295-1640397369453755-984584886181582688-n_orig-225x300.jpg 225w, https:\/\/hjss.mit-hosting01.dk\/wp-content\/uploads\/2024\/10\/120109295-1640397369453755-984584886181582688-n_orig.jpg 720w\" sizes=\"auto, (max-width: 225px) 100vw, 225px\" \/><\/a>\n\t\t\t<\/dt><\/dl>\n\t\t<\/div>\n<style>#colibri-131-c11 .wp-caption-text.gallery-caption{display:none;}<\/style><\/div><\/div>\n                <\/div>\n              <\/div>\n            <\/div>\n          <\/div>\n        <\/div>\n      <\/div>\n    <\/div>\n  <\/div>\n<\/div>","protected":false},"excerpt":{"rendered":"<p>M\u00e5ren forsager skader p\u00e5 isoleringen p\u00e5 loftet. Den larmer og rumsterer i huset n\u00e5r man gerne vil have fred. Hj\u00f8rring skadedyrsservice finder dens adgangsveje og forbedre jeres hus mod m\u00e5ren.<\/p>\n","protected":false},"author":1,"featured_media":0,"parent":0,"menu_order":0,"comment_status":"closed","ping_status":"closed","template":"page-templates\/full-width-page.php","meta":{"footnotes":""},"class_list":["post-131","page","type-page","status-publish","hentry"],"_links":{"self":[{"href":"https:\/\/hjss.mit-hosting01.dk\/index.php\/wp-json\/wp\/v2\/pages\/131","targetHints":{"allow":["GET"]}}],"collection":[{"href":"https:\/\/hjss.mit-hosting01.dk\/index.php\/wp-json\/wp\/v2\/pages"}],"about":[{"href":"https:\/\/hjss.mit-hosting01.dk\/index.php\/wp-json\/wp\/v2\/types\/page"}],"author":[{"embeddable":true,"href":"https:\/\/hjss.mit-hosting01.dk\/index.php\/wp-json\/wp\/v2\/users\/1"}],"replies":[{"embeddable":true,"href":"https:\/\/hjss.mit-hosting01.dk\/index.php\/wp-json\/wp\/v2\/comments?post=131"}],"version-history":[{"count":4,"href":"https:\/\/hjss.mit-hosting01.dk\/index.php\/wp-json\/wp\/v2\/pages\/131\/revisions"}],"predecessor-version":[{"id":336,"href":"https:\/\/hjss.mit-hosting01.dk\/index.php\/wp-json\/wp\/v2\/pages\/131\/revisions\/336"}],"wp:attachment":[{"href":"https:\/\/hjss.mit-hosting01.dk\/index.php\/wp-json\/wp\/v2\/media?parent=131"}],"curies":[{"name":"wp","href":"https:\/\/api.w.org\/{rel}","templated":true}]}}