{"id":362,"date":"2024-10-24T11:35:13","date_gmt":"2024-10-24T11:35:13","guid":{"rendered":"https:\/\/hjss.mit-hosting01.dk\/?page_id=362"},"modified":"2024-10-24T11:36:54","modified_gmt":"2024-10-24T11:36:54","slug":"skadedyr","status":"publish","type":"page","link":"https:\/\/hjss.mit-hosting01.dk\/index.php\/skadedyr\/","title":{"rendered":"Skadedyr"},"content":{"rendered":"<div data-colibri-id=\"362-c1\" class=\"style-478 style-local-362-c1 position-relative\">\n  <!---->\n  <div data-colibri-component=\"section\" data-colibri-id=\"362-c2\" id=\"custom\" class=\"h-section h-section-global-spacing d-flex align-items-lg-center align-items-md-center align-items-center style-479 style-local-362-c2 position-relative\">\n    <!---->\n    <!---->\n    <div class=\"h-section-grid-container h-section-boxed-container\">\n      <!---->\n      <div data-colibri-id=\"362-c6\" class=\"h-row-container gutters-row-lg-2 gutters-row-md-2 gutters-row-0 gutters-row-v-lg-2 gutters-row-v-md-2 gutters-row-v-2 style-483 style-local-362-c6 position-relative\">\n        <!---->\n        <div class=\"h-row justify-content-lg-center justify-content-md-center justify-content-center align-items-lg-stretch align-items-md-stretch align-items-stretch gutters-col-lg-2 gutters-col-md-2 gutters-col-0 gutters-col-v-lg-2 gutters-col-v-md-2 gutters-col-v-2\">\n          <!---->\n          <div class=\"h-column h-column-container d-flex h-col-lg-auto h-col-md-auto h-col-auto style-484-outer style-local-362-c7-outer\">\n            <div data-colibri-id=\"362-c7\" class=\"d-flex h-flex-basis h-column__inner h-px-lg-2 h-px-md-2 h-px-2 v-inner-lg-2 v-inner-md-2 v-inner-2 style-484 style-local-362-c7 position-relative\">\n              <!---->\n              <!---->\n              <div class=\"w-100 h-y-container h-column__content h-column__v-align flex-basis-100 align-self-lg-start align-self-md-start align-self-start\">\n                <!---->\n                <div data-colibri-id=\"362-c8\" class=\"page-title style-485 style-local-362-c8 position-relative h-element\">\n                  <!---->\n                  <div class=\"h-page-title__outer style-485-outer style-local-362-c8-outer\">\n                    <div class=\"h-global-transition-all\"><span><h1 style='margin-bottom:0'>Skadedyr<\/h1><\/span><\/div>\n                  <\/div>\n                <\/div>\n              <\/div>\n            <\/div>\n          <\/div>\n        <\/div>\n      <\/div>\n      <div data-colibri-id=\"362-c3\" class=\"h-row-container gutters-row-lg-2 gutters-row-md-2 gutters-row-0 gutters-row-v-lg-2 gutters-row-v-md-2 gutters-row-v-2 style-480 style-local-362-c3 position-relative\">\n        <!---->\n        <div class=\"h-row justify-content-lg-center justify-content-md-center justify-content-center align-items-lg-stretch align-items-md-stretch align-items-stretch gutters-col-lg-2 gutters-col-md-2 gutters-col-0 gutters-col-v-lg-2 gutters-col-v-md-2 gutters-col-v-2\">\n          <!---->\n          <div class=\"h-column h-column-container d-flex h-col-lg-auto h-col-md-auto h-col-auto style-481-outer style-local-362-c4-outer\">\n            <div data-colibri-id=\"362-c4\" class=\"d-flex h-flex-basis h-column__inner h-px-lg-2 h-px-md-2 h-px-2 v-inner-lg-2 v-inner-md-2 v-inner-2 style-481 style-local-362-c4 position-relative\">\n              <!---->\n              <!---->\n              <div class=\"w-100 h-y-container h-column__content h-column__v-align flex-basis-100 align-self-lg-start align-self-md-start align-self-start\">\n                <!---->\n                <div data-colibri-id=\"362-c5\" class=\"h-global-transition-all h-heading style-482 style-local-362-c5 position-relative h-element\">\n                  <!---->\n                  <div class=\"h-heading__outer style-482 style-local-362-c5\">\n                    <!---->\n                    <!---->\n                    <h2 class=\"\">Information om behandling<\/h2>\n                  <\/div>\n                <\/div>\n                <div data-colibri-id=\"362-c10\" class=\"h-global-transition-all h-heading style-487 style-local-362-c10 position-relative h-element\">\n                  <!---->\n                  <div class=\"h-heading__outer style-487 style-local-362-c10\">\n                    <!---->\n                    <!---->\n                    <h5 class=\"\">GOD IDE er at g\u00e5 sammen med naboer hvis det er muligt, det sparer k\u00f8rselsgebyr og en bedre pris!<\/h5>\n                  <\/div>\n                <\/div>\n                <div data-colibri-id=\"362-c9\" class=\"h-text h-text-component style-486 style-local-362-c9 position-relative h-element\">\n                  <!---->\n                  <!---->\n                  <div class=\"\">\n                    <p><strong>Den professionelle muldvarpe- og mosegrise f\u00e6lde<\/strong>\n                      <br>\n                      <br><span style=\"color: rgb(75, 79, 86);\">Denne danske, faktisk nordjyske muldvarpef\u00e6lde er noget af det bedste, der kan k\u00f8bes p\u00e5 det danske marked.<\/span>\n                      <br><span style=\"color: rgb(75, 79, 86);\">Den er specielt udviklet til at passe ind i muldvarpens gange. S\u00e5 uanset hvilke retninger muldvarpen graver, kan vejene blokeres med en f\u00e6lde i hvert hul.<\/span>\n                      <br><span style=\"color: rgb(75, 79, 86);\">\u200bDen er ogs\u00e5 udm\u00e6rket til at fange mosegrise med.<\/span>\n                      <br>\u200b\n                      <br><strong>\u00d8kologisk Landbrug:<\/strong>\n                      <br>P\u00e5 \u00f8kologiske landbrug m\u00e5 vi ikke anvende fosforbrinte, derfor skal der bruges en effektiv f\u00e6lde s\u00e5 kunden kan se at han f\u00e5r bek\u00e6mpet sine muldvarper hurtigt og effektivt.\n                      <br>\n                      <br>\n                      <br>\n                    <\/p>\n                    <p><strong>Desinficering med t\u00e5gemaskine:<br><br>Hvis du d\u00f8jer med husst\u00f8vmider og andre allegener vil en desinficering v\u00e6re rigtig godt for dig og du vil opn\u00e5 et bedre indeklima.<br>Det er fornuftigt at desinficere efter endt mus, rottebek\u00e6mpelse og opst\u00e5et kloakvand!<br>Eliminerer op til 99,9%<br><br>Desinficerer imod:<\/strong>\n                      <br>Vira, bakterier, sporer, svampe og g\u00e6r.\n                      <br>Husst\u00f8vmider, pollen partikler, E-Coli, salmonella, Norovirus, MRSA, influenza-virus.\n                      <br>\n                      <br><strong>Midlet vi anveneder er ikke skadeligt for dyr og mennesker. Kr\u00e6ver ikke skyldning efter endt behandling.<\/strong>\n                      <br>\n                      <br>\n                      <br>\n                    <\/p>\n                    <p><strong>G\u00e5sebiller og stankelben i haven:<\/strong>\n                      <br>Behandling mod g\u00e5sebiller i gr\u00e6spl\u00e6nen skal ske ved tromling. Tromling skal ske med en tung tromle for at g\u00f8re jorden kompakt. Det kan g\u00e5sebillen ikke lide at leve i. Troml hver gang du ser nye udbrud. Det tager nogen \u00e5r at blive\n                      fri, da \u00e6ggene overvintre i jorden.\n                      <br>\n                      <br>\n                    <\/p>\n                    <p><strong>Hvepsebo:<\/strong>\n                      <br>Fjernelse af hvepse kan ske giftfrit hvis det er muligt, ellers behandling med pulver pulverspr\u00f8jte.\n                      <br>\n                      <br>\n                    <\/p>\n                    <p><strong>Borebiller og husbukke:<\/strong>\n                      <br>Behandling mod tr\u00e6borende biller sker \u00e5ret rundt. Du kan ofte se sm\u00e5 huller i tr\u00e6v\u00e6rket. Aktive biller efterlader savsmuld.\n                      <br>\n                    <\/p>\n                    <p><strong>Muse Bek\u00e6mpelse:<\/strong>\n                      <br>Muse bek\u00e6mpelse kan ske \u00e5ret rundt. Dog s\u00f8ger de gerne ind i husene efter h\u00f8sten n\u00e5r f\u00f8den ude forsvinder.\n                      <br>Musene kan fanges i f\u00e6lder som dr\u00e6ber dem \u00f8jeblikkeligt, ellers fanger vi dem levende og genuds\u00e6tter dem i skoven.\n                      <br>\n                      <br>Det er en god ide at f\u00e5 en snak om at begr\u00e6nse musenes adgang til huset. Vi kan lukke hullerne ellers kan kunden tilk\u00f8be muse bremse fugemasse.\n                      <br>\n                      <br>HUSK AT F\u00c5 DESINFICERET EFTER ENDT BEHANDLING\n                      <br>\n                    <\/p>\n                    <p><strong>Kakerlakker:<\/strong>\n                      <br>Ved mistanke om kakerlakker bliver der opsat en lille f\u00e6lde med lokkemad i. Hvis der forefindes kakerlakker ligges der spisegift ud. Der skal ske l\u00f8bende kontrol med behandlingen.<\/p>\n                  <\/div>\n                <\/div>\n              <\/div>\n            <\/div>\n          <\/div>\n        <\/div>\n      <\/div>\n    <\/div>\n  <\/div>\n<\/div>","protected":false},"excerpt":{"rendered":"<p>Information om behandling GOD IDE er at g\u00e5 sammen med naboer hvis det er muligt, det sparer k\u00f8rselsgebyr og en bedre pris! Den professionelle muldvarpe- og mosegrise f\u00e6lde Denne danske, faktisk nordjyske muldvarpef\u00e6lde er noget af det bedste, der kan k\u00f8bes p\u00e5 det danske marked. Den er specielt udviklet til at passe ind i muldvarpens [&hellip;]<\/p>\n","protected":false},"author":1,"featured_media":0,"parent":0,"menu_order":0,"comment_status":"closed","ping_status":"closed","template":"page-templates\/full-width-page.php","meta":{"footnotes":""},"class_list":["post-362","page","type-page","status-publish","hentry"],"_links":{"self":[{"href":"https:\/\/hjss.mit-hosting01.dk\/index.php\/wp-json\/wp\/v2\/pages\/362","targetHints":{"allow":["GET"]}}],"collection":[{"href":"https:\/\/hjss.mit-hosting01.dk\/index.php\/wp-json\/wp\/v2\/pages"}],"about":[{"href":"https:\/\/hjss.mit-hosting01.dk\/index.php\/wp-json\/wp\/v2\/types\/page"}],"author":[{"embeddable":true,"href":"https:\/\/hjss.mit-hosting01.dk\/index.php\/wp-json\/wp\/v2\/users\/1"}],"replies":[{"embeddable":true,"href":"https:\/\/hjss.mit-hosting01.dk\/index.php\/wp-json\/wp\/v2\/comments?post=362"}],"version-history":[{"count":3,"href":"https:\/\/hjss.mit-hosting01.dk\/index.php\/wp-json\/wp\/v2\/pages\/362\/revisions"}],"predecessor-version":[{"id":373,"href":"https:\/\/hjss.mit-hosting01.dk\/index.php\/wp-json\/wp\/v2\/pages\/362\/revisions\/373"}],"wp:attachment":[{"href":"https:\/\/hjss.mit-hosting01.dk\/index.php\/wp-json\/wp\/v2\/media?parent=362"}],"curies":[{"name":"wp","href":"https:\/\/api.w.org\/{rel}","templated":true}]}}