{"id":379,"date":"2024-10-24T11:41:50","date_gmt":"2024-10-24T11:41:50","guid":{"rendered":"https:\/\/hjss.mit-hosting01.dk\/?page_id=379"},"modified":"2024-10-24T12:03:17","modified_gmt":"2024-10-24T12:03:17","slug":"mus-rotter","status":"publish","type":"page","link":"https:\/\/hjss.mit-hosting01.dk\/index.php\/mus-rotter\/","title":{"rendered":"Mus\/Rotter"},"content":{"rendered":"<div data-colibri-id=\"379-c1\" class=\"style-488 style-local-379-c1 position-relative\">\n  <!---->\n  <div data-colibri-component=\"section\" data-colibri-id=\"379-c2\" id=\"custom\" class=\"h-section h-section-global-spacing d-flex align-items-lg-center align-items-md-center align-items-center style-489 style-local-379-c2 position-relative\">\n    <!---->\n    <!---->\n    <div class=\"h-section-grid-container h-section-boxed-container\">\n      <!---->\n      <div data-colibri-id=\"379-c5\" class=\"h-row-container gutters-row-lg-2 gutters-row-md-2 gutters-row-0 gutters-row-v-lg-2 gutters-row-v-md-2 gutters-row-v-2 style-492 style-local-379-c5 position-relative\">\n        <!---->\n        <div class=\"h-row justify-content-lg-center justify-content-md-center justify-content-center align-items-lg-stretch align-items-md-stretch align-items-stretch gutters-col-lg-2 gutters-col-md-2 gutters-col-0 gutters-col-v-lg-2 gutters-col-v-md-2 gutters-col-v-2\">\n          <!---->\n          <div class=\"h-column h-column-container d-flex h-col-lg-auto h-col-md-auto h-col-auto style-493-outer style-local-379-c6-outer\">\n            <div data-colibri-id=\"379-c6\" class=\"d-flex h-flex-basis h-column__inner h-px-lg-2 h-px-md-2 h-px-2 v-inner-lg-2 v-inner-md-2 v-inner-2 style-493 style-local-379-c6 position-relative\">\n              <!---->\n              <!---->\n              <div class=\"w-100 h-y-container h-column__content h-column__v-align flex-basis-100 align-self-lg-start align-self-md-start align-self-start\">\n                <!---->\n                <div data-colibri-id=\"379-c7\" class=\"page-title style-494 style-local-379-c7 position-relative h-element\">\n                  <!---->\n                  <div class=\"h-page-title__outer style-494-outer style-local-379-c7-outer\">\n                    <div class=\"h-global-transition-all\"><span><h1 style='margin-bottom:0'>Mus\/Rotter<\/h1><\/span><\/div>\n                  <\/div>\n                <\/div>\n              <\/div>\n            <\/div>\n          <\/div>\n        <\/div>\n      <\/div>\n      <div data-colibri-id=\"379-c12\" class=\"h-row-container gutters-row-lg-2 gutters-row-md-2 gutters-row-0 gutters-row-v-lg-2 gutters-row-v-md-2 gutters-row-v-2 style-499 style-local-379-c12 position-relative\">\n        <!---->\n        <div class=\"h-row justify-content-lg-center justify-content-md-center justify-content-center align-items-lg-stretch align-items-md-stretch align-items-stretch gutters-col-lg-2 gutters-col-md-2 gutters-col-0 gutters-col-v-lg-2 gutters-col-v-md-2 gutters-col-v-2\">\n          <!---->\n          <div class=\"h-column h-column-container d-flex h-col-lg-auto h-col-md-auto h-col-auto style-500-outer style-local-379-c13-outer\">\n            <div data-colibri-id=\"379-c13\" class=\"d-flex h-flex-basis h-column__inner h-px-lg-0 h-px-md-0 h-px-0 v-inner-lg-0 v-inner-md-0 v-inner-0 style-500 style-local-379-c13 position-relative\">\n              <!---->\n              <!---->\n              <div class=\"w-100 h-y-container h-column__content h-column__v-align flex-basis-100 align-self-lg-start align-self-md-start align-self-start\">\n                <!---->\n                <div data-colibri-id=\"379-c14\" class=\"h-global-transition-all h-heading style-501 style-local-379-c14 position-relative h-element\">\n                  <!---->\n                  <div class=\"h-heading__outer style-501 style-local-379-c14\">\n                    <!---->\n                    <!---->\n                    <h3 class=\"\">NYHED: Rottehund i ultimo 2024<\/h3>\n                  <\/div>\n                <\/div>\n              <\/div>\n            <\/div>\n          <\/div>\n        <\/div>\n      <\/div>\n      <div data-colibri-id=\"379-c3\" class=\"h-row-container gutters-row-lg-0 gutters-row-md-0 gutters-row-0 gutters-row-v-lg-0 gutters-row-v-md-0 gutters-row-v-0 style-490 style-local-379-c3 position-relative\">\n        <!---->\n        <div class=\"h-row justify-content-lg-center justify-content-md-center justify-content-center align-items-lg-stretch align-items-md-stretch align-items-stretch gutters-col-lg-0 gutters-col-md-0 gutters-col-0 gutters-col-v-lg-0 gutters-col-v-md-0 gutters-col-v-0\">\n          <!---->\n          <div class=\"h-column h-column-container d-flex h-col-lg-auto h-col-md-auto h-col-auto style-491-outer style-local-379-c4-outer\">\n            <div data-colibri-id=\"379-c4\" class=\"d-flex h-flex-basis h-column__inner h-px-lg-2 h-px-md-2 h-px-2 v-inner-lg-2 v-inner-md-2 v-inner-2 style-491 style-local-379-c4 position-relative\">\n              <!---->\n              <!---->\n              <div class=\"w-100 h-y-container h-column__content h-column__v-align flex-basis-100 align-self-lg-start align-self-md-start align-self-start\">\n                <!---->\n                <div data-colibri-id=\"379-c11\" class=\"h-text h-text-component style-498 style-local-379-c11 position-relative h-element\">\n                  <!---->\n                  <!---->\n                  <div class=\"\">\n                    <p><span style=\"font-weight: 400; font-size: 20px; font-family: &quot;Quattrocento Sans&quot;, sans-serif; color: rgb(42, 42, 42);\">S\u00f8s er kommet til for at v\u00e6re Vendsyssels nye rottehund. Hun vil v\u00e6re med i bilen hver dag, og tr\u00e6nes l\u00f8bende for at sikre sin dygtighed. S\u00f8s skulle gerne indtr\u00e6de helt inden julen 2024.<\/span><\/p>\n                  <\/div>\n                <\/div>\n              <\/div>\n            <\/div>\n          <\/div>\n        <\/div>\n      <\/div>\n      <div data-colibri-id=\"379-c8\" class=\"h-row-container gutters-row-lg-2 gutters-row-md-2 gutters-row-0 gutters-row-v-lg-2 gutters-row-v-md-2 gutters-row-v-2 style-495 style-local-379-c8 position-relative\">\n        <!---->\n        <div class=\"h-row justify-content-lg-center justify-content-md-center justify-content-center align-items-lg-stretch align-items-md-stretch align-items-stretch gutters-col-lg-2 gutters-col-md-2 gutters-col-0 gutters-col-v-lg-2 gutters-col-v-md-2 gutters-col-v-2\">\n          <!---->\n          <div class=\"h-column h-column-container d-flex h-col-lg-auto h-col-md-auto h-col-auto style-496-outer style-local-379-c9-outer\">\n            <div data-colibri-id=\"379-c9\" class=\"d-flex h-flex-basis h-column__inner h-px-lg-2 h-px-md-2 h-px-2 v-inner-lg-2 v-inner-md-2 v-inner-2 style-496 style-local-379-c9 position-relative\">\n              <!---->\n              <!---->\n              <div class=\"w-100 h-y-container h-column__content h-column__v-align flex-basis-100 align-self-lg-start align-self-md-start align-self-start\">\n                <!---->\n                <div data-colibri-id=\"379-c10\" class=\"d-block style-497 style-local-379-c10 position-relative h-element\">\n                  <!---->\n                  <div class=\"h-image__frame-container-outer\">\n                    <div class=\"h-image__frame-container\">\n                      <!---->\n                      <!---->\n                      <img loading=\"lazy\" decoding=\"async\" width=\"1500\" height=\"2000\" src=\"https:\/\/hjss.mit-hosting01.dk\/wp-content\/uploads\/2024\/10\/Background.jpeg\" class=\"wp-image-108 style-497-image style-local-379-c10-image\" alt=\"\" srcset=\"https:\/\/hjss.mit-hosting01.dk\/wp-content\/uploads\/2024\/10\/Background.jpeg 1500w, https:\/\/hjss.mit-hosting01.dk\/wp-content\/uploads\/2024\/10\/Background-225x300.jpeg 225w, https:\/\/hjss.mit-hosting01.dk\/wp-content\/uploads\/2024\/10\/Background-768x1024.jpeg 768w, https:\/\/hjss.mit-hosting01.dk\/wp-content\/uploads\/2024\/10\/Background-1152x1536.jpeg 1152w\" sizes=\"auto, (max-width: 1500px) 100vw, 1500px\" \/>\n                      <div class=\"h-image__frame h-hide-lg h-hide-md h-hide-sm style-497-frameImage style-local-379-c10-frameImage\"><\/div>\n                    <\/div>\n                  <\/div>\n                <\/div>\n              <\/div>\n            <\/div>\n          <\/div>\n        <\/div>\n      <\/div>\n      <div data-colibri-id=\"379-c15\" class=\"h-row-container gutters-row-lg-2 gutters-row-md-2 gutters-row-0 gutters-row-v-lg-2 gutters-row-v-md-2 gutters-row-v-2 style-502 style-local-379-c15 position-relative\">\n        <!---->\n        <div class=\"h-row justify-content-lg-center justify-content-md-center justify-content-center align-items-lg-stretch align-items-md-stretch align-items-stretch gutters-col-lg-2 gutters-col-md-2 gutters-col-0 gutters-col-v-lg-2 gutters-col-v-md-2 gutters-col-v-2\">\n          <!---->\n          <div class=\"h-column h-column-container d-flex h-col-lg-auto h-col-md-auto h-col-auto style-503-outer style-local-379-c16-outer\">\n            <div data-colibri-id=\"379-c16\" class=\"d-flex h-flex-basis h-column__inner h-px-lg-2 h-px-md-2 h-px-2 v-inner-lg-2 v-inner-md-2 v-inner-2 style-503 style-local-379-c16 position-relative\">\n              <!---->\n              <!---->\n              <div class=\"w-100 h-y-container h-column__content h-column__v-align flex-basis-100 align-self-lg-start align-self-md-start align-self-start\">\n                <!---->\n                <div data-colibri-id=\"379-c18\" class=\"h-global-transition-all h-heading style-505 style-local-379-c18 position-relative h-element\">\n                  <!---->\n                  <div class=\"h-heading__outer style-505 style-local-379-c18\">\n                    <!---->\n                    <!---->\n                    <h4 class=\"\">Mus og Rotter<\/h4>\n                  <\/div>\n                <\/div>\n                <div data-colibri-id=\"379-c17\" class=\"h-text h-text-component style-504 style-local-379-c17 position-relative h-element\">\n                  <!---->\n                  <!---->\n                  <div class=\"\">\n                    <p>Mus er lige s\u00e5 farlige som andre smitte spredere som eksempel rotter. Musen er en gnaver, den elsker at spise el kabler og i skabene i k\u00f8kkenet. Musen er vandt til menneskelig f\u00e6rd og derfor flygter den ikke bare uden videre.\n                      <br>Der findes tre forskellige slags der kan forekomme i hjemmet.&nbsp;\n                      <br>Halsb\u00e5ndmus, markmus og husmus.&nbsp;\n                      <br>\n                      <br>\u200b<strong>FORVIRRING:<\/strong>\n                      <br>\u200bHalsb\u00e5ndsmus forveksles ofte med en rotte. Halsb\u00e5ndsmusen har st\u00f8rre \u00f8rer, den er hvis p\u00e5 maven ofte med et m\u00f8rkt b\u00e6lte mellem forbenene.&nbsp;\n                      <br>&nbsp;&nbsp;&nbsp;&nbsp;&nbsp;&nbsp;&nbsp;&nbsp;&nbsp;&nbsp;&nbsp;&nbsp;&nbsp;&nbsp;&nbsp;&nbsp;&nbsp;&nbsp;&nbsp;&nbsp;&nbsp;&nbsp;&nbsp;&nbsp;&nbsp;&nbsp;&nbsp;&nbsp;&nbsp;&nbsp;&nbsp;&nbsp;&nbsp;&nbsp;&nbsp;&nbsp;&nbsp;&nbsp;&nbsp;&nbsp;&nbsp;&nbsp;&nbsp;&nbsp;&nbsp;&nbsp;&nbsp;&nbsp;&nbsp;&nbsp;&nbsp;&nbsp;&nbsp;&nbsp;&nbsp;&nbsp;&nbsp;&nbsp;&nbsp;&nbsp;&nbsp;&nbsp;&nbsp;&nbsp;&nbsp;&nbsp;&nbsp;&nbsp;&nbsp;&nbsp;&nbsp;&nbsp;&nbsp;&nbsp;&nbsp;&nbsp;&nbsp;&nbsp;&nbsp;&nbsp;&nbsp;&nbsp;&nbsp;&nbsp;&nbsp;&nbsp;&nbsp;&nbsp;&nbsp;&nbsp;&nbsp;&nbsp;&nbsp;&nbsp;&nbsp;&nbsp;&nbsp;&nbsp;&nbsp;&nbsp;&nbsp;&nbsp;&nbsp;&nbsp;&nbsp;Rotte\n                      (Rattus norvegicus).\n                      <br>I Danmark og kaldet brunrotten. Rotten kan leve de mest skumle steder, gerne hvor man ikke rydder op, i kloakken eller p\u00e5 loftet i almindelig boliger.\n                      <br>\n                      <br>Rotten har brug for 3 essentielle ting for at kunne overleve, som skjul, f\u00f8de og vand. De stiller ikke de store krav for at kunne formere sig, men hunnen vil have et t\u00f8rt leje at have ungerne i.\n                      <br>\u200b\n                      <br>Efter endt bek\u00e6mpelse af mus&nbsp;og rotter i beboelse er det en god ting at f\u00e5 desinficeret de ber\u00f8rte omr\u00e5der.\n                      <br>\n                      <br><strong>LANDBRUG, INDUSTRI OG DET OFFENTLIGE, RING FOR EN GOD PRIS P\u00c5 EN AFTALE!<\/strong><\/p>\n                  <\/div>\n                <\/div>\n                <div data-colibri-component=\"masonry\" data-colibri-id=\"379-c19\" class=\"h-photo-gallery margin-none caption-none style-506 style-local-379-c19 position-relative h-element\">\n                  <!---->\n                  <div class=\"h-global-transition-all\"><div id='colibri-379-c19' class='gallery-wrapper'>    <style type=\"text\/css\">\n\n        @media (min-width: 1023px) {        #colibri-379-c19        dl {\n            float: left;\n            width: 33.333333333333% !important;\n            max-width: 33.333333333333% !important;\n            min-width: 33.333333333333% !important;\n        }\n\n        #colibri-379-c19        dl:nth-of-type(3n +1 ) {\n            clear: both;\n        }\n\n        }@media (min-width: 768px) and (max-width: 1023px) {        #colibri-379-c19        dl {\n            float: left;\n            width: 33.333333333333% !important;\n            max-width: 33.333333333333% !important;\n            min-width: 33.333333333333% !important;\n        }\n\n        #colibri-379-c19        dl:nth-of-type(3n +1 ) {\n            clear: both;\n        }\n\n        }@media (max-width: 767px) {        #colibri-379-c19        dl {\n            float: left;\n            width: 33.333333333333% !important;\n            max-width: 33.333333333333% !important;\n            min-width: 33.333333333333% !important;\n        }\n\n        #colibri-379-c19        dl:nth-of-type(3n +1 ) {\n            clear: both;\n        }\n\n        }\n        #colibri-379-c19        .gallery-item {\n            position: relative;\n        }\n\n        \n    <\/style>\n    <div   class='colibri-379-c19-dls-wrapper gallery-items-wrapper' ><dl class='gallery-item masonry-item'>\n\t\t\t<dt class='gallery-icon portrait'>\n\t\t\t\t<img loading=\"lazy\" decoding=\"async\"  width=\"300\" height=\"300\" src=\"https:\/\/hjss.mit-hosting01.dk\/wp-content\/uploads\/2024\/10\/cropped-Header_03-300x300.jpg\"  class='colibri-379-c19-image' alt=\"\" srcset=\"https:\/\/hjss.mit-hosting01.dk\/wp-content\/uploads\/2024\/10\/cropped-Header_03-300x300.jpg 300w, https:\/\/hjss.mit-hosting01.dk\/wp-content\/uploads\/2024\/10\/cropped-Header_03-150x150.jpg 150w, https:\/\/hjss.mit-hosting01.dk\/wp-content\/uploads\/2024\/10\/cropped-Header_03.jpg 767w\" sizes=\"auto, (max-width: 300px) 100vw, 300px\" \/>\n\t\t\t<\/dt><\/dl><dl class='gallery-item masonry-item'>\n\t\t\t<dt class='gallery-icon portrait'>\n\t\t\t\t<img loading=\"lazy\" decoding=\"async\"  width=\"225\" height=\"300\" src=\"https:\/\/hjss.mit-hosting01.dk\/wp-content\/uploads\/2024\/10\/halsb-ndsmus-225x300.jpg\"  class='colibri-379-c19-image' alt=\"\" srcset=\"https:\/\/hjss.mit-hosting01.dk\/wp-content\/uploads\/2024\/10\/halsb-ndsmus-225x300.jpg 225w, https:\/\/hjss.mit-hosting01.dk\/wp-content\/uploads\/2024\/10\/halsb-ndsmus.jpg 600w\" sizes=\"auto, (max-width: 225px) 100vw, 225px\" \/>\n\t\t\t<\/dt><\/dl><dl class='gallery-item masonry-item'>\n\t\t\t<dt class='gallery-icon portrait'>\n\t\t\t\t<img loading=\"lazy\" decoding=\"async\"  width=\"225\" height=\"300\" src=\"https:\/\/hjss.mit-hosting01.dk\/wp-content\/uploads\/2024\/10\/rotte_orig-225x300.jpg\"  class='colibri-379-c19-image' alt=\"\" srcset=\"https:\/\/hjss.mit-hosting01.dk\/wp-content\/uploads\/2024\/10\/rotte_orig-225x300.jpg 225w, https:\/\/hjss.mit-hosting01.dk\/wp-content\/uploads\/2024\/10\/rotte_orig.jpg 600w\" sizes=\"auto, (max-width: 225px) 100vw, 225px\" \/>\n\t\t\t<\/dt><\/dl>\n\t\t\t\n\t\t<\/div>\n<style>#colibri-379-c19 .wp-caption-text.gallery-caption{display:none;}<\/style><\/div><\/div>\n                <\/div>\n                <div data-colibri-id=\"379-c20\" class=\"d-block style-507 style-local-379-c20 position-relative h-element\">\n                  <!---->\n                  <div class=\"h-image__frame-container-outer\">\n                    <div class=\"h-image__frame-container\">\n                      <!---->\n                      <!---->\n                      <img loading=\"lazy\" decoding=\"async\" width=\"1100\" height=\"495\" src=\"https:\/\/hjss.mit-hosting01.dk\/wp-content\/uploads\/2024\/10\/colourbox6997335_1_orig.jpg\" class=\"wp-image-460 style-507-image style-local-379-c20-image\" alt=\"\" srcset=\"https:\/\/hjss.mit-hosting01.dk\/wp-content\/uploads\/2024\/10\/colourbox6997335_1_orig.jpg 1100w, https:\/\/hjss.mit-hosting01.dk\/wp-content\/uploads\/2024\/10\/colourbox6997335_1_orig-300x135.jpg 300w, https:\/\/hjss.mit-hosting01.dk\/wp-content\/uploads\/2024\/10\/colourbox6997335_1_orig-1024x461.jpg 1024w, https:\/\/hjss.mit-hosting01.dk\/wp-content\/uploads\/2024\/10\/colourbox6997335_1_orig-768x346.jpg 768w\" sizes=\"auto, (max-width: 1100px) 100vw, 1100px\" \/>\n                      <div class=\"h-image__frame h-hide-lg h-hide-md h-hide-sm style-507-frameImage style-local-379-c20-frameImage\"><\/div>\n                    <\/div>\n                  <\/div>\n                <\/div>\n              <\/div>\n            <\/div>\n          <\/div>\n        <\/div>\n      <\/div>\n    <\/div>\n  <\/div>\n<\/div>","protected":false},"excerpt":{"rendered":"<p>NYHED: Rottehund i ultimo 2024 S\u00f8s er kommet til for at v\u00e6re Vendsyssels nye rottehund. Hun vil v\u00e6re med i bilen hver dag, og tr\u00e6nes l\u00f8bende for at sikre sin dygtighed. S\u00f8s skulle gerne indtr\u00e6de helt inden julen 2024. Mus og Rotter Mus er lige s\u00e5 farlige som andre smitte spredere som eksempel rotter. Musen [&hellip;]<\/p>\n","protected":false},"author":1,"featured_media":0,"parent":0,"menu_order":0,"comment_status":"closed","ping_status":"closed","template":"page-templates\/full-width-page.php","meta":{"footnotes":""},"class_list":["post-379","page","type-page","status-publish","hentry"],"_links":{"self":[{"href":"https:\/\/hjss.mit-hosting01.dk\/index.php\/wp-json\/wp\/v2\/pages\/379","targetHints":{"allow":["GET"]}}],"collection":[{"href":"https:\/\/hjss.mit-hosting01.dk\/index.php\/wp-json\/wp\/v2\/pages"}],"about":[{"href":"https:\/\/hjss.mit-hosting01.dk\/index.php\/wp-json\/wp\/v2\/types\/page"}],"author":[{"embeddable":true,"href":"https:\/\/hjss.mit-hosting01.dk\/index.php\/wp-json\/wp\/v2\/users\/1"}],"replies":[{"embeddable":true,"href":"https:\/\/hjss.mit-hosting01.dk\/index.php\/wp-json\/wp\/v2\/comments?post=379"}],"version-history":[{"count":2,"href":"https:\/\/hjss.mit-hosting01.dk\/index.php\/wp-json\/wp\/v2\/pages\/379\/revisions"}],"predecessor-version":[{"id":462,"href":"https:\/\/hjss.mit-hosting01.dk\/index.php\/wp-json\/wp\/v2\/pages\/379\/revisions\/462"}],"wp:attachment":[{"href":"https:\/\/hjss.mit-hosting01.dk\/index.php\/wp-json\/wp\/v2\/media?parent=379"}],"curies":[{"name":"wp","href":"https:\/\/api.w.org\/{rel}","templated":true}]}}