{"id":381,"date":"2024-10-24T11:42:04","date_gmt":"2024-10-24T11:42:04","guid":{"rendered":"https:\/\/hjss.mit-hosting01.dk\/?page_id=381"},"modified":"2024-10-24T12:09:11","modified_gmt":"2024-10-24T12:09:11","slug":"muldvarpen","status":"publish","type":"page","link":"https:\/\/hjss.mit-hosting01.dk\/index.php\/muldvarpen\/","title":{"rendered":"Muldvarpen"},"content":{"rendered":"<div data-colibri-id=\"381-c1\" class=\"style-517 style-local-381-c1 position-relative\">\n  <!---->\n  <div data-colibri-component=\"section\" data-colibri-id=\"381-c2\" id=\"custom\" class=\"h-section h-section-global-spacing d-flex align-items-lg-center align-items-md-center align-items-center style-518 style-local-381-c2 position-relative\">\n    <!---->\n    <!---->\n    <div class=\"h-section-grid-container h-section-boxed-container\">\n      <!---->\n      <div data-colibri-id=\"381-c3\" class=\"h-row-container gutters-row-lg-2 gutters-row-md-2 gutters-row-0 gutters-row-v-lg-2 gutters-row-v-md-2 gutters-row-v-2 style-519 style-local-381-c3 position-relative\">\n        <!---->\n        <div class=\"h-row justify-content-lg-center justify-content-md-center justify-content-center align-items-lg-stretch align-items-md-stretch align-items-stretch gutters-col-lg-2 gutters-col-md-2 gutters-col-0 gutters-col-v-lg-2 gutters-col-v-md-2 gutters-col-v-2\">\n          <!---->\n          <div class=\"h-column h-column-container d-flex h-col-lg-auto h-col-md-auto h-col-auto style-520-outer style-local-381-c4-outer\">\n            <div data-colibri-id=\"381-c4\" class=\"d-flex h-flex-basis h-column__inner h-px-lg-2 h-px-md-2 h-px-2 v-inner-lg-2 v-inner-md-2 v-inner-2 style-520 style-local-381-c4 position-relative\">\n              <!---->\n              <!---->\n              <div class=\"w-100 h-y-container h-column__content h-column__v-align flex-basis-100 align-self-lg-start align-self-md-start align-self-start\">\n                <!---->\n                <div data-colibri-id=\"381-c5\" class=\"page-title style-521 style-local-381-c5 position-relative h-element\">\n                  <!---->\n                  <div class=\"h-page-title__outer style-521-outer style-local-381-c5-outer\">\n                    <div class=\"h-global-transition-all\"><span><h1 style='margin-bottom:0'>Muldvarpen<\/h1><\/span><\/div>\n                  <\/div>\n                <\/div>\n              <\/div>\n            <\/div>\n          <\/div>\n        <\/div>\n      <\/div>\n    <\/div>\n  <\/div>\n  <div data-colibri-component=\"section\" data-colibri-id=\"381-c6\" id=\"custom-2\" class=\"h-section h-section-global-spacing d-flex align-items-lg-center align-items-md-center align-items-center style-522 style-local-381-c6 position-relative\">\n    <!---->\n    <!---->\n    <div class=\"h-section-grid-container h-section-boxed-container\">\n      <!---->\n      <div data-colibri-id=\"381-c7\" class=\"h-row-container gutters-row-lg-2 gutters-row-md-2 gutters-row-0 gutters-row-v-lg-2 gutters-row-v-md-2 gutters-row-v-2 style-523 style-local-381-c7 position-relative\">\n        <!---->\n        <div class=\"h-row justify-content-lg-center justify-content-md-center justify-content-center align-items-lg-stretch align-items-md-stretch align-items-stretch gutters-col-lg-2 gutters-col-md-2 gutters-col-0 gutters-col-v-lg-2 gutters-col-v-md-2 gutters-col-v-2\">\n          <!---->\n          <div class=\"h-column h-column-container d-flex h-col-lg-auto h-col-md-auto h-col-auto style-524-outer style-local-381-c8-outer\">\n            <div data-colibri-id=\"381-c8\" class=\"d-flex h-flex-basis h-column__inner h-px-lg-2 h-px-md-2 h-px-2 v-inner-lg-2 v-inner-md-2 v-inner-2 style-524 style-local-381-c8 position-relative\">\n              <!---->\n              <!---->\n              <div class=\"w-100 h-y-container h-column__content h-column__v-align flex-basis-100 align-self-lg-start align-self-md-start align-self-start\">\n                <!---->\n                <div data-colibri-id=\"381-c9\" class=\"h-text h-text-component style-525 style-local-381-c9 position-relative h-element\">\n                  <!---->\n                  <!---->\n                  <div class=\"\">\n                    <p>Muldvarpen er et pattedyr som skaber gange under jorden, jorden bliver presset op i en tue, som de fleste kender fra jeres gr\u00e6spl\u00e6ne.&nbsp;\n                      <br>Den betegnes som nyttedyr fordi den lufter jorden som hj\u00e6lper til en bedre biodiversitet. Dog f\u00f8ler de fleste den som en plage.\n                      <br>\n                      <br>Dens f\u00f8de er regnorme, larver og andre insekter som den kan finde i jorden.&nbsp;\n                      <br>\n                      <br>I marts m\u00e5ned begynder hannen at s\u00f8ge efter hunnen. Hunnen kommer i brunst i marts m\u00e5ned og g\u00e5r dr\u00e6gtig i cirka 4 uger, hvorefter den f\u00f8der 2-6 unger.&nbsp;&nbsp;&nbsp;&nbsp;&nbsp;&nbsp;&nbsp;&nbsp;&nbsp;&nbsp;&nbsp;&nbsp;&nbsp;&nbsp;&nbsp;&nbsp;&nbsp;&nbsp;&nbsp;&nbsp;&nbsp;&nbsp;&nbsp;&nbsp;&nbsp;&nbsp;&nbsp;&nbsp;&nbsp;&nbsp;&nbsp;&nbsp;&nbsp;&nbsp;&nbsp;&nbsp;&nbsp;&nbsp;&nbsp;&nbsp;&nbsp;&nbsp;&nbsp;&nbsp;&nbsp;&nbsp;&nbsp;&nbsp;&nbsp;&nbsp;&nbsp;&nbsp;&nbsp;&nbsp;&nbsp;&nbsp;&nbsp;&nbsp;&nbsp;&nbsp;&nbsp;&nbsp;&nbsp;&nbsp;&nbsp;&nbsp;&nbsp;&nbsp;&nbsp;&nbsp;&nbsp;&nbsp;&nbsp;&nbsp;&nbsp;&nbsp;&nbsp;&nbsp;&nbsp;\n                      <br>\n                      <br><span style=\"font-weight: 400; font-size: 20px; font-family: &quot;Quattrocento Sans&quot;, sans-serif; color: rgb(42, 42, 42);\">S\u00e5dan foreg\u00e5r det:<\/span>\n                      <br><span style=\"font-weight: 400; font-size: 20px; font-family: &quot;Quattrocento Sans&quot;, sans-serif; color: rgb(42, 42, 42);\">F\u00e6lderne bliver sat en dag. Herefter tjekkes f\u00e6lderne med et ekstra servicebes\u00f8g. Ofte er de fanget efter f\u00f8rste gang, men af og til skal der ekstra bes\u00f8g til.<\/span><\/p>\n                  <\/div>\n                <\/div>\n              <\/div>\n            <\/div>\n          <\/div>\n        <\/div>\n      <\/div>\n      <div data-colibri-id=\"381-c10\" class=\"h-row-container gutters-row-lg-2 gutters-row-md-2 gutters-row-0 gutters-row-v-lg-2 gutters-row-v-md-2 gutters-row-v-2 style-526 style-local-381-c10 position-relative\">\n        <!---->\n        <div class=\"h-row justify-content-lg-center justify-content-md-center justify-content-center align-items-lg-stretch align-items-md-stretch align-items-stretch gutters-col-lg-2 gutters-col-md-2 gutters-col-0 gutters-col-v-lg-2 gutters-col-v-md-2 gutters-col-v-2\">\n          <!---->\n          <div class=\"h-column h-column-container d-flex h-col-lg-auto h-col-md-auto h-col-auto style-527-outer style-local-381-c11-outer\">\n            <div data-colibri-id=\"381-c11\" class=\"d-flex h-flex-basis h-column__inner h-px-lg-2 h-px-md-2 h-px-2 v-inner-lg-2 v-inner-md-2 v-inner-2 style-527 style-local-381-c11 position-relative\">\n              <!---->\n              <!---->\n              <div class=\"w-100 h-y-container h-column__content h-column__v-align flex-basis-100 align-self-lg-start align-self-md-start align-self-start\">\n                <!---->\n                <div data-colibri-component=\"masonry\" data-colibri-id=\"381-c12\" class=\"h-photo-gallery margin-none caption-none style-528 style-local-381-c12 position-relative h-element\">\n                  <!---->\n                  <div class=\"h-global-transition-all\"><div id='colibri-381-c12' class='gallery-wrapper'>    <style type=\"text\/css\">\n\n        @media (min-width: 1023px) {        #colibri-381-c12        dl {\n            float: left;\n            width: 50% !important;\n            max-width: 50% !important;\n            min-width: 50% !important;\n        }\n\n        #colibri-381-c12        dl:nth-of-type(2n +1 ) {\n            clear: both;\n        }\n\n        }@media (min-width: 768px) and (max-width: 1023px) {        #colibri-381-c12        dl {\n            float: left;\n            width: 50% !important;\n            max-width: 50% !important;\n            min-width: 50% !important;\n        }\n\n        #colibri-381-c12        dl:nth-of-type(2n +1 ) {\n            clear: both;\n        }\n\n        }@media (max-width: 767px) {        #colibri-381-c12        dl {\n            float: left;\n            width: 50% !important;\n            max-width: 50% !important;\n            min-width: 50% !important;\n        }\n\n        #colibri-381-c12        dl:nth-of-type(2n +1 ) {\n            clear: both;\n        }\n\n        }\n        #colibri-381-c12        .gallery-item {\n            position: relative;\n        }\n\n        \n    <\/style>\n    <div   class='colibri-381-c12-dls-wrapper gallery-items-wrapper' ><dl class='gallery-item masonry-item'>\n\t\t\t<dt class='gallery-icon portrait'>\n\t\t\t\t<a data-fancybox=\"colibri-381-c12-group\" href='https:\/\/hjss.mit-hosting01.dk\/wp-content\/uploads\/2024\/10\/img-20180118-155652_2_orig.jpg'><img loading=\"lazy\" decoding=\"async\"  width=\"225\" height=\"300\" src=\"https:\/\/hjss.mit-hosting01.dk\/wp-content\/uploads\/2024\/10\/img-20180118-155652_2_orig-225x300.jpg\"  class='colibri-381-c12-image' alt=\"\" srcset=\"https:\/\/hjss.mit-hosting01.dk\/wp-content\/uploads\/2024\/10\/img-20180118-155652_2_orig-225x300.jpg 225w, https:\/\/hjss.mit-hosting01.dk\/wp-content\/uploads\/2024\/10\/img-20180118-155652_2_orig.jpg 600w\" sizes=\"auto, (max-width: 225px) 100vw, 225px\" \/><\/a>\n\t\t\t<\/dt><\/dl><dl class='gallery-item masonry-item'>\n\t\t\t<dt class='gallery-icon portrait'>\n\t\t\t\t<a data-fancybox=\"colibri-381-c12-group\" href='https:\/\/hjss.mit-hosting01.dk\/wp-content\/uploads\/2024\/10\/muldvarp_orig.jpg'><img loading=\"lazy\" decoding=\"async\"  width=\"225\" height=\"300\" src=\"https:\/\/hjss.mit-hosting01.dk\/wp-content\/uploads\/2024\/10\/muldvarp_orig-225x300.jpg\"  class='colibri-381-c12-image' alt=\"\" srcset=\"https:\/\/hjss.mit-hosting01.dk\/wp-content\/uploads\/2024\/10\/muldvarp_orig-225x300.jpg 225w, https:\/\/hjss.mit-hosting01.dk\/wp-content\/uploads\/2024\/10\/muldvarp_orig.jpg 720w\" sizes=\"auto, (max-width: 225px) 100vw, 225px\" \/><\/a>\n\t\t\t<\/dt><\/dl>\n\t\t\t\n\t\t<\/div>\n<style>#colibri-381-c12 .wp-caption-text.gallery-caption{display:none;}<\/style><\/div><\/div>\n                <\/div>\n              <\/div>\n            <\/div>\n          <\/div>\n        <\/div>\n      <\/div>\n    <\/div>\n  <\/div>\n<\/div>","protected":false},"excerpt":{"rendered":"<p>Muldvarpen er et pattedyr som skaber gange under jorden, jorden bliver presset op i en tue, som de fleste kender fra jeres gr\u00e6spl\u00e6ne.&nbsp; Den betegnes som nyttedyr fordi den lufter jorden som hj\u00e6lper til en bedre biodiversitet. Dog f\u00f8ler de fleste den som en plage. Dens f\u00f8de er regnorme, larver og andre insekter som den [&hellip;]<\/p>\n","protected":false},"author":1,"featured_media":0,"parent":0,"menu_order":0,"comment_status":"closed","ping_status":"closed","template":"page-templates\/full-width-page.php","meta":{"footnotes":""},"class_list":["post-381","page","type-page","status-publish","hentry"],"_links":{"self":[{"href":"https:\/\/hjss.mit-hosting01.dk\/index.php\/wp-json\/wp\/v2\/pages\/381","targetHints":{"allow":["GET"]}}],"collection":[{"href":"https:\/\/hjss.mit-hosting01.dk\/index.php\/wp-json\/wp\/v2\/pages"}],"about":[{"href":"https:\/\/hjss.mit-hosting01.dk\/index.php\/wp-json\/wp\/v2\/types\/page"}],"author":[{"embeddable":true,"href":"https:\/\/hjss.mit-hosting01.dk\/index.php\/wp-json\/wp\/v2\/users\/1"}],"replies":[{"embeddable":true,"href":"https:\/\/hjss.mit-hosting01.dk\/index.php\/wp-json\/wp\/v2\/comments?post=381"}],"version-history":[{"count":4,"href":"https:\/\/hjss.mit-hosting01.dk\/index.php\/wp-json\/wp\/v2\/pages\/381\/revisions"}],"predecessor-version":[{"id":492,"href":"https:\/\/hjss.mit-hosting01.dk\/index.php\/wp-json\/wp\/v2\/pages\/381\/revisions\/492"}],"wp:attachment":[{"href":"https:\/\/hjss.mit-hosting01.dk\/index.php\/wp-json\/wp\/v2\/media?parent=381"}],"curies":[{"name":"wp","href":"https:\/\/api.w.org\/{rel}","templated":true}]}}