{"id":385,"date":"2024-10-24T11:42:26","date_gmt":"2024-10-24T11:42:26","guid":{"rendered":"https:\/\/hjss.mit-hosting01.dk\/?page_id=385"},"modified":"2024-10-24T12:15:52","modified_gmt":"2024-10-24T12:15:52","slug":"solvfisk","status":"publish","type":"page","link":"https:\/\/hjss.mit-hosting01.dk\/index.php\/solvfisk\/","title":{"rendered":"S\u00f8lvfisk"},"content":{"rendered":"<div data-colibri-id=\"385-c1\" class=\"style-543 style-local-385-c1 position-relative\">\n  <!---->\n  <div data-colibri-component=\"section\" data-colibri-id=\"385-c2\" id=\"custom\" class=\"h-section h-section-global-spacing d-flex align-items-lg-center align-items-md-center align-items-center style-544 style-local-385-c2 position-relative\">\n    <!---->\n    <!---->\n    <div class=\"h-section-grid-container h-section-boxed-container\">\n      <!---->\n      <div data-colibri-id=\"385-c5\" class=\"h-row-container gutters-row-lg-2 gutters-row-md-2 gutters-row-0 gutters-row-v-lg-2 gutters-row-v-md-2 gutters-row-v-2 style-547 style-local-385-c5 position-relative\">\n        <!---->\n        <div class=\"h-row justify-content-lg-center justify-content-md-center justify-content-center align-items-lg-stretch align-items-md-stretch align-items-stretch gutters-col-lg-2 gutters-col-md-2 gutters-col-0 gutters-col-v-lg-2 gutters-col-v-md-2 gutters-col-v-2\">\n          <!---->\n          <div class=\"h-column h-column-container d-flex h-col-lg-auto h-col-md-auto h-col-auto style-548-outer style-local-385-c6-outer\">\n            <div data-colibri-id=\"385-c6\" class=\"d-flex h-flex-basis h-column__inner h-px-lg-2 h-px-md-2 h-px-2 v-inner-lg-2 v-inner-md-2 v-inner-2 style-548 style-local-385-c6 position-relative\">\n              <!---->\n              <!---->\n              <div class=\"w-100 h-y-container h-column__content h-column__v-align flex-basis-100 align-self-lg-start align-self-md-start align-self-start\">\n                <!---->\n                <div data-colibri-id=\"385-c7\" class=\"page-title style-549 style-local-385-c7 position-relative h-element\">\n                  <!---->\n                  <div class=\"h-page-title__outer style-549-outer style-local-385-c7-outer\">\n                    <div class=\"h-global-transition-all\"><span><h1 style='margin-bottom:0'>S\u00f8lvfisk<\/h1><\/span><\/div>\n                  <\/div>\n                <\/div>\n              <\/div>\n            <\/div>\n          <\/div>\n        <\/div>\n      <\/div>\n      <div data-colibri-id=\"385-c3\" class=\"h-row-container gutters-row-lg-2 gutters-row-md-2 gutters-row-0 gutters-row-v-lg-2 gutters-row-v-md-2 gutters-row-v-2 style-545 style-local-385-c3 position-relative\">\n        <!---->\n        <div class=\"h-row justify-content-lg-center justify-content-md-center justify-content-center align-items-lg-stretch align-items-md-stretch align-items-stretch gutters-col-lg-2 gutters-col-md-2 gutters-col-0 gutters-col-v-lg-2 gutters-col-v-md-2 gutters-col-v-2\">\n          <!---->\n          <div class=\"h-column h-column-container d-flex h-col-lg-auto h-col-md-auto h-col-auto style-546-outer style-local-385-c4-outer\">\n            <div data-colibri-id=\"385-c4\" class=\"d-flex h-flex-basis h-column__inner h-px-lg-2 h-px-md-2 h-px-2 v-inner-lg-2 v-inner-md-2 v-inner-2 style-546 style-local-385-c4 position-relative\">\n              <!---->\n              <!---->\n              <div class=\"w-100 h-y-container h-column__content h-column__v-align flex-basis-100 align-self-lg-start align-self-md-start align-self-start\">\n                <!---->\n                <div data-colibri-id=\"385-c8\" class=\"h-text h-text-component style-550 style-local-385-c8 position-relative h-element\">\n                  <!---->\n                  <!---->\n                  <div class=\"\">\n                    <p><span style=\"font-weight: 400; font-size: 20px; font-family: &quot;Quattrocento Sans&quot;, sans-serif; color: rgb(255, 255, 255);\">\u200b<\/span><span style=\"font-weight: 400; font-size: 20px; font-family: &quot;Quattrocento Sans&quot;, sans-serif; color: rgb(0, 0, 0);\">Kropsl\u00e6ngden p\u00e5 en voksen s\u00f8lvfisk er ca. en centimeter. Dens antenner er lange og tr\u00e5dlignende. Den har f\u00f8dder p\u00e5 to, tre eller fire af benene. Det metalliske sk\u00e6r p\u00e5 kroppen skyldes dens s\u00f8lvfarvede sk\u00e6l, som den f\u00e5r efter sit tredje hamskifte.&nbsp;Udbredelse i hele Danmark<\/span>\n                      <br><strong style=\"font-size: 20px; font-family: &quot;Quattrocento Sans&quot;, sans-serif; color: rgb(0, 0, 0);\">Biologi<\/strong>\n                      <br><span style=\"color: rgb(0, 0, 0); font-weight: 400; font-size: 20px; font-family: &quot;Quattrocento Sans&quot;, sans-serif;\">Afh\u00e6ngigt af dens levested kan en s\u00f8lvfisk blive voksen indenfor et tidsrum af fire m\u00e5neder til 3 \u00e5r. I stuetemperatur bliver den et voksent insekt indenfor et \u00e5r. En s\u00f8lvfisk kan blive op til 8 \u00e5r gammel. En s\u00f8lvfisk, der opn\u00e5r den maksimale levetid, skifter ham cirka otte gange. Eftersom den vedbliver at vokse, kan den hamskifte 4 gange p\u00e5 et \u00e5r. N\u00e5r temperaturen er mellem 25 og 30 grader celsius, vil hunnen l\u00e6gge cirka en snes \u00e6g, som regel i spr\u00e6kker eller lignende. S\u00f8lvfisken kan ikke formere sig i et koldt og t\u00f8rt milj\u00f8.<\/span>\n                      <br><span style=\"color: rgb(0, 0, 0); font-weight: 400; font-size: 20px; font-family: &quot;Quattrocento Sans&quot;, sans-serif;\">S\u00f8lvfisk er lyssky, de skjuler sig om dagen i revner og spr\u00e6kker, men kommer frem om natten for at s\u00f8ge f\u00f8de. Man kan da st\u00f8de p\u00e5 dem og se dem pile i d\u00e6kning, n\u00e5r lyset t\u00e6ndes. S\u00f8lvfisk kr\u00e6ver nogen fugtighed, s\u00e5 det er is\u00e6r i badev\u00e6relser og k\u00f8kkener, man ser dem. Da de ikke er i stand til at klatre op ad glatte, lodrette flader, bliver de ofte fanget i badekar, kummer, sk\u00e5le osv.<\/span>\n                      <br><span style=\"color: rgb(0, 0, 0); font-weight: 400; font-size: 20px; font-family: &quot;Quattrocento Sans&quot;, sans-serif;\">S\u00f8lvfisk kan leve af lidt af hvert. Sukker og stivelse er de meget glade for, det sidste forklarer deres fork\u00e6rlighed for tapetklister. Deres behov for protein d\u00e6kker de overvejende ved at \u00e6de d\u00f8de insekter. S\u00f8lvfisk kan g\u00f8re skade p\u00e5 papir, is\u00e6r n\u00e5r det er fugtigt. De kan i nogen udstr\u00e6kning ford\u00f8je cellulosen, men udnytter nok i h\u00f8jere grad de mug- og skimmelsvampe, som trives i fugtigt papir.<\/span>\n                      <br><strong style=\"font-size: 20px; font-family: &quot;Quattrocento Sans&quot;, sans-serif; color: rgb(0, 0, 0);\">Bek\u00e6mpelse<\/strong>\n                      <br><span style=\"color: rgb(0, 0, 0); font-weight: 400; font-size: 20px; font-family: &quot;Quattrocento Sans&quot;, sans-serif;\">Udluftning: S\u00f8lvfisk trives i fugtige omgivelser, og det er derfor vigtigt, at du s\u00f8rger for god og regelm\u00e6ssig udluftning i dit hjem. Det er vigtigt at overveje, hvor fugten kommer fra. Kommer fugten bare fra, n\u00e5r der bades, s\u00e5 kan det klares med almindelig grundig udluftning, men der kan som beskrevet ovenfor ogs\u00e5 v\u00e6re andre forklaringer.<\/span>\n                      <br><span style=\"color: rgb(0, 0, 0); font-weight: 400; font-size: 20px; font-family: &quot;Quattrocento Sans&quot;, sans-serif;\">St\u00f8vsugning:&nbsp;Din st\u00f8vsuger er ogs\u00e5 et godt v\u00e5ben til s\u00f8lvfisk bek\u00e6mpelse. St\u00f8vsug grundigt langs v\u00e6gge, og hvor du ellers finder spr\u00e6kker og revner.<\/span>\n                      <br><span style=\"color: rgb(0, 0, 0); font-weight: 400; font-size: 20px; font-family: &quot;Quattrocento Sans&quot;, sans-serif;\">Vask og aft\u00f8rring: God reng\u00f8ring er ogs\u00e5 effektivt mod s\u00f8lvfisk, da de fx kan leve af sm\u00e5 krummer, de finder p\u00e5 deres vej. Ved aft\u00f8rring og gulvvask er det dog vigtigt, at du ikke efterlader for meget vand. Vrid i stedet kluden og moppen grundigt op, da du ellers efterlader fugt, som s\u00f8lvfisken kan hygge sig i.<\/span>\n                      <br><span style=\"color: rgb(0, 0, 0); font-weight: 400; font-size: 20px; font-family: &quot;Quattrocento Sans&quot;, sans-serif;\">I forbindelse med reng\u00f8ring er det en god ide at rense afl\u00f8bene fra h\u00e5ndvask osv., fordi det er et af de steder, som s\u00f8lvfisk ynder at holde til. Her kan du evt. anvende lige dele eddike og natron, h\u00e6ld opl\u00f8sningen i afl\u00f8bet og lad det virke 10 \u2013 15 minutter. Skyl herefter grundigt efter med varmt vand. Gift, limplader og lokked\u00e5ser kan ogs\u00e5 bruges, men husk at de virker kun meget kort i fugtige omr\u00e5der.<\/span>\n                      <br>\u200b<\/p>\n                  <\/div>\n                <\/div>\n              <\/div>\n            <\/div>\n          <\/div>\n        <\/div>\n      <\/div>\n    <\/div>\n  <\/div>\n<\/div>","protected":false},"excerpt":{"rendered":"<p>\u200bKropsl\u00e6ngden p\u00e5 en voksen s\u00f8lvfisk er ca. en centimeter. Dens antenner er lange og tr\u00e5dlignende. Den har f\u00f8dder p\u00e5 to, tre eller fire af benene. Det metalliske sk\u00e6r p\u00e5 kroppen skyldes dens s\u00f8lvfarvede sk\u00e6l, som den f\u00e5r efter sit tredje hamskifte.&nbsp;Udbredelse i hele Danmark Biologi Afh\u00e6ngigt af dens levested kan en s\u00f8lvfisk blive voksen indenfor [&hellip;]<\/p>\n","protected":false},"author":1,"featured_media":0,"parent":0,"menu_order":0,"comment_status":"closed","ping_status":"closed","template":"page-templates\/full-width-page.php","meta":{"footnotes":""},"class_list":["post-385","page","type-page","status-publish","hentry"],"_links":{"self":[{"href":"https:\/\/hjss.mit-hosting01.dk\/index.php\/wp-json\/wp\/v2\/pages\/385","targetHints":{"allow":["GET"]}}],"collection":[{"href":"https:\/\/hjss.mit-hosting01.dk\/index.php\/wp-json\/wp\/v2\/pages"}],"about":[{"href":"https:\/\/hjss.mit-hosting01.dk\/index.php\/wp-json\/wp\/v2\/types\/page"}],"author":[{"embeddable":true,"href":"https:\/\/hjss.mit-hosting01.dk\/index.php\/wp-json\/wp\/v2\/users\/1"}],"replies":[{"embeddable":true,"href":"https:\/\/hjss.mit-hosting01.dk\/index.php\/wp-json\/wp\/v2\/comments?post=385"}],"version-history":[{"count":3,"href":"https:\/\/hjss.mit-hosting01.dk\/index.php\/wp-json\/wp\/v2\/pages\/385\/revisions"}],"predecessor-version":[{"id":514,"href":"https:\/\/hjss.mit-hosting01.dk\/index.php\/wp-json\/wp\/v2\/pages\/385\/revisions\/514"}],"wp:attachment":[{"href":"https:\/\/hjss.mit-hosting01.dk\/index.php\/wp-json\/wp\/v2\/media?parent=385"}],"curies":[{"name":"wp","href":"https:\/\/api.w.org\/{rel}","templated":true}]}}