{"id":387,"date":"2024-10-24T11:44:43","date_gmt":"2024-10-24T11:44:43","guid":{"rendered":"https:\/\/hjss.mit-hosting01.dk\/?page_id=387"},"modified":"2024-10-24T12:17:59","modified_gmt":"2024-10-24T12:17:59","slug":"skaegkrae","status":"publish","type":"page","link":"https:\/\/hjss.mit-hosting01.dk\/index.php\/skaegkrae\/","title":{"rendered":"Sk\u00e6gkr\u00e6"},"content":{"rendered":"<div data-colibri-id=\"387-c1\" class=\"style-551 style-local-387-c1 position-relative\">\n  <!---->\n  <div data-colibri-component=\"section\" data-colibri-id=\"387-c2\" id=\"custom\" class=\"h-section h-section-global-spacing d-flex align-items-lg-center align-items-md-center align-items-center style-552 style-local-387-c2 position-relative\">\n    <!---->\n    <!---->\n    <div class=\"h-section-grid-container h-section-boxed-container\">\n      <!---->\n      <div data-colibri-id=\"387-c5\" class=\"h-row-container gutters-row-lg-2 gutters-row-md-2 gutters-row-0 gutters-row-v-lg-2 gutters-row-v-md-2 gutters-row-v-2 style-555 style-local-387-c5 position-relative\">\n        <!---->\n        <div class=\"h-row justify-content-lg-center justify-content-md-center justify-content-center align-items-lg-stretch align-items-md-stretch align-items-stretch gutters-col-lg-2 gutters-col-md-2 gutters-col-0 gutters-col-v-lg-2 gutters-col-v-md-2 gutters-col-v-2\">\n          <!---->\n          <div class=\"h-column h-column-container d-flex h-col-lg-auto h-col-md-auto h-col-auto style-556-outer style-local-387-c6-outer\">\n            <div data-colibri-id=\"387-c6\" class=\"d-flex h-flex-basis h-column__inner h-px-lg-2 h-px-md-2 h-px-2 v-inner-lg-2 v-inner-md-2 v-inner-2 style-556 style-local-387-c6 position-relative\">\n              <!---->\n              <!---->\n              <div class=\"w-100 h-y-container h-column__content h-column__v-align flex-basis-100 align-self-lg-start align-self-md-start align-self-start\">\n                <!---->\n                <div data-colibri-id=\"387-c7\" class=\"page-title style-557 style-local-387-c7 position-relative h-element\">\n                  <!---->\n                  <div class=\"h-page-title__outer style-557-outer style-local-387-c7-outer\">\n                    <div class=\"h-global-transition-all\"><span><h1 style='margin-bottom:0'>Sk\u00e6gkr\u00e6<\/h1><\/span><\/div>\n                  <\/div>\n                <\/div>\n              <\/div>\n            <\/div>\n          <\/div>\n        <\/div>\n      <\/div>\n      <div data-colibri-id=\"387-c3\" class=\"h-row-container gutters-row-lg-2 gutters-row-md-2 gutters-row-0 gutters-row-v-lg-2 gutters-row-v-md-2 gutters-row-v-2 style-553 style-local-387-c3 position-relative\">\n        <!---->\n        <div class=\"h-row justify-content-lg-center justify-content-md-center justify-content-center align-items-lg-stretch align-items-md-stretch align-items-stretch gutters-col-lg-2 gutters-col-md-2 gutters-col-0 gutters-col-v-lg-2 gutters-col-v-md-2 gutters-col-v-2\">\n          <!---->\n          <div class=\"h-column h-column-container d-flex h-col-lg-auto h-col-md-auto h-col-auto style-554-outer style-local-387-c4-outer\">\n            <div data-colibri-id=\"387-c4\" class=\"d-flex h-flex-basis h-column__inner h-px-lg-2 h-px-md-2 h-px-2 v-inner-lg-2 v-inner-md-2 v-inner-2 style-554 style-local-387-c4 position-relative\">\n              <!---->\n              <!---->\n              <div class=\"w-100 h-y-container h-column__content h-column__v-align flex-basis-100 align-self-lg-start align-self-md-start align-self-start\">\n                <!---->\n                <div data-colibri-id=\"387-c10\" class=\"h-text h-text-component style-560 style-local-387-c10 position-relative h-element\">\n                  <!---->\n                  <!---->\n                  <div class=\"\">\n                    <p><span style=\"color: rgb(0, 0, 0); font-weight: 400; font-size: 20px; font-family: &quot;Quattrocento Sans&quot;, sans-serif;\">Behandling:<br>Der er flere behandlingstyper som kan k\u00f8bes hos os, samt der findes forskellige slags behandlingsmidler, s\u00e5 der kan skr\u00e6ddersyes den rette behandling netop til jeres beboelse.<br><br>Effekt er to behandlinger med et kraftigt biocid langs fodlisterne. Denne behandling kan opgraderes til en hel\u00e5rlig behandling hvor der med bliver udleveret limf\u00e6lder med lokkemad, samt der bliver behandlet 4 gange om \u00e5ret.&nbsp;<br><br><br><\/span>\n                      <strong\n                        style=\"color: rgb(0, 0, 0); font-weight: 400; font-size: 20px; font-family: &quot;Quattrocento Sans&quot;, sans-serif;\">Udbredelse<\/strong>\n                        <br><span style=\"color: rgb(0, 0, 0); font-weight: 400; font-size: 20px; font-family: &quot;Quattrocento Sans&quot;, sans-serif;\">Sk\u00e6gkr\u00e6 er startet med at v\u00e6re et problem i Norge i 2013 (Man ved det ikke helt, men antager), hvor man har store problemer med at bek\u00e6mpe dem. De er senere set i Sverige og nu er de kommet til Danmark hvor de ses i alle storbyer.<\/span>\n                        <br>\n                        <br><strong style=\"font-size: 20px; font-family: &quot;Quattrocento Sans&quot;, sans-serif; color: rgb(0, 0, 0);\">Biologi<\/strong>\n                        <br><span style=\"color: rgb(0, 0, 0); font-weight: 400; font-size: 20px; font-family: &quot;Quattrocento Sans&quot;, sans-serif;\">Sk\u00e6gkr\u00e6 observeres i virksomheder, villaer og lejlighedskomplekser. Du kan m\u00f8de sk\u00e6gkr\u00e6 \u00e5ret rundt. De spiser b\u00e5de plantematerialer og dyrematerialer. Selv sm\u00e5 m\u00e6ngder br\u00f8d rester, mel, madrester, d\u00f8de insekter, t\u00f8rre blade eller andre organiske materialer vil v\u00e6re tilstr\u00e6kkelige til at opretholde en bestand. Sk\u00e6gkr\u00e6 har et specielt tarm enzym, der giver dem mulighed for at spise papir og tapet, men fuld udvikling fra nymfe til voksen kr\u00e6ver en mere varieret kost. Livscyklussen er lang, og \u00e6ggenes kl\u00e6kningstid under perfekte forhold (21,5\u00b0C) er ca. 2 m\u00e5neder, men antages l\u00e6ngere i bygninger, hvor forholdene ikke er s\u00e5 kontrolleret som i et laboratorium. Yderligere udvikling fra nymfetrinnet (ca. 2 mm) til den voksne str\u00e6kker sig normalt op til 2,5 -3 \u00e5r. Efter fuld modning kan de voksne sk\u00e6gkr\u00e6 leve i yderligere ca. 3 \u00e5r, og de l\u00e6gger i gennemsnit 56 \u00e6g om \u00e5ret. Voksne individer kan overleve i op til 9 m\u00e5neder uden f\u00f8de.<\/span>\n                        <br><span style=\"color: rgb(0, 0, 0); font-weight: 400; font-size: 20px; font-family: &quot;Quattrocento Sans&quot;, sans-serif;\">Sk\u00e6gkr\u00e6 er nataktive og opdages derfor ofte om morgenen, n\u00e5r der t\u00e6ndes for lyset. I vinterm\u00e5nederne kan det opleves som om der er mere aktivitet af sk\u00e6gkr\u00e6, men det er sandsynligvis den m\u00f8rke tid, der bringer insekterne ud og g\u00f8r dem mere synlige i stuerne. De trives bedst i fugtige milj\u00f8er, men sammenlignet med s\u00f8lvfisk fungerer de ogs\u00e5 godt i t\u00f8rre milj\u00f8er. De findes derfor oftere i v\u00e6relser uden adgang til vand og fugt. B\u00e5de voksne individer og nymfer er f\u00f8lsomme over for lave og h\u00f8je temperaturer. Optimal temperatur for sk\u00e6gkr\u00e6 er lidt usikker, men det antages at de trives i temperaturer fra 20\u00b0C til 28\u00b0C. Hvis sk\u00e6gkr\u00e6 uds\u00e6ttes for under 20\u00b0C, vil livscyklussen blive forl\u00e6nget betydeligt, da den tid, de tilbringer p\u00e5 hvert trin, bliver markant l\u00e6ngere. Udvikling og aktivitet stopper n\u00e6sten ved temperaturer under 16\u00b0C og stopper helt ved 11\u00b0C. Men det skal p\u00e5peges, at forsinkelser i udvikling og aktivitet ikke er synonym med at de d\u00f8r. Temperaturer over 28\u00b0C reducerer ogs\u00e5 betydelig forventet levetid, og Sk\u00e6gkr\u00e6 d\u00f8r efter f\u00e5 timer, hvis de uds\u00e6ttes for 41\u00b0C eller derover.<br>\u200b<\/span>\n                        <br><strong style=\"font-size: 20px; font-family: &quot;Quattrocento Sans&quot;, sans-serif; color: rgb(0, 0, 0);\">Hvilken skade laver sk\u00e6gkr\u00e6?<\/strong>\n                        <br><span style=\"color: rgb(0, 0, 0); font-weight: 400; font-size: 20px; font-family: &quot;Quattrocento Sans&quot;, sans-serif;\">Under normale forhold g\u00f8r sk\u00e6gkr\u00e6 meget lidt skade, og enhver materiel skade vil v\u00e6re minimal. De betragtes ikke desto mindre som skadedyr, da mange mennesker finder sk\u00e6gkr\u00e6 irriterende og dermed opfatter situationen som ubehagelig. Museumsgenstande, frim\u00e6rker, visse tekstiler eller gamle b\u00f8ger kan \u00f8del\u00e6gges, hvis sk\u00e6gkr\u00e6 f\u00e5r frit spil. Sk\u00e6gkr\u00e6 kan v\u00e6re s\u00e6rdeles vanskelige at slippe af med og kommer ofte tilbage, hvis nabobygninger ogs\u00e5 har dem og ikke f\u00e5r behandlet.<\/span>\n                        <br><span style=\"color: rgb(0, 0, 0); font-weight: 400; font-size: 20px; font-family: &quot;Quattrocento Sans&quot;, sans-serif;\">Bem\u00e6rk at i Norge er det p\u00e5vist at hvis der er aktivitet af Sk\u00e6gkr\u00e6 i boliger, lejligheder og erhvervsbygninger, kan de resultere i et betydeligt v\u00e6rditab af ejendommen. If\u00f8lge retspraksis og forlig (juridisk og udenretslig) i retssager hvor en ejendom har Sk\u00e6gkr\u00e6, befinder erstatningen sig i \u00f8jeblikket p\u00e5 et prisneds\u00e6ttelsesniveau fra 10% til 30% af k\u00f8bsprisen \u2013 om dette ogs\u00e5 vil ske i Danmark, det m\u00e5 tiden vise.<\/span>\n                        <br><strong style=\"font-size: 20px; font-family: &quot;Quattrocento Sans&quot;, sans-serif; color: rgb(0, 0, 0);\">Bek\u00e6mpelse<\/strong>\n                        <br><span style=\"color: rgb(0, 0, 0); font-weight: 400; font-size: 20px; font-family: &quot;Quattrocento Sans&quot;, sans-serif;\">Kan meget sj\u00e6ldent udf\u00f8res uden professionel hj\u00e6lp og skal g\u00f8res i meget t\u00e6t samarbejde. Har man Sk\u00e6gkr\u00e6 i sin ejendom eller virksomhed kan man neds\u00e6tte problemet med f\u00f8lgende foranstaltninger:<\/span>\n                        <br><span style=\"color: rgb(0, 0, 0); font-weight: 400; font-size: 20px; font-family: &quot;Quattrocento Sans&quot;, sans-serif;\">Grundig reng\u00f8ring og fjernelse af alternative madkilder<\/span>\n                        <br><span style=\"color: rgb(0, 0, 0); font-weight: 400; font-size: 20px; font-family: &quot;Quattrocento Sans&quot;, sans-serif;\">Det er vigtigt, at det reng\u00f8res meget grundigt, inden der p\u00e5begyndes foranstaltninger, hvilket betyder, at man tr\u00e6kker ovnen ud, g\u00f8r rent under k\u00f8kkenbordet, i skuffer og skabe med mad osv. Det er fordelagtigt at t\u00e6tne revner i og omkring paneler ved gulve og omkring k\u00f8kkenborde. Alle f\u00f8dekilder, der indeholder kulhydrater og proteiner, skal gemmes v\u00e6k i t\u00e6tte plastbeholdere. Mad i skuffer og skabe anbefales placeres i lukkede plastbeholdere eller lignende. Sk\u00e6gkr\u00e6 kan leve af cellulose og omdanne dette til energi, s\u00e5 det anbefales, at alt pap og papir der ikke bruges bliver smidt ud, husk ogs\u00e5 at checke jeres b\u00f8ger og gamle papirer for en mulig invasion af Sk\u00e6gkr\u00e6.<\/span>\n                        <br><span style=\"color: rgb(0, 0, 0); font-weight: 400; font-size: 20px; font-family: &quot;Quattrocento Sans&quot;, sans-serif;\">St\u00f8vsugning: Kan hj\u00e6lpe med at reducere bestanden. Gentagen grundig st\u00f8vsugning (is\u00e6r omkring lister, d\u00f8rvinduer, revner og hulrum) vil fjerne en stor del af de voksne individer og nymfer, og p\u00e5 grund af den lange udvikling af det sk\u00e6gkr\u00e6 fra \u00e6g til modent individ, er st\u00f8vsugning en vigtig foranstaltning til at holde bestanden nede (anbefales hver fjerde dag). St\u00f8vsugning vil dog ikke v\u00e6re tilstr\u00e6kkelig til permanent at udrydde bestanden. Efter st\u00f8vsugning skal du s\u00f8rge for at sk\u00e6gkr\u00e6 i vakuumposen ikke spreder sig igen. Insekterne d\u00f8r, hvis for eksempel st\u00f8vsugerposen anbringes i fryseren i 24 timer.<\/span>\n                        <br><span style=\"color: rgb(0, 0, 0); font-weight: 400; font-size: 20px; font-family: &quot;Quattrocento Sans&quot;, sans-serif;\">Limf\u00e6lder: B\u00f8r bruges under hele bek\u00e6mpelsen. Systematisk brug vil hj\u00e6lpe med at kortl\u00e6gge omfanget, reducere bestanden samt give en indikation af resultatet af foranstaltninger og antallet af Sk\u00e6gkr\u00e6 over tid. Massefangst ved at uds\u00e6tte mange limf\u00e6lder er en ikke-giftig og god foranstaltning. Limf\u00e6lder har et &#8220;tag&#8221;, der beskytter limen. Erfaring viser at der fanges flere sk\u00e6gkr\u00e6 i limf\u00e6lder, hvis der er lidt eller ingen menneskelig aktivitet i bygningen. S\u00e5 hvis du s\u00e6tter limf\u00e6lder ud, n\u00e5r du er p\u00e5 ferie, vil det \u00f8ge fangsten af insekterne.<\/span>\n                        <br><span style=\"color: rgb(0, 0, 0); font-weight: 400; font-size: 20px; font-family: &quot;Quattrocento Sans&quot;, sans-serif;\">Varmebehandling: Sk\u00e6gkr\u00e6 d\u00f8r, hvis de uds\u00e6ttes for temperaturer mellem 40 og 50\u00b0C. Spotopvarmning med t\u00f8r damp (professionelt produkt) er derfor en m\u00e5de at reducere bestanden af \u200b\u200bsk\u00e6gkr\u00e6. Bruges til lokal opvarmning af lister, d\u00f8rhj\u00f8rner og omkring revner, hvor sk\u00e6g ofte skjuler sig. Spotopvarmning giver ingen varmebehandling i strukturen. For eksempel kan en h\u00e5rt\u00f8rrer anvendes til varmebehandling af en kuffert eller taske. En Sauna vil ogs\u00e5 dr\u00e6be Sk\u00e6gkr\u00e6.<\/span>\n                        <br><span style=\"color: rgb(0, 0, 0); font-weight: 400; font-size: 20px; font-family: &quot;Quattrocento Sans&quot;, sans-serif;\">Kulde Behandling: Kulde behandling af t\u00f8j og mindre genstande kan udf\u00f8res i en fryser, hvor sk\u00e6gkr\u00e6 vil d\u00f8 efter et par timer ved -18\u00b0C. Hvis du skal h\u00e5ndtere st\u00f8rre m\u00e6ngder bagage, m\u00f8bler eller bev\u00e6gelige ting, som du formoder at have sk\u00e6g, kan disse k\u00f8les i fryserbeholdere.&nbsp;<\/span>\n                        <br>\n                        <br><strong style=\"font-size: 20px; font-family: &quot;Quattrocento Sans&quot;, sans-serif; color: rgb(0, 0, 0);\">Bek\u00e6mpelse med Biocid<\/strong>\n                        <br><span style=\"color: rgb(0, 0, 0); font-weight: 400; font-size: 20px; font-family: &quot;Quattrocento Sans&quot;, sans-serif;\">Uanset hvor meget der bliver gjort rent, st\u00f8vsuget og sat limf\u00e6lder op, s\u00e5 er det som udgangspunkt n\u00f8dvendigt at f\u00e5 foretaget en bek\u00e6mpelse overalt i huset, lejligheden samt k\u00e6lder med biocider af en professionel skadedyrsbek\u00e6mper og med et professionelt biocid.<\/span><\/p>\n                  <\/div>\n                <\/div>\n              <\/div>\n            <\/div>\n          <\/div>\n        <\/div>\n      <\/div>\n    <\/div>\n  <\/div>\n<\/div>","protected":false},"excerpt":{"rendered":"<p>Behandling:Der er flere behandlingstyper som kan k\u00f8bes hos os, samt der findes forskellige slags behandlingsmidler, s\u00e5 der kan skr\u00e6ddersyes den rette behandling netop til jeres beboelse.Effekt er to behandlinger med et kraftigt biocid langs fodlisterne. Denne behandling kan opgraderes til en hel\u00e5rlig behandling hvor der med bliver udleveret limf\u00e6lder med lokkemad, samt der bliver behandlet [&hellip;]<\/p>\n","protected":false},"author":1,"featured_media":0,"parent":0,"menu_order":0,"comment_status":"closed","ping_status":"closed","template":"page-templates\/full-width-page.php","meta":{"footnotes":""},"class_list":["post-387","page","type-page","status-publish","hentry"],"_links":{"self":[{"href":"https:\/\/hjss.mit-hosting01.dk\/index.php\/wp-json\/wp\/v2\/pages\/387","targetHints":{"allow":["GET"]}}],"collection":[{"href":"https:\/\/hjss.mit-hosting01.dk\/index.php\/wp-json\/wp\/v2\/pages"}],"about":[{"href":"https:\/\/hjss.mit-hosting01.dk\/index.php\/wp-json\/wp\/v2\/types\/page"}],"author":[{"embeddable":true,"href":"https:\/\/hjss.mit-hosting01.dk\/index.php\/wp-json\/wp\/v2\/users\/1"}],"replies":[{"embeddable":true,"href":"https:\/\/hjss.mit-hosting01.dk\/index.php\/wp-json\/wp\/v2\/comments?post=387"}],"version-history":[{"count":2,"href":"https:\/\/hjss.mit-hosting01.dk\/index.php\/wp-json\/wp\/v2\/pages\/387\/revisions"}],"predecessor-version":[{"id":521,"href":"https:\/\/hjss.mit-hosting01.dk\/index.php\/wp-json\/wp\/v2\/pages\/387\/revisions\/521"}],"wp:attachment":[{"href":"https:\/\/hjss.mit-hosting01.dk\/index.php\/wp-json\/wp\/v2\/media?parent=387"}],"curies":[{"name":"wp","href":"https:\/\/api.w.org\/{rel}","templated":true}]}}