{"id":391,"date":"2024-10-24T11:45:03","date_gmt":"2024-10-24T11:45:03","guid":{"rendered":"https:\/\/hjss.mit-hosting01.dk\/?page_id=391"},"modified":"2024-10-24T12:20:05","modified_gmt":"2024-10-24T12:20:05","slug":"myren","status":"publish","type":"page","link":"https:\/\/hjss.mit-hosting01.dk\/index.php\/myren\/","title":{"rendered":"Myrer"},"content":{"rendered":"<div data-colibri-id=\"391-c1\" class=\"style-572 style-local-391-c1 position-relative\">\n  <!---->\n  <div data-colibri-component=\"section\" data-colibri-id=\"391-c2\" id=\"custom\" class=\"h-section h-section-global-spacing d-flex align-items-lg-center align-items-md-center align-items-center style-573 style-local-391-c2 position-relative\">\n    <!---->\n    <!---->\n    <div class=\"h-section-grid-container h-section-boxed-container\">\n      <!---->\n      <div data-colibri-id=\"391-c5\" class=\"h-row-container gutters-row-lg-2 gutters-row-md-2 gutters-row-0 gutters-row-v-lg-2 gutters-row-v-md-2 gutters-row-v-2 style-576 style-local-391-c5 position-relative\">\n        <!---->\n        <div class=\"h-row justify-content-lg-center justify-content-md-center justify-content-center align-items-lg-stretch align-items-md-stretch align-items-stretch gutters-col-lg-2 gutters-col-md-2 gutters-col-0 gutters-col-v-lg-2 gutters-col-v-md-2 gutters-col-v-2\">\n          <!---->\n          <div class=\"h-column h-column-container d-flex h-col-lg-auto h-col-md-auto h-col-auto style-577-outer style-local-391-c6-outer\">\n            <div data-colibri-id=\"391-c6\" class=\"d-flex h-flex-basis h-column__inner h-px-lg-2 h-px-md-2 h-px-2 v-inner-lg-2 v-inner-md-2 v-inner-2 style-577 style-local-391-c6 position-relative\">\n              <!---->\n              <!---->\n              <div class=\"w-100 h-y-container h-column__content h-column__v-align flex-basis-100 align-self-lg-start align-self-md-start align-self-start\">\n                <!---->\n                <div data-colibri-id=\"391-c7\" class=\"page-title style-578 style-local-391-c7 position-relative h-element\">\n                  <!---->\n                  <div class=\"h-page-title__outer style-578-outer style-local-391-c7-outer\">\n                    <div class=\"h-global-transition-all\"><span><h1 style='margin-bottom:0'>Myrer<\/h1><\/span><\/div>\n                  <\/div>\n                <\/div>\n                <div data-colibri-id=\"391-c8\" class=\"h-text h-text-component style-579 style-local-391-c8 position-relative h-element\">\n                  <!---->\n                  <!---->\n                  <div class=\"\">\n                    <p><span style=\"font-weight: 400; font-size: large; font-family: &quot;Quattrocento Sans&quot;, sans-serif; color: rgb(42, 42, 42);\">Myren er nok de flestes fjende nummer et om sommeren. Man bruger mange forskellige lokkemidler for at bek\u00e6mpe myrer i hjemmet. Hvis man \u00f8nsker at bek\u00e6mpe dem selv, s\u00e5 g\u00e5 efter dronningen og ikke arbejderen. D\u00f8r dronningen, d\u00f8r boet. Arbejderne er der for at servicere dronningen og \u00e6ggene.<\/span>\n                      <br>\n                      <br><span style=\"font-weight: 400; font-size: large; font-family: &quot;Quattrocento Sans&quot;, sans-serif; color: rgb(42, 42, 42);\">Der kan k\u00f8bes flere forskellige midler i byggemarkeder, nogen virker bedre end andre.&nbsp;<\/span>\n                      <br>\n                      <br><span style=\"font-weight: 400; font-size: large; font-family: &quot;Quattrocento Sans&quot;, sans-serif; color: rgb(42, 42, 42);\">Vi kan tilbyde en insekt bek\u00e6mpelse i hjemmet som ogs\u00e5 tager myrer.<\/span>\n                      <br>\n                      <br><strong style=\"font-size: large; font-family: &quot;Quattrocento Sans&quot;, sans-serif; color: rgb(42, 42, 42);\">Deluxe behandling til 998 kroner incl moms (mest valgte)<\/strong>\n                      <br><span style=\"font-weight: 400; font-size: large; font-family: &quot;Quattrocento Sans&quot;, sans-serif; color: rgb(42, 42, 42);\">-Spr\u00f8jtning af sokkel&nbsp;<\/span>\n                      <br><span style=\"font-weight: 400; font-size: large; font-family: &quot;Quattrocento Sans&quot;, sans-serif; color: rgb(42, 42, 42);\">-Spr\u00f8jtning af de v\u00e6rste steder indend\u00f8rs &#8211; Spr\u00f8jtning indend\u00f8rs er p\u00e5 eget ansvar.<\/span>\n                      <br><span style=\"font-weight: 400; font-size: large; font-family: &quot;Quattrocento Sans&quot;, sans-serif; color: rgb(42, 42, 42);\">\u200b-Granulat til efterbehandling udend\u00f8rs &amp; indend\u00f8rs&nbsp;&nbsp;&nbsp;&nbsp;&nbsp;&nbsp;&nbsp;&nbsp;&nbsp;&nbsp;&nbsp;&nbsp;&nbsp;&nbsp;&nbsp;&nbsp;&nbsp;&nbsp;&nbsp;&nbsp;&nbsp;&nbsp;&nbsp;&nbsp;&nbsp;&nbsp;&nbsp;&nbsp;&nbsp;&nbsp;&nbsp;&nbsp;&nbsp;&nbsp;&nbsp;&nbsp;&nbsp;&nbsp;&nbsp;&nbsp;<\/span>\n                      <br>\n                    <\/p>\n                  <\/div>\n                <\/div>\n              <\/div>\n            <\/div>\n          <\/div>\n        <\/div>\n      <\/div>\n    <\/div>\n  <\/div>\n<\/div>","protected":false},"excerpt":{"rendered":"<p>Myren er nok de flestes fjende nummer et om sommeren. Man bruger mange forskellige lokkemidler for at bek\u00e6mpe myrer i hjemmet. Hvis man \u00f8nsker at bek\u00e6mpe dem selv, s\u00e5 g\u00e5 efter dronningen og ikke arbejderen. D\u00f8r dronningen, d\u00f8r boet. Arbejderne er der for at servicere dronningen og \u00e6ggene. Der kan k\u00f8bes flere forskellige midler i [&hellip;]<\/p>\n","protected":false},"author":1,"featured_media":0,"parent":0,"menu_order":0,"comment_status":"closed","ping_status":"closed","template":"page-templates\/full-width-page.php","meta":{"footnotes":""},"class_list":["post-391","page","type-page","status-publish","hentry"],"_links":{"self":[{"href":"https:\/\/hjss.mit-hosting01.dk\/index.php\/wp-json\/wp\/v2\/pages\/391","targetHints":{"allow":["GET"]}}],"collection":[{"href":"https:\/\/hjss.mit-hosting01.dk\/index.php\/wp-json\/wp\/v2\/pages"}],"about":[{"href":"https:\/\/hjss.mit-hosting01.dk\/index.php\/wp-json\/wp\/v2\/types\/page"}],"author":[{"embeddable":true,"href":"https:\/\/hjss.mit-hosting01.dk\/index.php\/wp-json\/wp\/v2\/users\/1"}],"replies":[{"embeddable":true,"href":"https:\/\/hjss.mit-hosting01.dk\/index.php\/wp-json\/wp\/v2\/comments?post=391"}],"version-history":[{"count":4,"href":"https:\/\/hjss.mit-hosting01.dk\/index.php\/wp-json\/wp\/v2\/pages\/391\/revisions"}],"predecessor-version":[{"id":544,"href":"https:\/\/hjss.mit-hosting01.dk\/index.php\/wp-json\/wp\/v2\/pages\/391\/revisions\/544"}],"wp:attachment":[{"href":"https:\/\/hjss.mit-hosting01.dk\/index.php\/wp-json\/wp\/v2\/media?parent=391"}],"curies":[{"name":"wp","href":"https:\/\/api.w.org\/{rel}","templated":true}]}}