{"id":393,"date":"2024-10-24T11:45:12","date_gmt":"2024-10-24T11:45:12","guid":{"rendered":"https:\/\/hjss.mit-hosting01.dk\/?page_id=393"},"modified":"2024-10-24T12:23:04","modified_gmt":"2024-10-24T12:23:04","slug":"borebiller","status":"publish","type":"page","link":"https:\/\/hjss.mit-hosting01.dk\/index.php\/borebiller\/","title":{"rendered":"Borebiller"},"content":{"rendered":"<div data-colibri-id=\"393-c1\" class=\"style-580 style-local-393-c1 position-relative\">\n  <!---->\n  <div data-colibri-component=\"section\" data-colibri-id=\"393-c2\" id=\"custom\" class=\"h-section h-section-global-spacing d-flex align-items-lg-center align-items-md-center align-items-center style-581 style-local-393-c2 position-relative\">\n    <!---->\n    <!---->\n    <div class=\"h-section-grid-container h-section-boxed-container\">\n      <!---->\n      <div data-colibri-id=\"393-c5\" class=\"h-row-container gutters-row-lg-2 gutters-row-md-2 gutters-row-0 gutters-row-v-lg-2 gutters-row-v-md-2 gutters-row-v-2 style-584 style-local-393-c5 position-relative\">\n        <!---->\n        <div class=\"h-row justify-content-lg-center justify-content-md-center justify-content-center align-items-lg-stretch align-items-md-stretch align-items-stretch gutters-col-lg-2 gutters-col-md-2 gutters-col-0 gutters-col-v-lg-2 gutters-col-v-md-2 gutters-col-v-2\">\n          <!---->\n          <div class=\"h-column h-column-container d-flex h-col-lg-auto h-col-md-auto h-col-auto style-585-outer style-local-393-c6-outer\">\n            <div data-colibri-id=\"393-c6\" class=\"d-flex h-flex-basis h-column__inner h-px-lg-2 h-px-md-2 h-px-2 v-inner-lg-2 v-inner-md-2 v-inner-2 style-585 style-local-393-c6 position-relative\">\n              <!---->\n              <!---->\n              <div class=\"w-100 h-y-container h-column__content h-column__v-align flex-basis-100 align-self-lg-start align-self-md-start align-self-start\">\n                <!---->\n                <div data-colibri-id=\"393-c7\" class=\"page-title style-586 style-local-393-c7 position-relative h-element\">\n                  <!---->\n                  <div class=\"h-page-title__outer style-586-outer style-local-393-c7-outer\">\n                    <div class=\"h-global-transition-all\"><span><h1 style='margin-bottom:0'>Borebiller<\/h1><\/span><\/div>\n                  <\/div>\n                <\/div>\n              <\/div>\n            <\/div>\n          <\/div>\n        <\/div>\n      <\/div>\n      <div data-colibri-id=\"393-c3\" class=\"h-row-container gutters-row-lg-2 gutters-row-md-2 gutters-row-0 gutters-row-v-lg-2 gutters-row-v-md-2 gutters-row-v-2 style-582 style-local-393-c3 position-relative\">\n        <!---->\n        <div class=\"h-row justify-content-lg-center justify-content-md-center justify-content-center align-items-lg-stretch align-items-md-stretch align-items-stretch gutters-col-lg-2 gutters-col-md-2 gutters-col-0 gutters-col-v-lg-2 gutters-col-v-md-2 gutters-col-v-2\">\n          <!---->\n          <div class=\"h-column h-column-container d-flex h-col-lg-auto h-col-md-auto h-col-auto style-583-outer style-local-393-c4-outer\">\n            <div data-colibri-id=\"393-c4\" class=\"d-flex h-flex-basis h-column__inner h-px-lg-2 h-px-md-2 h-px-2 v-inner-lg-2 v-inner-md-2 v-inner-2 style-583 style-local-393-c4 position-relative\">\n              <!---->\n              <!---->\n              <div class=\"w-100 h-y-container h-column__content h-column__v-align flex-basis-100 align-self-lg-start align-self-md-start align-self-start\">\n                <!---->\n                <div data-colibri-id=\"393-c8\" class=\"h-text h-text-component style-587 style-local-393-c8 position-relative h-element\">\n                  <!---->\n                  <!---->\n                  <div class=\"\">\n                    <p>Borebillen er en 3-5mm brunlig bille som har en fork\u00e6rlighed for tr\u00e6v\u00e6rk. De laver sm\u00e5 huller som de lever i. Du kan se om de er aktive eller levende ved at der under hullerne er tr\u00e6st\u00f8v.&nbsp;\n                      <br>Borebillen flyver fra juli til august og ligger cirka 50 \u00e6g i spr\u00e6kker i tr\u00e6v\u00e6rk. Behandler man ikke i mod borebillen kan den \u00f8del\u00e6gge tr\u00e6v\u00e6rket inden for en \u00e5rr\u00e6kke.\n                      <br>\n                      <br>Der findes flere bek\u00e6mpelsesmidler som kan bek\u00e6mpe borebillen. Der findes ogs\u00e5 tr\u00e6beskyttelse med insekt middel i. De forskellige midler skal v\u00e6dde tr\u00e6et. Det skal ikke kun v\u00e6re overflade v\u00e5dt, s\u00e5 to til tre behandlinger kan v\u00e6re\n                      n\u00f8dvendig.\n                      <br>\n                      <br><strong style=\"font-size: 20px; font-family: &quot;Quattrocento Sans&quot;, sans-serif; color: rgb(255, 255, 255);\">Pris fra 1000 kroner incl moms<\/strong>\n                      <br>\n                    <\/p>\n                  <\/div>\n                <\/div>\n              <\/div>\n            <\/div>\n          <\/div>\n        <\/div>\n      <\/div>\n    <\/div>\n  <\/div>\n<\/div>","protected":false},"excerpt":{"rendered":"<p>Borebillen er en 3-5mm brunlig bille som har en fork\u00e6rlighed for tr\u00e6v\u00e6rk. De laver sm\u00e5 huller som de lever i. Du kan se om de er aktive eller levende ved at der under hullerne er tr\u00e6st\u00f8v.&nbsp; Borebillen flyver fra juli til august og ligger cirka 50 \u00e6g i spr\u00e6kker i tr\u00e6v\u00e6rk. Behandler man ikke i [&hellip;]<\/p>\n","protected":false},"author":1,"featured_media":0,"parent":0,"menu_order":0,"comment_status":"closed","ping_status":"closed","template":"page-templates\/full-width-page.php","meta":{"footnotes":""},"class_list":["post-393","page","type-page","status-publish","hentry"],"_links":{"self":[{"href":"https:\/\/hjss.mit-hosting01.dk\/index.php\/wp-json\/wp\/v2\/pages\/393","targetHints":{"allow":["GET"]}}],"collection":[{"href":"https:\/\/hjss.mit-hosting01.dk\/index.php\/wp-json\/wp\/v2\/pages"}],"about":[{"href":"https:\/\/hjss.mit-hosting01.dk\/index.php\/wp-json\/wp\/v2\/types\/page"}],"author":[{"embeddable":true,"href":"https:\/\/hjss.mit-hosting01.dk\/index.php\/wp-json\/wp\/v2\/users\/1"}],"replies":[{"embeddable":true,"href":"https:\/\/hjss.mit-hosting01.dk\/index.php\/wp-json\/wp\/v2\/comments?post=393"}],"version-history":[{"count":4,"href":"https:\/\/hjss.mit-hosting01.dk\/index.php\/wp-json\/wp\/v2\/pages\/393\/revisions"}],"predecessor-version":[{"id":565,"href":"https:\/\/hjss.mit-hosting01.dk\/index.php\/wp-json\/wp\/v2\/pages\/393\/revisions\/565"}],"wp:attachment":[{"href":"https:\/\/hjss.mit-hosting01.dk\/index.php\/wp-json\/wp\/v2\/media?parent=393"}],"curies":[{"name":"wp","href":"https:\/\/api.w.org\/{rel}","templated":true}]}}