{"id":395,"date":"2024-10-24T11:45:23","date_gmt":"2024-10-24T11:45:23","guid":{"rendered":"https:\/\/hjss.mit-hosting01.dk\/?page_id=395"},"modified":"2024-10-24T12:29:56","modified_gmt":"2024-10-24T12:29:56","slug":"mar","status":"publish","type":"page","link":"https:\/\/hjss.mit-hosting01.dk\/index.php\/mar\/","title":{"rendered":"M\u00e5r"},"content":{"rendered":"<div data-colibri-id=\"395-c1\" class=\"style-588 style-local-395-c1 position-relative\">\n  <!---->\n  <div data-colibri-component=\"section\" data-colibri-id=\"395-c2\" id=\"custom\" class=\"h-section h-section-global-spacing d-flex align-items-lg-center align-items-md-center align-items-center style-589 style-local-395-c2 position-relative\">\n    <!---->\n    <!---->\n    <div class=\"h-section-grid-container h-section-boxed-container\">\n      <!---->\n      <div data-colibri-id=\"395-c5\" class=\"h-row-container gutters-row-lg-2 gutters-row-md-2 gutters-row-0 gutters-row-v-lg-2 gutters-row-v-md-2 gutters-row-v-2 style-592 style-local-395-c5 position-relative\">\n        <!---->\n        <div class=\"h-row justify-content-lg-center justify-content-md-center justify-content-center align-items-lg-stretch align-items-md-stretch align-items-stretch gutters-col-lg-2 gutters-col-md-2 gutters-col-0 gutters-col-v-lg-2 gutters-col-v-md-2 gutters-col-v-2\">\n          <!---->\n          <div class=\"h-column h-column-container d-flex h-col-lg-auto h-col-md-auto h-col-auto style-593-outer style-local-395-c6-outer\">\n            <div data-colibri-id=\"395-c6\" class=\"d-flex h-flex-basis h-column__inner h-px-lg-2 h-px-md-2 h-px-2 v-inner-lg-2 v-inner-md-2 v-inner-2 style-593 style-local-395-c6 position-relative\">\n              <!---->\n              <!---->\n              <div class=\"w-100 h-y-container h-column__content h-column__v-align flex-basis-100 align-self-lg-start align-self-md-start align-self-start\">\n                <!---->\n                <div data-colibri-id=\"395-c7\" class=\"page-title style-594 style-local-395-c7 position-relative h-element\">\n                  <!---->\n                  <div class=\"h-page-title__outer style-594-outer style-local-395-c7-outer\">\n                    <div class=\"h-global-transition-all\"><span><h1 style='margin-bottom:0'>M\u00e5r<\/h1><\/span><\/div>\n                  <\/div>\n                <\/div>\n              <\/div>\n            <\/div>\n          <\/div>\n        <\/div>\n      <\/div>\n      <div data-colibri-id=\"395-c3\" class=\"h-row-container gutters-row-lg-2 gutters-row-md-2 gutters-row-0 gutters-row-v-lg-2 gutters-row-v-md-2 gutters-row-v-2 style-590 style-local-395-c3 position-relative\">\n        <!---->\n        <div class=\"h-row justify-content-lg-center justify-content-md-center justify-content-center align-items-lg-stretch align-items-md-stretch align-items-stretch gutters-col-lg-2 gutters-col-md-2 gutters-col-0 gutters-col-v-lg-2 gutters-col-v-md-2 gutters-col-v-2\">\n          <!---->\n          <div class=\"h-column h-column-container d-flex h-col-lg-auto h-col-md-auto h-col-auto style-591-outer style-local-395-c4-outer\">\n            <div data-colibri-id=\"395-c4\" class=\"d-flex h-flex-basis h-column__inner h-px-lg-2 h-px-md-2 h-px-2 v-inner-lg-2 v-inner-md-2 v-inner-2 style-591 style-local-395-c4 position-relative\">\n              <!---->\n              <!---->\n              <div class=\"w-100 h-y-container h-column__content h-column__v-align flex-basis-100 align-self-lg-start align-self-md-start align-self-start\">\n                <!---->\n                <div data-colibri-id=\"395-c8\" class=\"h-text h-text-component style-595 style-local-395-c8 position-relative h-element\">\n                  <!---->\n                  <!---->\n                  <div class=\"\">\n                    <p><span style=\"font-weight: 400; font-size: large; font-family: &quot;Quattrocento Sans&quot;, sans-serif; color: rgb(42, 42, 42);\">M\u00e5ren eller husm\u00e5ren kan virkelig blive en husejers mareridt. Den roder i isoleringen og bruger huset som sin bolig, desv\u00e6rre kan man v\u00e6re uheldig at den ogs\u00e5 bruger loftet, skunk som toilet. Det er et nataktivt dyr som v\u00e5gner op og g\u00e5r p\u00e5 jagt ved solnedgang.<\/span>\n                      <br><span style=\"font-weight: 400; font-size: large; font-family: &quot;Quattrocento Sans&quot;, sans-serif; color: rgb(42, 42, 42);\">M\u00e5ren er et rovdyr. Den bliver mellem 42-48 cm lang. Hunnen vejer mellem 900-1900 gram. Hannen vejer mellem 1300-2300 gram.<\/span>\n                      <br>\n                      <br><span style=\"font-weight: 400; font-size: large; font-family: &quot;Quattrocento Sans&quot;, sans-serif; color: rgb(42, 42, 42);\">Det kan v\u00e6re et meget sv\u00e6rt dyr at fange, men ikke umulig. Der findes mange skr\u00e6mme midler med tvivlsom virkning.&nbsp;<\/span>\n                      <br>\n                      <br><span style=\"font-weight: 400; font-size: large; font-family: &quot;Quattrocento Sans&quot;, sans-serif; color: rgb(42, 42, 42);\">VIGTIG: Pr\u00f8v ikke at skr\u00e6mme den v\u00e6k inden i kontakter os. Den bliver mere sky og sv\u00e6re at fange.<\/span>\n                      <br>\n                      <br><strong style=\"font-size: large; font-family: &quot;Quattrocento Sans&quot;, sans-serif; color: rgb(42, 42, 42);\">Inspektionsbes\u00f8g 675 kroner inkl. moms<\/strong><span style=\"font-size: large; font-family: &quot;Quattrocento Sans&quot;, sans-serif; color: rgb(42, 42, 42); font-weight: 400;\">&nbsp;&nbsp;&nbsp;&nbsp;&nbsp;&nbsp;&nbsp;<\/span><\/p>\n                  <\/div>\n                <\/div>\n              <\/div>\n            <\/div>\n          <\/div>\n        <\/div>\n      <\/div>\n      <div data-colibri-id=\"395-c9\" class=\"h-row-container gutters-row-lg-2 gutters-row-md-2 gutters-row-0 gutters-row-v-lg-2 gutters-row-v-md-2 gutters-row-v-2 style-596 style-local-395-c9 position-relative\">\n        <!---->\n        <div class=\"h-row justify-content-lg-center justify-content-md-center justify-content-center align-items-lg-stretch align-items-md-stretch align-items-stretch gutters-col-lg-2 gutters-col-md-2 gutters-col-0 gutters-col-v-lg-2 gutters-col-v-md-2 gutters-col-v-2\">\n          <!---->\n          <div class=\"h-column h-column-container d-flex h-col-lg-auto h-col-md-auto h-col-auto style-597-outer style-local-395-c10-outer\">\n            <div data-colibri-id=\"395-c10\" class=\"d-flex h-flex-basis h-column__inner h-px-lg-2 h-px-md-2 h-px-2 v-inner-lg-2 v-inner-md-2 v-inner-2 style-597 style-local-395-c10 position-relative\">\n              <!---->\n              <!---->\n              <div class=\"w-100 h-y-container h-column__content h-column__v-align flex-basis-100 align-self-lg-start align-self-md-start align-self-start\">\n                <!---->\n                <div data-colibri-id=\"395-c11\" class=\"d-block style-598 style-local-395-c11 position-relative h-element\">\n                  <!---->\n                  <div class=\"h-image__frame-container-outer\">\n                    <div class=\"h-image__frame-container\">\n                      <!---->\n                      <!---->\n                      <img loading=\"lazy\" decoding=\"async\" width=\"600\" height=\"800\" src=\"https:\/\/hjss.mit-hosting01.dk\/wp-content\/uploads\/2024\/10\/img-20190110-102148_orig.jpg\" class=\"wp-image-571 style-598-image style-local-395-c11-image\" alt=\"\" srcset=\"https:\/\/hjss.mit-hosting01.dk\/wp-content\/uploads\/2024\/10\/img-20190110-102148_orig.jpg 600w, https:\/\/hjss.mit-hosting01.dk\/wp-content\/uploads\/2024\/10\/img-20190110-102148_orig-225x300.jpg 225w\" sizes=\"auto, (max-width: 600px) 100vw, 600px\" \/>\n                      <div class=\"h-image__frame h-hide-lg h-hide-md h-hide-sm style-598-frameImage style-local-395-c11-frameImage\"><\/div>\n                    <\/div>\n                  <\/div>\n                <\/div>\n              <\/div>\n            <\/div>\n          <\/div>\n        <\/div>\n      <\/div>\n    <\/div>\n  <\/div>\n<\/div>","protected":false},"excerpt":{"rendered":"<p>M\u00e5ren eller husm\u00e5ren kan virkelig blive en husejers mareridt. Den roder i isoleringen og bruger huset som sin bolig, desv\u00e6rre kan man v\u00e6re uheldig at den ogs\u00e5 bruger loftet, skunk som toilet. Det er et nataktivt dyr som v\u00e5gner op og g\u00e5r p\u00e5 jagt ved solnedgang. M\u00e5ren er et rovdyr. Den bliver mellem 42-48 cm [&hellip;]<\/p>\n","protected":false},"author":1,"featured_media":0,"parent":0,"menu_order":0,"comment_status":"closed","ping_status":"closed","template":"page-templates\/full-width-page.php","meta":{"footnotes":""},"class_list":["post-395","page","type-page","status-publish","hentry"],"_links":{"self":[{"href":"https:\/\/hjss.mit-hosting01.dk\/index.php\/wp-json\/wp\/v2\/pages\/395","targetHints":{"allow":["GET"]}}],"collection":[{"href":"https:\/\/hjss.mit-hosting01.dk\/index.php\/wp-json\/wp\/v2\/pages"}],"about":[{"href":"https:\/\/hjss.mit-hosting01.dk\/index.php\/wp-json\/wp\/v2\/types\/page"}],"author":[{"embeddable":true,"href":"https:\/\/hjss.mit-hosting01.dk\/index.php\/wp-json\/wp\/v2\/users\/1"}],"replies":[{"embeddable":true,"href":"https:\/\/hjss.mit-hosting01.dk\/index.php\/wp-json\/wp\/v2\/comments?post=395"}],"version-history":[{"count":2,"href":"https:\/\/hjss.mit-hosting01.dk\/index.php\/wp-json\/wp\/v2\/pages\/395\/revisions"}],"predecessor-version":[{"id":573,"href":"https:\/\/hjss.mit-hosting01.dk\/index.php\/wp-json\/wp\/v2\/pages\/395\/revisions\/573"}],"wp:attachment":[{"href":"https:\/\/hjss.mit-hosting01.dk\/index.php\/wp-json\/wp\/v2\/media?parent=395"}],"curies":[{"name":"wp","href":"https:\/\/api.w.org\/{rel}","templated":true}]}}