{"id":399,"date":"2024-10-24T11:45:56","date_gmt":"2024-10-24T11:45:56","guid":{"rendered":"https:\/\/hjss.mit-hosting01.dk\/?page_id=399"},"modified":"2024-10-24T13:07:16","modified_gmt":"2024-10-24T13:07:16","slug":"mol","status":"publish","type":"page","link":"https:\/\/hjss.mit-hosting01.dk\/index.php\/mol\/","title":{"rendered":"M\u00f8l"},"content":{"rendered":"<div data-colibri-id=\"399-c1\" class=\"style-610 style-local-399-c1 position-relative\">\n  <!---->\n  <div data-colibri-component=\"section\" data-colibri-id=\"399-c2\" id=\"custom\" class=\"h-section h-section-global-spacing d-flex align-items-lg-center align-items-md-center align-items-center style-611 style-local-399-c2 position-relative\">\n    <!---->\n    <!---->\n    <div class=\"h-section-grid-container h-section-boxed-container\">\n      <!---->\n      <div data-colibri-id=\"399-c3\" class=\"h-row-container gutters-row-lg-2 gutters-row-md-2 gutters-row-0 gutters-row-v-lg-2 gutters-row-v-md-2 gutters-row-v-2 style-612 style-local-399-c3 position-relative\">\n        <!---->\n        <div class=\"h-row justify-content-lg-center justify-content-md-center justify-content-center align-items-lg-stretch align-items-md-stretch align-items-stretch gutters-col-lg-2 gutters-col-md-2 gutters-col-0 gutters-col-v-lg-2 gutters-col-v-md-2 gutters-col-v-2\">\n          <!---->\n          <div class=\"h-column h-column-container d-flex h-col-lg-auto h-col-md-auto h-col-auto style-613-outer style-local-399-c4-outer\">\n            <div data-colibri-id=\"399-c4\" class=\"d-flex h-flex-basis h-column__inner h-px-lg-2 h-px-md-2 h-px-2 v-inner-lg-2 v-inner-md-2 v-inner-2 style-613 style-local-399-c4 position-relative\">\n              <!---->\n              <!---->\n              <div class=\"w-100 h-y-container h-column__content h-column__v-align flex-basis-100 align-self-lg-start align-self-md-start align-self-start\">\n                <!---->\n                <div data-colibri-id=\"399-c5\" class=\"page-title style-614 style-local-399-c5 position-relative h-element\">\n                  <!---->\n                  <div class=\"h-page-title__outer style-614-outer style-local-399-c5-outer\">\n                    <div class=\"h-global-transition-all\"><span><h1 style='margin-bottom:0'>M\u00f8l<\/h1><\/span><\/div>\n                  <\/div>\n                <\/div>\n              <\/div>\n            <\/div>\n          <\/div>\n        <\/div>\n      <\/div>\n      <div data-colibri-id=\"399-c6\" class=\"h-row-container gutters-row-lg-2 gutters-row-md-2 gutters-row-0 gutters-row-v-lg-2 gutters-row-v-md-2 gutters-row-v-2 style-615 style-local-399-c6 position-relative\">\n        <!---->\n        <div class=\"h-row justify-content-lg-center justify-content-md-center justify-content-center align-items-lg-stretch align-items-md-stretch align-items-stretch gutters-col-lg-2 gutters-col-md-2 gutters-col-0 gutters-col-v-lg-2 gutters-col-v-md-2 gutters-col-v-2\">\n          <!---->\n          <div class=\"h-column h-column-container d-flex h-col-lg-auto h-col-md-auto h-col-auto style-616-outer style-local-399-c7-outer\">\n            <div data-colibri-id=\"399-c7\" class=\"d-flex h-flex-basis h-column__inner h-px-lg-2 h-px-md-2 h-px-2 v-inner-lg-2 v-inner-md-2 v-inner-2 style-616 style-local-399-c7 position-relative\">\n              <!---->\n              <!---->\n              <div class=\"w-100 h-y-container h-column__content h-column__v-align flex-basis-100 align-self-lg-start align-self-md-start align-self-start\">\n                <!---->\n                <div data-colibri-id=\"399-c8\" class=\"h-text h-text-component style-617 style-local-399-c8 position-relative h-element\">\n                  <!---->\n                  <!---->\n                  <div class=\"\">\n                    <p><span style=\"font-weight: 400; font-size: large; font-family: &quot;Quattrocento Sans&quot;, sans-serif; color: rgb(42, 42, 42);\">Mel-m\u00f8l, ofte kendt for at g\u00e5 i korn produkter. De ses ofte i k\u00f8kkener og i stalde hvor der opbevares melet korn.&nbsp;<\/span>\n                      <br>\n                      <br><span style=\"font-weight: 400; font-size: large; font-family: &quot;Quattrocento Sans&quot;, sans-serif; color: rgb(42, 42, 42);\">Mel og fr\u00f8m\u00f8l lever af melet, s\u00e5 det er vigtigt at smide alle mel produkter ud. Reng\u00f8ring af skabe n\u00f8dvendig, spr\u00f8jtning med et middel som sl\u00e5r m\u00f8l ihjel. Er det et fugtigt hus, kan det v\u00e6re en god ide at opbevare mel produkter i lukket plastik poser.<\/span>\n                      <br>\n                      <br><strong style=\"font-size: large; font-family: &quot;Quattrocento Sans&quot;, sans-serif; color: rgb(42, 42, 42);\">1. spr\u00f8jtning indend\u00f8rs&nbsp;1000 kroner inkl. moms 1 plans hus<br>2. spr\u00f8jtning indend\u00f8rs 1500 kroner inkl. moms 2 plans hus<\/strong><\/p>\n                  <\/div>\n                <\/div>\n              <\/div>\n            <\/div>\n          <\/div>\n        <\/div>\n      <\/div>\n    <\/div>\n  <\/div>\n<\/div>","protected":false},"excerpt":{"rendered":"<p>Mel-m\u00f8l, ofte kendt for at g\u00e5 i korn produkter. De ses ofte i k\u00f8kkener og i stalde hvor der opbevares melet korn.&nbsp; Mel og fr\u00f8m\u00f8l lever af melet, s\u00e5 det er vigtigt at smide alle mel produkter ud. Reng\u00f8ring af skabe n\u00f8dvendig, spr\u00f8jtning med et middel som sl\u00e5r m\u00f8l ihjel. Er det et fugtigt hus, [&hellip;]<\/p>\n","protected":false},"author":1,"featured_media":0,"parent":0,"menu_order":0,"comment_status":"closed","ping_status":"closed","template":"page-templates\/full-width-page.php","meta":{"footnotes":""},"class_list":["post-399","page","type-page","status-publish","hentry"],"_links":{"self":[{"href":"https:\/\/hjss.mit-hosting01.dk\/index.php\/wp-json\/wp\/v2\/pages\/399","targetHints":{"allow":["GET"]}}],"collection":[{"href":"https:\/\/hjss.mit-hosting01.dk\/index.php\/wp-json\/wp\/v2\/pages"}],"about":[{"href":"https:\/\/hjss.mit-hosting01.dk\/index.php\/wp-json\/wp\/v2\/types\/page"}],"author":[{"embeddable":true,"href":"https:\/\/hjss.mit-hosting01.dk\/index.php\/wp-json\/wp\/v2\/users\/1"}],"replies":[{"embeddable":true,"href":"https:\/\/hjss.mit-hosting01.dk\/index.php\/wp-json\/wp\/v2\/comments?post=399"}],"version-history":[{"count":2,"href":"https:\/\/hjss.mit-hosting01.dk\/index.php\/wp-json\/wp\/v2\/pages\/399\/revisions"}],"predecessor-version":[{"id":588,"href":"https:\/\/hjss.mit-hosting01.dk\/index.php\/wp-json\/wp\/v2\/pages\/399\/revisions\/588"}],"wp:attachment":[{"href":"https:\/\/hjss.mit-hosting01.dk\/index.php\/wp-json\/wp\/v2\/media?parent=399"}],"curies":[{"name":"wp","href":"https:\/\/api.w.org\/{rel}","templated":true}]}}