{"id":401,"date":"2024-10-24T11:46:08","date_gmt":"2024-10-24T11:46:08","guid":{"rendered":"https:\/\/hjss.mit-hosting01.dk\/?page_id=401"},"modified":"2024-10-24T13:10:48","modified_gmt":"2024-10-24T13:10:48","slug":"mel-mol","status":"publish","type":"page","link":"https:\/\/hjss.mit-hosting01.dk\/index.php\/mel-mol\/","title":{"rendered":"Mel M\u00f8l"},"content":{"rendered":"<div data-colibri-id=\"401-c1\" class=\"style-618 style-local-401-c1 position-relative\">\n  <!---->\n  <div data-colibri-component=\"section\" data-colibri-id=\"401-c2\" id=\"custom\" class=\"h-section h-section-global-spacing d-flex align-items-lg-center align-items-md-center align-items-center style-619 style-local-401-c2 position-relative\">\n    <!---->\n    <!---->\n    <div class=\"h-section-grid-container h-section-boxed-container\">\n      <!---->\n      <div data-colibri-id=\"401-c5\" class=\"h-row-container gutters-row-lg-2 gutters-row-md-2 gutters-row-0 gutters-row-v-lg-2 gutters-row-v-md-2 gutters-row-v-2 style-622 style-local-401-c5 position-relative\">\n        <!---->\n        <div class=\"h-row justify-content-lg-center justify-content-md-center justify-content-center align-items-lg-stretch align-items-md-stretch align-items-stretch gutters-col-lg-2 gutters-col-md-2 gutters-col-0 gutters-col-v-lg-2 gutters-col-v-md-2 gutters-col-v-2\">\n          <!---->\n          <div class=\"h-column h-column-container d-flex h-col-lg-auto h-col-md-auto h-col-auto style-623-outer style-local-401-c6-outer\">\n            <div data-colibri-id=\"401-c6\" class=\"d-flex h-flex-basis h-column__inner h-px-lg-2 h-px-md-2 h-px-2 v-inner-lg-2 v-inner-md-2 v-inner-2 style-623 style-local-401-c6 position-relative\">\n              <!---->\n              <!---->\n              <div class=\"w-100 h-y-container h-column__content h-column__v-align flex-basis-100 align-self-lg-start align-self-md-start align-self-start\">\n                <!---->\n                <div data-colibri-id=\"401-c7\" class=\"page-title style-624 style-local-401-c7 position-relative h-element\">\n                  <!---->\n                  <div class=\"h-page-title__outer style-624-outer style-local-401-c7-outer\">\n                    <div class=\"h-global-transition-all\"><span><h1 style='margin-bottom:0'>Mel M\u00f8l<\/h1><\/span><\/div>\n                  <\/div>\n                <\/div>\n              <\/div>\n            <\/div>\n          <\/div>\n        <\/div>\n      <\/div>\n      <div data-colibri-id=\"401-c3\" class=\"h-row-container gutters-row-lg-2 gutters-row-md-2 gutters-row-0 gutters-row-v-lg-2 gutters-row-v-md-2 gutters-row-v-2 style-620 style-local-401-c3 position-relative\">\n        <!---->\n        <div class=\"h-row justify-content-lg-center justify-content-md-center justify-content-center align-items-lg-stretch align-items-md-stretch align-items-stretch gutters-col-lg-2 gutters-col-md-2 gutters-col-0 gutters-col-v-lg-2 gutters-col-v-md-2 gutters-col-v-2\">\n          <!---->\n          <div class=\"h-column h-column-container d-flex h-col-lg-auto h-col-md-auto h-col-auto style-621-outer style-local-401-c4-outer\">\n            <div data-colibri-id=\"401-c4\" class=\"d-flex h-flex-basis h-column__inner h-px-lg-2 h-px-md-2 h-px-2 v-inner-lg-2 v-inner-md-2 v-inner-2 style-621 style-local-401-c4 position-relative\">\n              <!---->\n              <!---->\n              <div class=\"w-100 h-y-container h-column__content h-column__v-align flex-basis-100 align-self-lg-start align-self-md-start align-self-start\">\n                <!---->\n                <div data-colibri-id=\"401-c10\" class=\"h-text h-text-component style-627 style-local-401-c10 position-relative h-element\">\n                  <!---->\n                  <!---->\n                  <div class=\"\">\n                    <p><strong style=\"color: rgb(0, 0, 0); font-weight: 400; font-size: 20px; font-family: &quot;Quattrocento Sans&quot;, sans-serif;\">Kendetegn<\/strong>\n                      <br><span style=\"color: rgb(0, 0, 0); font-weight: 400; font-size: 20px; font-family: &quot;Quattrocento Sans&quot;, sans-serif;\">Voksne melm\u00f8l er 10-14 mm lange og har et vingefang p\u00e5 16-27 mm. Hunnen er st\u00f8rst. Arten varierer noget; Forvingerne kan v\u00e6re mere eller mindre r\u00f8de, mellemfeltet har ofte en trekantet skygge mod randen og ydre mellemlinje, men den kan mangle eller udfylde det meste af mellemfeltet.<\/span>\n                      <br><span style=\"color: rgb(0, 0, 0); font-weight: 400; font-size: 20px; font-family: &quot;Quattrocento Sans&quot;, sans-serif;\">Arten kan forveksles med (Fr\u00f8m\u00f8l P. lienigalis), men hos melm\u00f8llet st\u00e5r mellemfeltet ofte lyst, i kontrast til den \u00f8vrige vinge, bagvingerne er lysere, ligesom linjeforl\u00f8bet er anderledes. Melm\u00f8ls \u00e6g er ovale, men har nogle gange en lille hvid-gr\u00e5 fremskydning i den ene ende.&nbsp;\u00c6ggene er meget sm\u00e5 (0,57 x 0,30 mm) og kun knap synlige med det blotte \u00f8je.<\/span>\n                      <br><span style=\"color: rgb(0, 0, 0); font-weight: 400; font-size: 20px; font-family: &quot;Quattrocento Sans&quot;, sans-serif;\">Melm\u00f8ls larver har hvid-gullige eller let lyser\u00f8de kroppe med sorte pletter, som bruges til at spinde deres pupper. Deres hoveder er r\u00f8dbrune i farven. Larverne er meget sm\u00e5 ved udkl\u00e6kkelse og bliver op til 12 mm som fuldvoksne. N\u00e5r en larve begynder at spinde sin puppe, f\u00e5r dens krop en mere r\u00f8d-brun farve.<\/span>\n                      <br><strong style=\"color: rgb(0, 0, 0); font-weight: 400; font-size: 20px; font-family: &quot;Quattrocento Sans&quot;, sans-serif;\">Biologi<\/strong><span style=\"color: rgb(0, 0, 0); font-weight: 400; font-size: 20px; font-family: &quot;Quattrocento Sans&quot;, sans-serif;\">&nbsp;<\/span>\n                      <br><span style=\"color: rgb(0, 0, 0); font-weight: 400; font-size: 20px; font-family: &quot;Quattrocento Sans&quot;, sans-serif;\">Larven lever i mel, gryn, h\u00f8 og halm, og alt muligt planteaffald. I Danmark er arten ogs\u00e5 kl\u00e6kket fra en hul Eg. Larven er fremme fra september til maj. Den er undertiden to-\u00e5rig. Danner et relativt langt spundet r\u00f8r, som er d\u00e6kket af mel eller andet foder, og forpupper sig i en lille kokon af t\u00e6t silke, d\u00e6kket med foderet. Indend\u00f8rs kan der komme op til 5 generationer \u00e5rligt. Det voksne dyr sidder sidder frit fremme om dagen, oftest i krogene. Hunner sidder med bagkroppen skudt i vejret. Arten holder til i stalde, udhuse, bagerier, gamle m\u00f8lleroer og lignende steder.<\/span>\n                      <br><strong style=\"color: rgb(0, 0, 0); font-weight: 400; font-size: 20px; font-family: &quot;Quattrocento Sans&quot;, sans-serif;\">Bek\u00e6mpelse<\/strong><span style=\"color: rgb(0, 0, 0); font-weight: 400; font-size: 20px; font-family: &quot;Quattrocento Sans&quot;, sans-serif;\">&nbsp;<\/span>\n                      <br><span style=\"color: rgb(0, 0, 0); font-weight: 400; font-size: 20px; font-family: &quot;Quattrocento Sans&quot;, sans-serif;\">Ved bek\u00e6mpelse af Tofarvet Fr\u00f8m\u00f8l handler det om at fjerne alle \u00e6g, larver og voksne m\u00f8l. \u00c6ggene og larverne findes i t\u00f8rre f\u00f8devarer i k\u00f8kkenet. Man skal derfor inspicere alle disse f\u00f8devarer grundigt. Hvis der er tegn p\u00e5 m\u00f8l i f\u00f8devarerne, b\u00f8r man kassere f\u00f8devarerne og straks fjerne affaldet fra hjemmet. Det er vigtigt at reng\u00f8re alle k\u00f8kkenskabe, hvor de t\u00f8rre f\u00f8devarer opbevares.<\/span>\n                      <br><span style=\"color: rgb(0, 0, 0); font-weight: 400; font-size: 20px; font-family: &quot;Quattrocento Sans&quot;, sans-serif;\">Man m\u00e5 aldrig anvende vand til reng\u00f8ringen, da dette kan forv\u00e6rre problemet, da fugt forbedrer fr\u00f8m\u00f8llenes (og andre m\u00f8ls) livsvilk\u00e5r. Brug i stedet en st\u00f8vsuger samt en t\u00f8r klud fugtet med almindelig lagereddike. St\u00f8vsug alle k\u00f8kkenskabene og tilst\u00f8dende omr\u00e5der grundigt og v\u00e6r s\u00e6rlig omhyggelig i hj\u00f8rner, spr\u00e6kker, revner, huller osv. Slut af med at t\u00f8rre alle flader, hj\u00f8rner, rander og kanter af med eddike-kluden.<br><br>\u200b<\/span><\/p>\n                  <\/div>\n                <\/div>\n              <\/div>\n            <\/div>\n          <\/div>\n        <\/div>\n      <\/div>\n    <\/div>\n  <\/div>\n<\/div>","protected":false},"excerpt":{"rendered":"<p>Kendetegn Voksne melm\u00f8l er 10-14 mm lange og har et vingefang p\u00e5 16-27 mm. Hunnen er st\u00f8rst. Arten varierer noget; Forvingerne kan v\u00e6re mere eller mindre r\u00f8de, mellemfeltet har ofte en trekantet skygge mod randen og ydre mellemlinje, men den kan mangle eller udfylde det meste af mellemfeltet. Arten kan forveksles med (Fr\u00f8m\u00f8l P. lienigalis), [&hellip;]<\/p>\n","protected":false},"author":1,"featured_media":0,"parent":0,"menu_order":0,"comment_status":"closed","ping_status":"closed","template":"page-templates\/full-width-page.php","meta":{"footnotes":""},"class_list":["post-401","page","type-page","status-publish","hentry"],"_links":{"self":[{"href":"https:\/\/hjss.mit-hosting01.dk\/index.php\/wp-json\/wp\/v2\/pages\/401","targetHints":{"allow":["GET"]}}],"collection":[{"href":"https:\/\/hjss.mit-hosting01.dk\/index.php\/wp-json\/wp\/v2\/pages"}],"about":[{"href":"https:\/\/hjss.mit-hosting01.dk\/index.php\/wp-json\/wp\/v2\/types\/page"}],"author":[{"embeddable":true,"href":"https:\/\/hjss.mit-hosting01.dk\/index.php\/wp-json\/wp\/v2\/users\/1"}],"replies":[{"embeddable":true,"href":"https:\/\/hjss.mit-hosting01.dk\/index.php\/wp-json\/wp\/v2\/comments?post=401"}],"version-history":[{"count":2,"href":"https:\/\/hjss.mit-hosting01.dk\/index.php\/wp-json\/wp\/v2\/pages\/401\/revisions"}],"predecessor-version":[{"id":595,"href":"https:\/\/hjss.mit-hosting01.dk\/index.php\/wp-json\/wp\/v2\/pages\/401\/revisions\/595"}],"wp:attachment":[{"href":"https:\/\/hjss.mit-hosting01.dk\/index.php\/wp-json\/wp\/v2\/media?parent=401"}],"curies":[{"name":"wp","href":"https:\/\/api.w.org\/{rel}","templated":true}]}}