{"id":403,"date":"2024-10-24T11:46:23","date_gmt":"2024-10-24T11:46:23","guid":{"rendered":"https:\/\/hjss.mit-hosting01.dk\/?page_id=403"},"modified":"2024-10-24T13:11:28","modified_gmt":"2024-10-24T13:11:28","slug":"tofarvel-mol","status":"publish","type":"page","link":"https:\/\/hjss.mit-hosting01.dk\/index.php\/tofarvel-mol\/","title":{"rendered":"Tofarvel M\u00f8l"},"content":{"rendered":"<div data-colibri-id=\"403-c1\" class=\"style-628 style-local-403-c1 position-relative\">\n  <!---->\n  <div data-colibri-component=\"section\" data-colibri-id=\"403-c2\" id=\"custom\" class=\"h-section h-section-global-spacing d-flex align-items-lg-center align-items-md-center align-items-center style-629 style-local-403-c2 position-relative\">\n    <!---->\n    <!---->\n    <div class=\"h-section-grid-container h-section-boxed-container\">\n      <!---->\n      <div data-colibri-id=\"403-c3\" class=\"h-row-container gutters-row-lg-2 gutters-row-md-2 gutters-row-0 gutters-row-v-lg-2 gutters-row-v-md-2 gutters-row-v-2 style-630 style-local-403-c3 position-relative\">\n        <!---->\n        <div class=\"h-row justify-content-lg-center justify-content-md-center justify-content-center align-items-lg-stretch align-items-md-stretch align-items-stretch gutters-col-lg-2 gutters-col-md-2 gutters-col-0 gutters-col-v-lg-2 gutters-col-v-md-2 gutters-col-v-2\">\n          <!---->\n          <div class=\"h-column h-column-container d-flex h-col-lg-auto h-col-md-auto h-col-auto style-631-outer style-local-403-c4-outer\">\n            <div data-colibri-id=\"403-c4\" class=\"d-flex h-flex-basis h-column__inner h-px-lg-2 h-px-md-2 h-px-2 v-inner-lg-2 v-inner-md-2 v-inner-2 style-631 style-local-403-c4 position-relative\">\n              <!---->\n              <!---->\n              <div class=\"w-100 h-y-container h-column__content h-column__v-align flex-basis-100 align-self-lg-start align-self-md-start align-self-start\">\n                <!---->\n                <div data-colibri-id=\"403-c5\" class=\"page-title style-632 style-local-403-c5 position-relative h-element\">\n                  <!---->\n                  <div class=\"h-page-title__outer style-632-outer style-local-403-c5-outer\">\n                    <div class=\"h-global-transition-all\"><span><h1 style='margin-bottom:0'>Tofarvel M\u00f8l<\/h1><\/span><\/div>\n                  <\/div>\n                <\/div>\n                <div data-colibri-id=\"403-c6\" class=\"h-text h-text-component style-633 style-local-403-c6 position-relative h-element\">\n                  <!---->\n                  <!---->\n                  <div class=\"\">\n                    <p><span style=\"font-weight: 400; font-size: 20px; font-family: &quot;Quattrocento Sans&quot;, sans-serif; color: rgb(42, 42, 42);\">Kendetegn<\/span>\n                      <br>\n                      <br><span style=\"font-weight: 400; font-size: 20px; font-family: &quot;Quattrocento Sans&quot;, sans-serif; color: rgb(42, 42, 42);\">Vingefang 14-22 mm. Hunner er st\u00f8rst. Hannen har den kraftigste sk\u00e6lddusk ved forvingeroden. Arten er let kendelig p\u00e5 kontrasten mellem det lyse rodfelt og det r\u00f8debrune-m\u00f8rkebrune mellem- og s\u00f8mfelt.<\/span>\n                      <br>\n                      <br><span style=\"font-weight: 400; font-size: 20px; font-family: &quot;Quattrocento Sans&quot;, sans-serif; color: rgb(42, 42, 42);\">Variation<\/span>\n                      <br>\n                      <br><span style=\"font-weight: 400; font-size: 20px; font-family: &quot;Quattrocento Sans&quot;, sans-serif; color: rgb(42, 42, 42);\">Det r\u00f8dbrune felt kan blive lysere eller m\u00f8rkere. Rodfeltet kan v\u00e6re form\u00f8rket.<\/span>\n                      <br>\n                      <br><span style=\"font-weight: 400; font-size: 20px; font-family: &quot;Quattrocento Sans&quot;, sans-serif; color: rgb(42, 42, 42);\">Biologi<\/span>\n                      <br>\n                      <br><span style=\"font-weight: 400; font-size: 20px; font-family: &quot;Quattrocento Sans&quot;, sans-serif; color: rgb(42, 42, 42);\">\u00c6gget l\u00e6gget enkeltvis eller i sm\u00e5 klynger p\u00e5, eller n\u00e6r foderet og kl\u00e6kker fra f\u00e5 dage og op til 2 uger senere, afh\u00e6ngig af omst\u00e6ndighederne.<\/span>\n                      <br>\n                      <br><span style=\"font-weight: 400; font-size: 20px; font-family: &quot;Quattrocento Sans&quot;, sans-serif; color: rgb(42, 42, 42);\">Larven \u00e6der al slags korn, t\u00f8rstoffer (majs, t\u00f8rret frugt, n\u00f8dder, rosiner m.v.) og m\u00e5ske ogs\u00e5 t\u00f8rrede insekter. Udviklingen tager fra 2 uger til 2 \u00e5r. Larven danner spind og ekskrementer i det inficerede foder. N\u00e5r den er fuldvoksen vandrer den, til den finder en revne at forpuppe sig i.<\/span>\n                      <br>\n                      <br><span style=\"font-weight: 400; font-size: 20px; font-family: &quot;Quattrocento Sans&quot;, sans-serif; color: rgb(42, 42, 42);\">Puppehvilen varer 4-30 dage. Der er normalt 6 hudskifter, men under gunstige temperaturforhold kan antallet reduceret til 5 og under ugunstige forl\u00e6nges til 7.<\/span>\n                      <br>\n                      <br><span style=\"font-weight: 400; font-size: 20px; font-family: &quot;Quattrocento Sans&quot;, sans-serif; color: rgb(42, 42, 42);\">Det voksne dyr opholder sig ved foderet d\u00f8gnet rundt.<\/span>\n                      <br>\n                      <br><span style=\"font-weight: 400; font-size: 20px; font-family: &quot;Quattrocento Sans&quot;, sans-serif; color: rgb(42, 42, 42);\">Levested<\/span>\n                      <br>\n                      <br><span style=\"font-weight: 400; font-size: 20px; font-family: &quot;Quattrocento Sans&quot;, sans-serif; color: rgb(42, 42, 42);\">Arten holder til i kornlagre, dyrehandlere, og steder hvor f\u00f8devarer opbevares. Den er f.eks. ofte til stede i hamsterfoder. Det er en af de hyppigste arter folk m\u00f8der i hjemmet.<\/span>\n                      <br>\n                      <br><span style=\"font-weight: 400; font-size: 20px; font-family: &quot;Quattrocento Sans&quot;, sans-serif; color: rgb(42, 42, 42);\">Udbredelse<\/span>\n                      <br>\n                      <br><span style=\"font-weight: 400; font-size: 20px; font-family: &quot;Quattrocento Sans&quot;, sans-serif; color: rgb(42, 42, 42);\">Udbredelsen er mere eller mindre tilf\u00e6ldig. Arten findes sj\u00e6ldent udend\u00f8rs.<\/span>\n                      <br>\n                      <br><span style=\"font-weight: 400; font-size: 20px; font-family: &quot;Quattrocento Sans&quot;, sans-serif; color: rgb(42, 42, 42);\">Hvorn\u00e5r ses den?&nbsp;<\/span>\n                      <br>\n                      <br><span style=\"font-weight: 400; font-size: 20px; font-family: &quot;Quattrocento Sans&quot;, sans-serif; color: rgb(42, 42, 42);\">Kan ses hele \u00e5ret.<\/span>\n                      <br>\n                      <br><span style=\"font-weight: 400; font-size: 20px; font-family: &quot;Quattrocento Sans&quot;, sans-serif; color: rgb(42, 42, 42);\">Status<\/span>\n                      <br>\n                      <br><span style=\"font-weight: 400; font-size: 20px; font-family: &quot;Quattrocento Sans&quot;, sans-serif; color: rgb(42, 42, 42);\">Arten er almindelig i Danmark<\/span><\/p>\n                  <\/div>\n                <\/div>\n              <\/div>\n            <\/div>\n          <\/div>\n        <\/div>\n      <\/div>\n    <\/div>\n  <\/div>\n<\/div>","protected":false},"excerpt":{"rendered":"<p>Kendetegn Vingefang 14-22 mm. Hunner er st\u00f8rst. Hannen har den kraftigste sk\u00e6lddusk ved forvingeroden. Arten er let kendelig p\u00e5 kontrasten mellem det lyse rodfelt og det r\u00f8debrune-m\u00f8rkebrune mellem- og s\u00f8mfelt. Variation Det r\u00f8dbrune felt kan blive lysere eller m\u00f8rkere. Rodfeltet kan v\u00e6re form\u00f8rket. Biologi \u00c6gget l\u00e6gget enkeltvis eller i sm\u00e5 klynger p\u00e5, eller n\u00e6r foderet [&hellip;]<\/p>\n","protected":false},"author":1,"featured_media":0,"parent":0,"menu_order":0,"comment_status":"closed","ping_status":"closed","template":"page-templates\/full-width-page.php","meta":{"footnotes":""},"class_list":["post-403","page","type-page","status-publish","hentry"],"_links":{"self":[{"href":"https:\/\/hjss.mit-hosting01.dk\/index.php\/wp-json\/wp\/v2\/pages\/403","targetHints":{"allow":["GET"]}}],"collection":[{"href":"https:\/\/hjss.mit-hosting01.dk\/index.php\/wp-json\/wp\/v2\/pages"}],"about":[{"href":"https:\/\/hjss.mit-hosting01.dk\/index.php\/wp-json\/wp\/v2\/types\/page"}],"author":[{"embeddable":true,"href":"https:\/\/hjss.mit-hosting01.dk\/index.php\/wp-json\/wp\/v2\/users\/1"}],"replies":[{"embeddable":true,"href":"https:\/\/hjss.mit-hosting01.dk\/index.php\/wp-json\/wp\/v2\/comments?post=403"}],"version-history":[{"count":2,"href":"https:\/\/hjss.mit-hosting01.dk\/index.php\/wp-json\/wp\/v2\/pages\/403\/revisions"}],"predecessor-version":[{"id":602,"href":"https:\/\/hjss.mit-hosting01.dk\/index.php\/wp-json\/wp\/v2\/pages\/403\/revisions\/602"}],"wp:attachment":[{"href":"https:\/\/hjss.mit-hosting01.dk\/index.php\/wp-json\/wp\/v2\/media?parent=403"}],"curies":[{"name":"wp","href":"https:\/\/api.w.org\/{rel}","templated":true}]}}