{"id":407,"date":"2024-10-24T11:46:46","date_gmt":"2024-10-24T11:46:46","guid":{"rendered":"https:\/\/hjss.mit-hosting01.dk\/?page_id=407"},"modified":"2024-10-24T13:13:41","modified_gmt":"2024-10-24T13:13:41","slug":"pels-mol","status":"publish","type":"page","link":"https:\/\/hjss.mit-hosting01.dk\/index.php\/pels-mol\/","title":{"rendered":"Pels M\u00f8l"},"content":{"rendered":"<div data-colibri-id=\"407-c1\" class=\"style-642 style-local-407-c1 position-relative\">\n  <!---->\n  <div data-colibri-component=\"section\" data-colibri-id=\"407-c2\" id=\"custom\" class=\"h-section h-section-global-spacing d-flex align-items-lg-center align-items-md-center align-items-center style-643 style-local-407-c2 position-relative\">\n    <!---->\n    <!---->\n    <div class=\"h-section-grid-container h-section-boxed-container\">\n      <!---->\n      <div data-colibri-id=\"407-c3\" class=\"h-row-container gutters-row-lg-2 gutters-row-md-2 gutters-row-0 gutters-row-v-lg-2 gutters-row-v-md-2 gutters-row-v-2 style-644 style-local-407-c3 position-relative\">\n        <!---->\n        <div class=\"h-row justify-content-lg-center justify-content-md-center justify-content-center align-items-lg-stretch align-items-md-stretch align-items-stretch gutters-col-lg-2 gutters-col-md-2 gutters-col-0 gutters-col-v-lg-2 gutters-col-v-md-2 gutters-col-v-2\">\n          <!---->\n          <div class=\"h-column h-column-container d-flex h-col-lg-auto h-col-md-auto h-col-auto style-645-outer style-local-407-c4-outer\">\n            <div data-colibri-id=\"407-c4\" class=\"d-flex h-flex-basis h-column__inner h-px-lg-2 h-px-md-2 h-px-2 v-inner-lg-2 v-inner-md-2 v-inner-2 style-645 style-local-407-c4 position-relative\">\n              <!---->\n              <!---->\n              <div class=\"w-100 h-y-container h-column__content h-column__v-align flex-basis-100 align-self-lg-start align-self-md-start align-self-start\">\n                <!---->\n                <div data-colibri-id=\"407-c5\" class=\"page-title style-646 style-local-407-c5 position-relative h-element\">\n                  <!---->\n                  <div class=\"h-page-title__outer style-646-outer style-local-407-c5-outer\">\n                    <div class=\"h-global-transition-all\"><span><h1 style='margin-bottom:0'>Pels M\u00f8l<\/h1><\/span><\/div>\n                  <\/div>\n                <\/div>\n                <div data-colibri-id=\"407-c6\" class=\"d-block style-647 style-local-407-c6 position-relative h-element\">\n                  <!---->\n                  <div class=\"h-image__frame-container-outer\">\n                    <div class=\"h-image__frame-container\">\n                      <!---->\n                      <!---->\n                      <img loading=\"lazy\" decoding=\"async\" width=\"200\" height=\"190\" src=\"https:\/\/hjss.mit-hosting01.dk\/wp-content\/uploads\/2024\/10\/pelsm-l-billede_orig.jpg\" class=\"wp-image-615 style-647-image style-local-407-c6-image\" alt=\"\" \/>\n                      <div class=\"h-image__frame h-hide-lg h-hide-md h-hide-sm style-647-frameImage style-local-407-c6-frameImage\"><\/div>\n                    <\/div>\n                  <\/div>\n                <\/div>\n                <div data-colibri-id=\"407-c7\" class=\"h-text h-text-component style-648 style-local-407-c7 position-relative h-element\">\n                  <!---->\n                  <!---->\n                  <div class=\"\">\n                    <p><strong style=\"font-size: 20px; font-family: &quot;Quattrocento Sans&quot;, sans-serif; color: rgb(0, 0, 0);\">Kendetegn<\/strong>\n                      <br><span style=\"color: rgb(0, 0, 0); font-weight: 400; font-size: 20px; font-family: &quot;Quattrocento Sans&quot;, sans-serif;\">L\u00e6ngden p\u00e5 de voksne m\u00f8l er 6-8 mm med et vingefang p\u00e5 7-9 mm. Voksne m\u00f8l er m\u00f8rke brungule, normalt med tre m\u00f8rke pletter p\u00e5 hver forvinge. Larverne er r\u00e5hvide med brunligt hovede og 8-10 mm i l\u00e6ngden. Larverne laver mere regelm\u00e6ssige huller i stoffet end det almindelige kl\u00e6dem\u00f8l. Pelsm\u00f8llarven kryber rundt med sit hylster, som den til sidst forpupper sig i.<\/span>\n                      <br><strong style=\"font-size: 20px; font-family: &quot;Quattrocento Sans&quot;, sans-serif; color: rgb(0, 0, 0);\">Biologi<\/strong>\n                      <br><span style=\"color: rgb(0, 0, 0); font-weight: 400; font-size: 20px; font-family: &quot;Quattrocento Sans&quot;, sans-serif;\">Pelsm\u00f8llet (Tinea pellionella) er en gammel naturligt forekommende art i Danmark, og det trives fint i det danske klima. Pelsm\u00f8l findes ogs\u00e5 p\u00e5 naturlige udend\u00f8rs levesteder som i fuglereder. Pelsm\u00f8llet l\u00e6gger 100-150 \u00e6g, som kl\u00e6kkes p\u00e5 4-7 dage afh\u00e6ngig af temperaturen. De nykl\u00e6kkede larver udvikles til voksne m\u00f8l i l\u00f8bet af 40-60 dage. Af silke og rester af det angrebne materiale spinder pelsm\u00f8llarven et lille r\u00f8rformet hylster, som den kryber rundt med og kan tr\u00e6kke sig ind i, n\u00e5r den f\u00f8ler sig truet. Pelsm\u00f8llarven kr\u00e6ver h\u00f8jere fugtighed end kl\u00e6dem\u00f8llets larve.<\/span>\n                      <br><span style=\"color: rgb(0, 0, 0); font-weight: 400; font-size: 20px; font-family: &quot;Quattrocento Sans&quot;, sans-serif;\">N\u00e5r de er udvoksede, kryber pelsm\u00f8llarverne ofte rundt og forpupper sig i deres hylster, som placeres i revner, under lister og lignende steder. Konstaterer man angreb af pelsm\u00f8l, m\u00e5 man derfor ogs\u00e5 huske at behandle disse steder. Bem\u00e6rk at pelsm\u00f8llarven kravler op ad v\u00e6ggene og forpupper sig i revner mellem v\u00e6g og loft, under lister og lignende steder.<\/span>\n                      <br><strong style=\"font-size: 20px; font-family: &quot;Quattrocento Sans&quot;, sans-serif; color: rgb(0, 0, 0);\">Bek\u00e6mpelse<\/strong>\n                      <br><span style=\"color: rgb(0, 0, 0); font-weight: 400; font-size: 20px; font-family: &quot;Quattrocento Sans&quot;, sans-serif;\">Konstaterer du angreb af pelsm\u00f8l, b\u00f8r du st\u00f8vsuge\/spr\u00f8jte ekstra godt i revner i v\u00e6ggene.Bem\u00e6rk at pelsm\u00f8llarven kravler op ad v\u00e6ggene og forpupper sig i revner mellem v\u00e6g og loft, under lister og lignende steder. Pak uldt\u00f8j, garn og lignende, der ikke bruges j\u00e6vnligt eller gemmes v\u00e6k om sommeren, i fuldst\u00e6ndig t\u00e6tte plastikposer (s\u00f8rg for, at t\u00f8jet er frit for m\u00f8l, inden det pakkes v\u00e6k). Snavset t\u00f8j tiltr\u00e6kker visse m\u00f8l, s\u00e5 vask altid dit t\u00f8j, f\u00f8r du pakker det v\u00e6k. Er t\u00f8jet angrebet, skal det enten vaskes i vaskemaskinen eller sendes en tur til kemisk rens. Tre d\u00f8gn i fryseren ved \u00f718\u00b0C f\u00e5r ogs\u00e5 bugt med b\u00e5de \u00e6g og larver.<\/span>\n                      <br><span style=\"color: rgb(0, 0, 0); font-weight: 400; font-size: 20px; font-family: &quot;Quattrocento Sans&quot;, sans-serif;\">Er det store gulvt\u00e6pper eller m\u00f8bler, der er angrebet, skal de f\u00f8rst og fremmest st\u00f8vsuges grundigt \u2013 ogs\u00e5 p\u00e5 undersiden. S\u00e6rligt udsatte m\u00f8bler og t\u00e6pper kan behandles forebyggende med flydende m\u00f8lmiddel, der indeholder stoffet permethrin. Se listen over de godkendte midler med permethrin p\u00e5 Milj\u00f8styrelsens hjemmeside mst.dk.<br><\/span><\/p>\n                  <\/div>\n                <\/div>\n              <\/div>\n            <\/div>\n          <\/div>\n        <\/div>\n      <\/div>\n    <\/div>\n  <\/div>\n<\/div>","protected":false},"excerpt":{"rendered":"<p>Kendetegn L\u00e6ngden p\u00e5 de voksne m\u00f8l er 6-8 mm med et vingefang p\u00e5 7-9 mm. Voksne m\u00f8l er m\u00f8rke brungule, normalt med tre m\u00f8rke pletter p\u00e5 hver forvinge. Larverne er r\u00e5hvide med brunligt hovede og 8-10 mm i l\u00e6ngden. Larverne laver mere regelm\u00e6ssige huller i stoffet end det almindelige kl\u00e6dem\u00f8l. Pelsm\u00f8llarven kryber rundt med sit [&hellip;]<\/p>\n","protected":false},"author":1,"featured_media":0,"parent":0,"menu_order":0,"comment_status":"closed","ping_status":"closed","template":"page-templates\/full-width-page.php","meta":{"footnotes":""},"class_list":["post-407","page","type-page","status-publish","hentry"],"_links":{"self":[{"href":"https:\/\/hjss.mit-hosting01.dk\/index.php\/wp-json\/wp\/v2\/pages\/407","targetHints":{"allow":["GET"]}}],"collection":[{"href":"https:\/\/hjss.mit-hosting01.dk\/index.php\/wp-json\/wp\/v2\/pages"}],"about":[{"href":"https:\/\/hjss.mit-hosting01.dk\/index.php\/wp-json\/wp\/v2\/types\/page"}],"author":[{"embeddable":true,"href":"https:\/\/hjss.mit-hosting01.dk\/index.php\/wp-json\/wp\/v2\/users\/1"}],"replies":[{"embeddable":true,"href":"https:\/\/hjss.mit-hosting01.dk\/index.php\/wp-json\/wp\/v2\/comments?post=407"}],"version-history":[{"count":2,"href":"https:\/\/hjss.mit-hosting01.dk\/index.php\/wp-json\/wp\/v2\/pages\/407\/revisions"}],"predecessor-version":[{"id":617,"href":"https:\/\/hjss.mit-hosting01.dk\/index.php\/wp-json\/wp\/v2\/pages\/407\/revisions\/617"}],"wp:attachment":[{"href":"https:\/\/hjss.mit-hosting01.dk\/index.php\/wp-json\/wp\/v2\/media?parent=407"}],"curies":[{"name":"wp","href":"https:\/\/api.w.org\/{rel}","templated":true}]}}