{"id":409,"date":"2024-10-24T11:46:55","date_gmt":"2024-10-24T11:46:55","guid":{"rendered":"https:\/\/hjss.mit-hosting01.dk\/?page_id=409"},"modified":"2024-10-24T13:14:18","modified_gmt":"2024-10-24T13:14:18","slug":"kakerlakker","status":"publish","type":"page","link":"https:\/\/hjss.mit-hosting01.dk\/index.php\/kakerlakker\/","title":{"rendered":"Kakerlakker"},"content":{"rendered":"<div data-colibri-id=\"409-c1\" class=\"style-649 style-local-409-c1 position-relative\">\n  <!---->\n  <div data-colibri-component=\"section\" data-colibri-id=\"409-c2\" id=\"custom\" class=\"h-section h-section-global-spacing d-flex align-items-lg-center align-items-md-center align-items-center style-650 style-local-409-c2 position-relative\">\n    <!---->\n    <!---->\n    <div class=\"h-section-grid-container h-section-boxed-container\">\n      <!---->\n      <div data-colibri-id=\"409-c3\" class=\"h-row-container gutters-row-lg-2 gutters-row-md-2 gutters-row-0 gutters-row-v-lg-2 gutters-row-v-md-2 gutters-row-v-2 style-651 style-local-409-c3 position-relative\">\n        <!---->\n        <div class=\"h-row justify-content-lg-center justify-content-md-center justify-content-center align-items-lg-stretch align-items-md-stretch align-items-stretch gutters-col-lg-2 gutters-col-md-2 gutters-col-0 gutters-col-v-lg-2 gutters-col-v-md-2 gutters-col-v-2\">\n          <!---->\n          <div class=\"h-column h-column-container d-flex h-col-lg-auto h-col-md-auto h-col-auto style-652-outer style-local-409-c4-outer\">\n            <div data-colibri-id=\"409-c4\" class=\"d-flex h-flex-basis h-column__inner h-px-lg-2 h-px-md-2 h-px-2 v-inner-lg-2 v-inner-md-2 v-inner-2 style-652 style-local-409-c4 position-relative\">\n              <!---->\n              <!---->\n              <div class=\"w-100 h-y-container h-column__content h-column__v-align flex-basis-100 align-self-lg-start align-self-md-start align-self-start\">\n                <!---->\n                <div data-colibri-id=\"409-c5\" class=\"page-title style-653 style-local-409-c5 position-relative h-element\">\n                  <!---->\n                  <div class=\"h-page-title__outer style-653-outer style-local-409-c5-outer\">\n                    <div class=\"h-global-transition-all\"><span><h1 style='margin-bottom:0'>Kakerlakker<\/h1><\/span><\/div>\n                  <\/div>\n                <\/div>\n              <\/div>\n            <\/div>\n          <\/div>\n        <\/div>\n      <\/div>\n      <div data-colibri-id=\"409-c6\" class=\"h-row-container gutters-row-lg-2 gutters-row-md-2 gutters-row-0 gutters-row-v-lg-2 gutters-row-v-md-2 gutters-row-v-2 style-654 style-local-409-c6 position-relative\">\n        <!---->\n        <div class=\"h-row justify-content-lg-center justify-content-md-center justify-content-center align-items-lg-stretch align-items-md-stretch align-items-stretch gutters-col-lg-2 gutters-col-md-2 gutters-col-0 gutters-col-v-lg-2 gutters-col-v-md-2 gutters-col-v-2\">\n          <!---->\n          <div class=\"h-column h-column-container d-flex h-col-lg-auto h-col-md-auto h-col-auto style-655-outer style-local-409-c7-outer\">\n            <div data-colibri-id=\"409-c7\" class=\"d-flex h-flex-basis h-column__inner h-px-lg-2 h-px-md-2 h-px-2 v-inner-lg-2 v-inner-md-2 v-inner-2 style-655 style-local-409-c7 position-relative\">\n              <!---->\n              <!---->\n              <div class=\"w-100 h-y-container h-column__content h-column__v-align flex-basis-100 align-self-lg-start align-self-md-start align-self-start\">\n                <!---->\n                <div data-colibri-id=\"409-c8\" class=\"h-text h-text-component style-656 style-local-409-c8 position-relative h-element\">\n                  <!---->\n                  <!---->\n                  <div class=\"\">\n                    <p><span style=\"font-weight: 400; font-size: large; font-family: &quot;Quattrocento Sans&quot;, sans-serif; color: rgb(42, 42, 42);\">Kakerlakken&nbsp;lever hvor der er lunt og med masser af mad. De findes under gulvbr\u00e6dder og i skabe i k\u00f8kkener i private hjem, samt bagerier og restauranter. De er alt\u00e6dende og er selskabelige skadedyr.<\/span>\n                      <br>\n                      <br><span style=\"font-weight: 400; font-size: large; font-family: &quot;Quattrocento Sans&quot;, sans-serif; color: rgb(42, 42, 42);\">De skal bek\u00e6mpes med gift. Der kan k\u00f8bes lokkef\u00e6lder med et lokkemiddel i, n\u00e5r kakerlakken tr\u00e6der der i sidder den fast i limen. Ved st\u00f8rre angreb b\u00f8r vi kontaktes og der skal iv\u00e6rks\u00e6ttes en behandlingsplan for at undg\u00e5 at de spreder sig til hele huset.<\/span>\n                      <br>\n                    <\/p>\n                  <\/div>\n                <\/div>\n              <\/div>\n            <\/div>\n          <\/div>\n        <\/div>\n      <\/div>\n    <\/div>\n  <\/div>\n<\/div>","protected":false},"excerpt":{"rendered":"<p>Kakerlakken&nbsp;lever hvor der er lunt og med masser af mad. De findes under gulvbr\u00e6dder og i skabe i k\u00f8kkener i private hjem, samt bagerier og restauranter. De er alt\u00e6dende og er selskabelige skadedyr. De skal bek\u00e6mpes med gift. Der kan k\u00f8bes lokkef\u00e6lder med et lokkemiddel i, n\u00e5r kakerlakken tr\u00e6der der i sidder den fast i [&hellip;]<\/p>\n","protected":false},"author":1,"featured_media":0,"parent":0,"menu_order":0,"comment_status":"closed","ping_status":"closed","template":"page-templates\/full-width-page.php","meta":{"footnotes":""},"class_list":["post-409","page","type-page","status-publish","hentry"],"_links":{"self":[{"href":"https:\/\/hjss.mit-hosting01.dk\/index.php\/wp-json\/wp\/v2\/pages\/409","targetHints":{"allow":["GET"]}}],"collection":[{"href":"https:\/\/hjss.mit-hosting01.dk\/index.php\/wp-json\/wp\/v2\/pages"}],"about":[{"href":"https:\/\/hjss.mit-hosting01.dk\/index.php\/wp-json\/wp\/v2\/types\/page"}],"author":[{"embeddable":true,"href":"https:\/\/hjss.mit-hosting01.dk\/index.php\/wp-json\/wp\/v2\/users\/1"}],"replies":[{"embeddable":true,"href":"https:\/\/hjss.mit-hosting01.dk\/index.php\/wp-json\/wp\/v2\/comments?post=409"}],"version-history":[{"count":2,"href":"https:\/\/hjss.mit-hosting01.dk\/index.php\/wp-json\/wp\/v2\/pages\/409\/revisions"}],"predecessor-version":[{"id":624,"href":"https:\/\/hjss.mit-hosting01.dk\/index.php\/wp-json\/wp\/v2\/pages\/409\/revisions\/624"}],"wp:attachment":[{"href":"https:\/\/hjss.mit-hosting01.dk\/index.php\/wp-json\/wp\/v2\/media?parent=409"}],"curies":[{"name":"wp","href":"https:\/\/api.w.org\/{rel}","templated":true}]}}