{"id":413,"date":"2024-10-24T11:47:14","date_gmt":"2024-10-24T11:47:14","guid":{"rendered":"https:\/\/hjss.mit-hosting01.dk\/?page_id=413"},"modified":"2024-10-24T13:16:12","modified_gmt":"2024-10-24T13:16:12","slug":"lopper","status":"publish","type":"page","link":"https:\/\/hjss.mit-hosting01.dk\/index.php\/lopper\/","title":{"rendered":"Lopper"},"content":{"rendered":"<div data-colibri-id=\"413-c1\" class=\"style-665 style-local-413-c1 position-relative\">\n  <!---->\n  <div data-colibri-component=\"section\" data-colibri-id=\"413-c2\" id=\"custom\" class=\"h-section h-section-global-spacing d-flex align-items-lg-start align-items-md-start align-items-start style-666 style-local-413-c2 position-relative\">\n    <!---->\n    <!---->\n    <div class=\"h-section-grid-container h-section-boxed-container\">\n      <!---->\n      <div data-colibri-id=\"413-c5\" class=\"h-row-container gutters-row-lg-2 gutters-row-md-2 gutters-row-0 gutters-row-v-lg-2 gutters-row-v-md-2 gutters-row-v-2 style-669 style-local-413-c5 position-relative\">\n        <!---->\n        <div class=\"h-row justify-content-lg-center justify-content-md-center justify-content-center align-items-lg-stretch align-items-md-stretch align-items-stretch gutters-col-lg-2 gutters-col-md-2 gutters-col-0 gutters-col-v-lg-2 gutters-col-v-md-2 gutters-col-v-2\">\n          <!---->\n          <div class=\"h-column h-column-container d-flex h-col-lg-auto h-col-md-auto h-col-auto style-670-outer style-local-413-c6-outer\">\n            <div data-colibri-id=\"413-c6\" class=\"d-flex h-flex-basis h-column__inner h-px-lg-2 h-px-md-2 h-px-2 v-inner-lg-2 v-inner-md-2 v-inner-2 style-670 style-local-413-c6 position-relative\">\n              <!---->\n              <!---->\n              <div class=\"w-100 h-y-container h-column__content h-column__v-align flex-basis-100 align-self-lg-start align-self-md-start align-self-start\">\n                <!---->\n                <div data-colibri-id=\"413-c7\" class=\"page-title style-671 style-local-413-c7 position-relative h-element\">\n                  <!---->\n                  <div class=\"h-page-title__outer style-671-outer style-local-413-c7-outer\">\n                    <div class=\"h-global-transition-all\"><span><h1 style='margin-bottom:0'>Lopper<\/h1><\/span><\/div>\n                  <\/div>\n                <\/div>\n              <\/div>\n            <\/div>\n          <\/div>\n        <\/div>\n      <\/div>\n      <div data-colibri-id=\"413-c8\" class=\"h-row-container gutters-row-lg-2 gutters-row-md-2 gutters-row-0 gutters-row-v-lg-2 gutters-row-v-md-2 gutters-row-v-2 style-672 style-local-413-c8 position-relative\">\n        <!---->\n        <div class=\"h-row justify-content-lg-center justify-content-md-center justify-content-center align-items-lg-stretch align-items-md-stretch align-items-stretch gutters-col-lg-2 gutters-col-md-2 gutters-col-0 gutters-col-v-lg-2 gutters-col-v-md-2 gutters-col-v-2\">\n          <!---->\n          <div class=\"h-column h-column-container d-flex h-col-lg-auto h-col-md-auto h-col-auto style-673-outer style-local-413-c9-outer\">\n            <div data-colibri-id=\"413-c9\" class=\"d-flex h-flex-basis h-column__inner h-px-lg-2 h-px-md-2 h-px-2 v-inner-lg-2 v-inner-md-2 v-inner-2 style-673 style-local-413-c9 position-relative\">\n              <!---->\n              <!---->\n              <div class=\"w-100 h-y-container h-column__content h-column__v-align flex-basis-100 align-self-lg-start align-self-md-start align-self-start\">\n                <!---->\n                <div data-colibri-id=\"413-c10\" class=\"h-text h-text-component style-674 style-local-413-c10 position-relative h-element\">\n                  <!---->\n                  <!---->\n                  <div class=\"\">\n                    <p><strong style=\"font-size: 20px; font-family: &quot;Quattrocento Sans&quot;, sans-serif; color: rgb(255, 255, 255);\">Loppe<\/strong>\n                      <br><span style=\"color: rgb(0, 0, 0); font-weight: 400; font-size: 20px; font-family: &quot;Quattrocento Sans&quot;, sans-serif;\">Lopper er nogle sm\u00e5 blodsugende insekter p\u00e5 1,5 &#8211; 3 mm, der is\u00e6r lever p\u00e5 hunde og katte. Lopperne er brunsorte med kraftige ben, der g\u00f8r, at de kan springe over 30 cm, fx n\u00e5r lopperne springer fra gr\u00e6sset og op i hundens pels.&nbsp;P\u00e5 loppernes ben findes desuden sm\u00e5 kroge, som g\u00f8r, at loppen kan holde sig fast i hundens pels, ogs\u00e5 mens hunden bev\u00e6ger sig eller bliver vasket.&nbsp;<\/span>\n                      <br><span style=\"color: rgb(0, 0, 0); font-weight: 400; font-size: 20px; font-family: &quot;Quattrocento Sans&quot;, sans-serif;\">De mest almindelige k\u00e6ledyrslopper i Danmark er kattelopper og hundelopper. Kattelopper er de mest udbredte, da de trives i varmen indend\u00f8rs og kan leve p\u00e5 b\u00e5de katte og hunde. Hundelopper er noget mere sj\u00e6ldne, da hundelopper kun lever p\u00e5 hunde.<\/span>\n                      <br>\n                      <br><strong style=\"color: rgb(0, 0, 0); font-weight: 400; font-size: 20px; font-family: &quot;Quattrocento Sans&quot;, sans-serif;\">Biologi<\/strong>\n                      <br><span style=\"color: rgb(0, 0, 0); font-weight: 400; font-size: 20px; font-family: &quot;Quattrocento Sans&quot;, sans-serif;\">Den voksne loppe lever og formerer sig p\u00e5 sit v\u00e6rtsdyr \u2013 dvs. din hund eller kat. Lopperne kan ogs\u00e5 leve p\u00e5 mennesker, men her kan de ikke formere sig. L\u00e6ngden af en loppes cyklus (fra den bliver lagt som \u00e6g til den bliver voksen og kan formere sig) er ca. 3 uger \u2013 varigheden afh\u00e6nger dog af milj\u00f8et og kan under visse omst\u00e6ndigheder \u00e6ndres betydeligt.<\/span>\n                      <br><span style=\"color: rgb(0, 0, 0); font-weight: 400; font-size: 20px; font-family: &quot;Quattrocento Sans&quot;, sans-serif;\">\u00c6ggene: Hunlopper begynder senest at l\u00e6gge \u00e6g 2 dage efter de har fundet en v\u00e6rt. Hunloppen l\u00e6gger mellem 10 \u2013 50 \u00e6g om dagen og totalt mellem 200-1500 i hendes livstid. Loppe\u00e6ggene falder af v\u00e6rtsdyrets pels sammen med loppernes aff\u00f8ring. Loppeaff\u00f8ringen forsyner loppelarverne med n\u00e6ring. \u00c6ggene og larverne kan findes alle de steder, hvor katten eller hunden har v\u00e6ret, men er is\u00e6r at finde i senget\u00f8j eller i omr\u00e5der, hvor dyret f\u00e6rdes meget (som f.eks. i kattekurve).<\/span>\n                      <br><span style=\"color: rgb(0, 0, 0); font-weight: 400; font-size: 20px; font-family: &quot;Quattrocento Sans&quot;, sans-serif;\">Larverne: Loppelarver er generelt lyssky og har en tendens til at gemme sig dybt i gulvt\u00e6pper eller spr\u00e6kker i gulvet. Med tiden udvikler den enkelte larve sig til en lille puppe (dvs. den spinder en klistret kokon omkring sig).<\/span>\n                      <br><span style=\"color: rgb(0, 0, 0); font-weight: 400; font-size: 20px; font-family: &quot;Quattrocento Sans&quot;, sans-serif;\">Puppen\/kokonen: Den voksne larve udvikler sig inden i kokonen og afventer tegn p\u00e5, at et dyr eller en menneske bev\u00e6ger sig i n\u00e6rheden af den. Dette kan lade sig g\u00f8re, fordi loppen er i stand til at f\u00f8le forskelle i eksterne faktorer s\u00e5som tryk, varme, fugtighed, vibrationer, lyd og kuldioxid. Generelt udkl\u00e6kkes kokoner i b\u00f8lger med 2-5 dages mellemrum.<\/span>\n                      <br><span style=\"color: rgb(0, 0, 0); font-weight: 400; font-size: 20px; font-family: &quot;Quattrocento Sans&quot;, sans-serif;\">Den voksne loppe: Loppen kan bryde ud af sin kokon og f\u00e6stne sig p\u00e5 din v\u00e6rt i l\u00f8bet af f\u00e5 sekunder. Hvis ikke forholdene er gunstige \u2013 eller hvis ikke en v\u00e6rt kommer forbi \u2013 kan loppen kan ligge og vente i sin kokon i op til 2 \u00e5r. Under gunstige forhold vil loppen dog normalt bryde frem allerede efter ca. 2 uger. I dette stadie er loppen voksen. Centralt opvarmede hjem med gulvt\u00e6pper udg\u00f8r desv\u00e6rre de absolut bedste forhold for, at lopper kan udvikle sig hele \u00e5ret.<br>\u200b<\/span>\n                      <br><strong style=\"color: rgb(0, 0, 0); font-weight: 400; font-size: 20px; font-family: &quot;Quattrocento Sans&quot;, sans-serif;\">Bek\u00e6mpelse<\/strong>\n                      <br><span style=\"color: rgb(0, 0, 0); font-weight: 400; font-size: 20px; font-family: &quot;Quattrocento Sans&quot;, sans-serif;\">K\u00e6ledyrene skal behandles med godkendte loppemidler, af hvilke der findes en hel del. Indend\u00f8rs desinficeres med godkendte loppemidler og der st\u00f8vsuges i alle inficerede rum, samt senge og liggepladser for k\u00e6ledyr. Lopper er lyssky, og det er vigtigt at st\u00f8vsuge langs lister og spr\u00e6kker. Bem\u00e6rk at kulde dr\u00e6ber ikke lopperne.<\/span><\/p>\n                  <\/div>\n                <\/div>\n              <\/div>\n            <\/div>\n          <\/div>\n        <\/div>\n      <\/div>\n      <div data-colibri-id=\"413-c3\" class=\"h-row-container gutters-row-lg-2 gutters-row-md-2 gutters-row-0 gutters-row-v-lg-2 gutters-row-v-md-2 gutters-row-v-2 style-667 style-local-413-c3 position-relative\">\n        <!---->\n        <div class=\"h-row justify-content-lg-center justify-content-md-center justify-content-center align-items-lg-stretch align-items-md-stretch align-items-stretch gutters-col-lg-2 gutters-col-md-2 gutters-col-0 gutters-col-v-lg-2 gutters-col-v-md-2 gutters-col-v-2\">\n          <!---->\n          <div class=\"h-column h-column-container d-flex h-col-lg-auto h-col-md-auto h-col-auto style-668-outer style-local-413-c4-outer\">\n            <div data-colibri-id=\"413-c4\" class=\"d-flex h-flex-basis h-column__inner h-ui-empty-state-container h-px-lg-2 h-px-md-2 h-px-2 v-inner-lg-2 v-inner-md-2 v-inner-2 style-668 style-local-413-c4 position-relative\">\n              <!---->\n              <!---->\n              <div class=\"w-100 h-y-container h-column__content h-column__v-align flex-basis-100\">\n                <!---->\n              <\/div>\n            <\/div>\n          <\/div>\n        <\/div>\n      <\/div>\n    <\/div>\n  <\/div>\n<\/div>","protected":false},"excerpt":{"rendered":"<p>Loppe Lopper er nogle sm\u00e5 blodsugende insekter p\u00e5 1,5 &#8211; 3 mm, der is\u00e6r lever p\u00e5 hunde og katte. Lopperne er brunsorte med kraftige ben, der g\u00f8r, at de kan springe over 30 cm, fx n\u00e5r lopperne springer fra gr\u00e6sset og op i hundens pels.&nbsp;P\u00e5 loppernes ben findes desuden sm\u00e5 kroge, som g\u00f8r, at loppen [&hellip;]<\/p>\n","protected":false},"author":1,"featured_media":0,"parent":0,"menu_order":0,"comment_status":"closed","ping_status":"closed","template":"page-templates\/full-width-page.php","meta":{"footnotes":""},"class_list":["post-413","page","type-page","status-publish","hentry"],"_links":{"self":[{"href":"https:\/\/hjss.mit-hosting01.dk\/index.php\/wp-json\/wp\/v2\/pages\/413","targetHints":{"allow":["GET"]}}],"collection":[{"href":"https:\/\/hjss.mit-hosting01.dk\/index.php\/wp-json\/wp\/v2\/pages"}],"about":[{"href":"https:\/\/hjss.mit-hosting01.dk\/index.php\/wp-json\/wp\/v2\/types\/page"}],"author":[{"embeddable":true,"href":"https:\/\/hjss.mit-hosting01.dk\/index.php\/wp-json\/wp\/v2\/users\/1"}],"replies":[{"embeddable":true,"href":"https:\/\/hjss.mit-hosting01.dk\/index.php\/wp-json\/wp\/v2\/comments?post=413"}],"version-history":[{"count":2,"href":"https:\/\/hjss.mit-hosting01.dk\/index.php\/wp-json\/wp\/v2\/pages\/413\/revisions"}],"predecessor-version":[{"id":638,"href":"https:\/\/hjss.mit-hosting01.dk\/index.php\/wp-json\/wp\/v2\/pages\/413\/revisions\/638"}],"wp:attachment":[{"href":"https:\/\/hjss.mit-hosting01.dk\/index.php\/wp-json\/wp\/v2\/media?parent=413"}],"curies":[{"name":"wp","href":"https:\/\/api.w.org\/{rel}","templated":true}]}}