{"id":417,"date":"2024-10-24T11:47:43","date_gmt":"2024-10-24T11:47:43","guid":{"rendered":"https:\/\/hjss.mit-hosting01.dk\/?page_id=417"},"modified":"2024-10-24T13:17:08","modified_gmt":"2024-10-24T13:17:08","slug":"betingelser","status":"publish","type":"page","link":"https:\/\/hjss.mit-hosting01.dk\/index.php\/betingelser\/","title":{"rendered":"Betingelser"},"content":{"rendered":"<div data-colibri-id=\"417-c1\" class=\"style-675 style-local-417-c1 position-relative\">\n  <!---->\n  <div data-colibri-component=\"section\" data-colibri-id=\"417-c2\" id=\"custom\" class=\"h-section h-section-global-spacing d-flex align-items-lg-start align-items-md-start align-items-start style-676 style-local-417-c2 position-relative\">\n    <!---->\n    <!---->\n    <div class=\"h-section-grid-container h-section-boxed-container\">\n      <!---->\n      <div data-colibri-id=\"417-c3\" class=\"h-row-container gutters-row-lg-2 gutters-row-md-2 gutters-row-0 gutters-row-v-lg-2 gutters-row-v-md-2 gutters-row-v-2 style-677 style-local-417-c3 position-relative\">\n        <!---->\n        <div class=\"h-row justify-content-lg-center justify-content-md-center justify-content-center align-items-lg-stretch align-items-md-stretch align-items-stretch gutters-col-lg-2 gutters-col-md-2 gutters-col-0 gutters-col-v-lg-2 gutters-col-v-md-2 gutters-col-v-2\">\n          <!---->\n          <div class=\"h-column h-column-container d-flex h-col-lg-auto h-col-md-auto h-col-auto style-678-outer style-local-417-c4-outer\">\n            <div data-colibri-id=\"417-c4\" class=\"d-flex h-flex-basis h-column__inner h-px-lg-2 h-px-md-2 h-px-2 v-inner-lg-2 v-inner-md-2 v-inner-2 style-678 style-local-417-c4 position-relative\">\n              <!---->\n              <!---->\n              <div class=\"w-100 h-y-container h-column__content h-column__v-align flex-basis-100 align-self-lg-start align-self-md-start align-self-start\">\n                <!---->\n                <div data-colibri-id=\"417-c5\" class=\"page-title style-679 style-local-417-c5 position-relative h-element\">\n                  <!---->\n                  <div class=\"h-page-title__outer style-679-outer style-local-417-c5-outer\">\n                    <div class=\"h-global-transition-all\"><span><h1 style='margin-bottom:0'>Betingelser<\/h1><\/span><\/div>\n                  <\/div>\n                <\/div>\n              <\/div>\n            <\/div>\n          <\/div>\n        <\/div>\n      <\/div>\n      <div data-colibri-id=\"417-c6\" class=\"h-row-container gutters-row-lg-2 gutters-row-md-2 gutters-row-0 gutters-row-v-lg-2 gutters-row-v-md-2 gutters-row-v-2 style-680 style-local-417-c6 position-relative\">\n        <!---->\n        <div class=\"h-row justify-content-lg-center justify-content-md-center justify-content-center align-items-lg-stretch align-items-md-stretch align-items-stretch gutters-col-lg-2 gutters-col-md-2 gutters-col-0 gutters-col-v-lg-2 gutters-col-v-md-2 gutters-col-v-2\">\n          <!---->\n          <div class=\"h-column h-column-container d-flex h-col-lg-auto h-col-md-auto h-col-auto style-681-outer style-local-417-c7-outer\">\n            <div data-colibri-id=\"417-c7\" class=\"d-flex h-flex-basis h-column__inner h-px-lg-2 h-px-md-2 h-px-2 v-inner-lg-2 v-inner-md-2 v-inner-2 style-681 style-local-417-c7 position-relative\">\n              <!---->\n              <!---->\n              <div class=\"w-100 h-y-container h-column__content h-column__v-align flex-basis-100 align-self-lg-start align-self-md-start align-self-start\">\n                <!---->\n                <div data-colibri-id=\"417-c8\" class=\"h-text h-text-component style-682 style-local-417-c8 position-relative h-element\">\n                  <!---->\n                  <!---->\n                  <div class=\"\">\n                    <p><strong style=\"color: rgb(45, 45, 45); font-family: &quot;Quattrocento Sans&quot;, sans-serif; font-size: 20px;\">Ved kontakt til Hj\u00f8rring Skadedyrsservice accepteres f\u00f8lgende vilk\u00e5r:<br><br>-Det m\u00e5 forventes at der bruges v\u00e6sker til udf\u00f8rsel af bek\u00e6mpelser, er der genstande der ikke t\u00e5ler vand\/ olie skal vi informeres herom.<br>-Kunden st\u00e5r selv til ansvar for at holde dyr, b\u00f8rn og andre v\u00e6sner v\u00e6k fra behandlede omr\u00e5der.<br>-Skader efter vand i ulovlig udf\u00f8rt el installationer h\u00e6fter kunden selv for. St\u00f8d heraf kan udl\u00f8se et erstatningskrav.<\/strong>\n                      <span\n                        style=\"color: rgb(45, 45, 45);\">\n                        <br>\n                        <\/span><strong style=\"color: rgb(45, 45, 45); font-family: &quot;Quattrocento Sans&quot;, sans-serif; font-size: 20px;\">-Tyveri\/bortkomne f\u00e6lder p\u00e5 kundens matrikel vil blive faktureret til kunden.<br>-F\u00e6lder m\u00e5 ej flyttes uden vores accept, ellers bortfalder garantien for bek\u00e6mpelse.<br>-F\u00f8lges vores anvisninger til reng\u00f8ring\/oprydning ikke, kan der ikke ydes garantier.<\/strong>\n                        <span\n                          style=\"color: rgb(45, 45, 45);\">\n                          <br>\n                          <br>\n                          <\/span><strong style=\"color: rgb(45, 45, 45); font-family: &quot;Quattrocento Sans&quot;, sans-serif; font-size: 20px;\">Betingelser for udf\u00f8rsel af job:<\/strong><span style=\"color: rgb(45, 45, 45);\"><br><\/span><span style=\"font-family: &quot;Quattrocento Sans&quot;, sans-serif; font-size: 20px; color: rgb(45, 45, 45); font-weight: 300;\">Til de fleste bek\u00e6mpelser af insekter bliver der brugt bek\u00e6mpelsesmiddel der er opblandet med vand eller olie. Har I sarte gulve eller noget som ikke t\u00e5ler vand er det kundes ansvar at informere os herom. For en effektiv bek\u00e6mpelse kan det v\u00e6re n\u00f8dvendigt at spr\u00f8jte b\u00e5de gulv og omkring loftslister. Frav\u00e6lges det anbefalede kan der ikke garanteres for en effektiv behandling!<\/span><\/p>\n                  <\/div>\n                <\/div>\n              <\/div>\n            <\/div>\n          <\/div>\n        <\/div>\n      <\/div>\n    <\/div>\n  <\/div>\n<\/div>","protected":false},"excerpt":{"rendered":"<p>Ved kontakt til Hj\u00f8rring Skadedyrsservice accepteres f\u00f8lgende vilk\u00e5r:-Det m\u00e5 forventes at der bruges v\u00e6sker til udf\u00f8rsel af bek\u00e6mpelser, er der genstande der ikke t\u00e5ler vand\/ olie skal vi informeres herom.-Kunden st\u00e5r selv til ansvar for at holde dyr, b\u00f8rn og andre v\u00e6sner v\u00e6k fra behandlede omr\u00e5der.-Skader efter vand i ulovlig udf\u00f8rt el installationer h\u00e6fter kunden [&hellip;]<\/p>\n","protected":false},"author":1,"featured_media":0,"parent":0,"menu_order":0,"comment_status":"closed","ping_status":"closed","template":"page-templates\/full-width-page.php","meta":{"footnotes":""},"class_list":["post-417","page","type-page","status-publish","hentry"],"_links":{"self":[{"href":"https:\/\/hjss.mit-hosting01.dk\/index.php\/wp-json\/wp\/v2\/pages\/417","targetHints":{"allow":["GET"]}}],"collection":[{"href":"https:\/\/hjss.mit-hosting01.dk\/index.php\/wp-json\/wp\/v2\/pages"}],"about":[{"href":"https:\/\/hjss.mit-hosting01.dk\/index.php\/wp-json\/wp\/v2\/types\/page"}],"author":[{"embeddable":true,"href":"https:\/\/hjss.mit-hosting01.dk\/index.php\/wp-json\/wp\/v2\/users\/1"}],"replies":[{"embeddable":true,"href":"https:\/\/hjss.mit-hosting01.dk\/index.php\/wp-json\/wp\/v2\/comments?post=417"}],"version-history":[{"count":2,"href":"https:\/\/hjss.mit-hosting01.dk\/index.php\/wp-json\/wp\/v2\/pages\/417\/revisions"}],"predecessor-version":[{"id":645,"href":"https:\/\/hjss.mit-hosting01.dk\/index.php\/wp-json\/wp\/v2\/pages\/417\/revisions\/645"}],"wp:attachment":[{"href":"https:\/\/hjss.mit-hosting01.dk\/index.php\/wp-json\/wp\/v2\/media?parent=417"}],"curies":[{"name":"wp","href":"https:\/\/api.w.org\/{rel}","templated":true}]}}