{"id":454,"date":"2024-10-24T11:54:00","date_gmt":"2024-10-24T11:54:00","guid":{"rendered":"https:\/\/hjss.mit-hosting01.dk\/?page_id=454"},"modified":"2024-10-24T13:35:12","modified_gmt":"2024-10-24T13:35:12","slug":"udlejning","status":"publish","type":"page","link":"https:\/\/hjss.mit-hosting01.dk\/index.php\/udlejning\/","title":{"rendered":"Udlejning"},"content":{"rendered":"<div data-colibri-id=\"454-c1\" class=\"style-715 style-local-454-c1 position-relative\">\n  <!---->\n  <div data-colibri-component=\"section\" data-colibri-id=\"454-c2\" id=\"custom\" class=\"h-section h-section-global-spacing d-flex align-items-lg-start align-items-md-start align-items-start style-716 style-local-454-c2 position-relative\">\n    <!---->\n    <!---->\n    <div class=\"h-section-grid-container h-section-boxed-container\">\n      <!---->\n      <div data-colibri-id=\"454-c5\" class=\"h-row-container gutters-row-lg-2 gutters-row-md-2 gutters-row-0 gutters-row-v-lg-2 gutters-row-v-md-2 gutters-row-v-2 style-719 style-local-454-c5 position-relative\">\n        <!---->\n        <div class=\"h-row justify-content-lg-center justify-content-md-center justify-content-center align-items-lg-stretch align-items-md-stretch align-items-stretch gutters-col-lg-2 gutters-col-md-2 gutters-col-0 gutters-col-v-lg-2 gutters-col-v-md-2 gutters-col-v-2\">\n          <!---->\n          <div class=\"h-column h-column-container d-flex h-col-lg-auto h-col-md-auto h-col-auto style-720-outer style-local-454-c6-outer\">\n            <div data-colibri-id=\"454-c6\" class=\"d-flex h-flex-basis h-column__inner h-px-lg-2 h-px-md-2 h-px-2 v-inner-lg-2 v-inner-md-2 v-inner-2 style-720 style-local-454-c6 position-relative\">\n              <!---->\n              <!---->\n              <div class=\"w-100 h-y-container h-column__content h-column__v-align flex-basis-100 align-self-lg-start align-self-md-start align-self-start\">\n                <!---->\n                <div data-colibri-id=\"454-c7\" class=\"page-title style-721 style-local-454-c7 position-relative h-element\">\n                  <!---->\n                  <div class=\"h-page-title__outer style-721-outer style-local-454-c7-outer\">\n                    <div class=\"h-global-transition-all\"><span><h1 style='margin-bottom:0'>Udlejning<\/h1><\/span><\/div>\n                  <\/div>\n                <\/div>\n              <\/div>\n            <\/div>\n          <\/div>\n        <\/div>\n      <\/div>\n      <div data-colibri-id=\"454-c8\" class=\"h-row-container gutters-row-lg-2 gutters-row-md-2 gutters-row-0 gutters-row-v-lg-2 gutters-row-v-md-2 gutters-row-v-2 style-722 style-local-454-c8 position-relative\">\n        <!---->\n        <div class=\"h-row justify-content-lg-center justify-content-md-center justify-content-center align-items-lg-stretch align-items-md-stretch align-items-stretch gutters-col-lg-2 gutters-col-md-2 gutters-col-0 gutters-col-v-lg-2 gutters-col-v-md-2 gutters-col-v-2\">\n          <!---->\n          <div class=\"h-column h-column-container d-flex h-col-lg-auto h-col-md-auto h-col-auto style-723-outer style-local-454-c9-outer\">\n            <div data-colibri-id=\"454-c9\" class=\"d-flex h-flex-basis h-column__inner h-px-lg-2 h-px-md-2 h-px-2 v-inner-lg-2 v-inner-md-2 v-inner-2 style-723 style-local-454-c9 position-relative\">\n              <!---->\n              <!---->\n              <div class=\"w-100 h-y-container h-column__content h-column__v-align flex-basis-100 align-self-lg-start align-self-md-start align-self-start\">\n                <!---->\n                <div data-colibri-id=\"454-c10\" class=\"h-global-transition-all h-heading style-724 style-local-454-c10 position-relative h-element\">\n                  <!---->\n                  <div class=\"h-heading__outer style-724 style-local-454-c10\">\n                    <!---->\n                    <!---->\n                    <h3 class=\"\">Udlejning af m\u00f8belrenser \/ t\u00e6pperenser<\/h3>\n                  <\/div>\n                <\/div>\n              <\/div>\n            <\/div>\n          <\/div>\n        <\/div>\n      <\/div>\n      <div data-colibri-id=\"454-c11\" class=\"h-row-container gutters-row-lg-2 gutters-row-md-2 gutters-row-0 gutters-row-v-lg-2 gutters-row-v-md-2 gutters-row-v-2 style-725 style-local-454-c11 position-relative\">\n        <!---->\n        <div class=\"h-row justify-content-lg-center justify-content-md-center justify-content-center align-items-lg-stretch align-items-md-stretch align-items-stretch gutters-col-lg-2 gutters-col-md-2 gutters-col-0 gutters-col-v-lg-2 gutters-col-v-md-2 gutters-col-v-2\">\n          <!---->\n          <div class=\"h-column h-column-container d-flex h-col-lg-auto h-col-md-auto h-col-auto style-726-outer style-local-454-c12-outer\">\n            <div data-colibri-id=\"454-c12\" class=\"d-flex h-flex-basis h-column__inner h-px-lg-2 h-px-md-2 h-px-2 v-inner-lg-2 v-inner-md-2 v-inner-2 style-726 style-local-454-c12 position-relative\">\n              <!---->\n              <!---->\n              <div class=\"w-100 h-y-container h-column__content h-column__v-align flex-basis-100 align-self-lg-start align-self-md-start align-self-start\">\n                <!---->\n                <div data-colibri-id=\"454-c13\" class=\"h-text h-text-component style-727 style-local-454-c13 position-relative h-element\">\n                  <!---->\n                  <!---->\n                  <div class=\"\">\n                    <p><span style=\"font-weight: 400; font-size: 20px; font-family: &quot;Quattrocento Sans&quot;, sans-serif; color: rgb(42, 42, 42);\">Har du haft bes\u00f8g af skadedyr i dine m\u00f8bler eller p\u00e5 gulvt\u00e6pper, s\u00e5 er denne maskine virkelig effektiv til reng\u00f8ring og desinficering.<\/span>\n                      <br><span style=\"font-weight: 400; font-size: 20px; font-family: &quot;Quattrocento Sans&quot;, sans-serif; color: rgb(42, 42, 42);\">Den er nem at anvende og super effektiv at bruge, uanset om det handler om desinficering eller blot en grundig reng\u00f8ring af m\u00f8bler og gulvt\u00e6pper.&nbsp;<\/span>\n                      <br><span style=\"font-weight: 400; font-size: 20px; font-family: &quot;Quattrocento Sans&quot;, sans-serif; color: rgb(42, 42, 42);\">Leje af m\u00f8belrenser \/ t\u00e6pperenser kan ogs\u00e5 bruges til reng\u00f8ring af bils\u00e6der.<\/span>\n                      <br><span style=\"font-weight: 400; font-size: 20px; font-family: &quot;Quattrocento Sans&quot;, sans-serif; color: rgb(42, 42, 42);\">Der medf\u00f8lger 1 liter. koncentrat nok til opblanding af 50 Liter reng\u00f8ringsv\u00e6ske.<\/span>\n                      <br><span style=\"font-weight: 400; font-size: 20px; font-family: &quot;Quattrocento Sans&quot;, sans-serif; color: rgb(42, 42, 42);\">Maskinen er perfekt til reng\u00f8ring \/ desinficering af gulvt\u00e6pper, sofaer, m\u00f8bler, bils\u00e6der, m\u00f8bler i campingvognen samt reng\u00f8ring af m\u00f8bler\/puder i b\u00e5den m.m.<\/span><\/p>\n                  <\/div>\n                <\/div>\n              <\/div>\n            <\/div>\n          <\/div>\n        <\/div>\n      <\/div>\n      <div data-colibri-id=\"454-c3\" class=\"h-row-container gutters-row-lg-2 gutters-row-md-2 gutters-row-0 gutters-row-v-lg-2 gutters-row-v-md-2 gutters-row-v-2 style-717 style-local-454-c3 position-relative\">\n        <!---->\n        <div class=\"h-row justify-content-lg-center justify-content-md-center justify-content-center align-items-lg-stretch align-items-md-stretch align-items-stretch gutters-col-lg-2 gutters-col-md-2 gutters-col-0 gutters-col-v-lg-2 gutters-col-v-md-2 gutters-col-v-2\">\n          <!---->\n          <div class=\"h-column h-column-container d-flex h-col-lg-auto h-col-md-auto h-col-auto style-718-outer style-local-454-c4-outer\">\n            <div data-colibri-id=\"454-c4\" class=\"d-flex h-flex-basis h-column__inner h-px-lg-2 h-px-md-2 h-px-2 v-inner-lg-2 v-inner-md-2 v-inner-2 style-718 style-local-454-c4 position-relative\">\n              <!---->\n              <!---->\n              <div class=\"w-100 h-y-container h-column__content h-column__v-align flex-basis-100 align-self-lg-start align-self-md-start align-self-start\">\n                <!---->\n                <div data-colibri-id=\"454-c15\" class=\"d-block style-729 style-local-454-c15 position-relative h-element\">\n                  <!---->\n                  <div class=\"h-image__frame-container-outer\">\n                    <div class=\"h-image__frame-container\">\n                      <!---->\n                      <!---->\n                      <img loading=\"lazy\" decoding=\"async\" width=\"1000\" height=\"750\" src=\"https:\/\/hjss.mit-hosting01.dk\/wp-content\/uploads\/2024\/10\/mbelrens-en-skadedyr_orig.jpg\" class=\"wp-image-678 style-729-image style-local-454-c15-image\" alt=\"\" srcset=\"https:\/\/hjss.mit-hosting01.dk\/wp-content\/uploads\/2024\/10\/mbelrens-en-skadedyr_orig.jpg 1000w, https:\/\/hjss.mit-hosting01.dk\/wp-content\/uploads\/2024\/10\/mbelrens-en-skadedyr_orig-300x225.jpg 300w, https:\/\/hjss.mit-hosting01.dk\/wp-content\/uploads\/2024\/10\/mbelrens-en-skadedyr_orig-768x576.jpg 768w\" sizes=\"auto, (max-width: 1000px) 100vw, 1000px\" \/>\n                      <div class=\"h-image__frame h-hide-lg h-hide-md h-hide-sm style-729-frameImage style-local-454-c15-frameImage\"><\/div>\n                    <\/div>\n                  <\/div>\n                <\/div>\n              <\/div>\n            <\/div>\n          <\/div>\n          <div class=\"h-column h-column-container d-flex h-col-lg-auto h-col-md-auto h-col-auto style-728-outer style-local-454-c14-outer\">\n            <div data-colibri-id=\"454-c14\" class=\"d-flex h-flex-basis h-column__inner h-px-lg-2 h-px-md-2 h-px-2 v-inner-lg-2 v-inner-md-2 v-inner-2 style-728 style-local-454-c14 position-relative\">\n              <!---->\n              <!---->\n              <div class=\"w-100 h-y-container h-column__content h-column__v-align flex-basis-100 align-self-lg-start align-self-md-start align-self-start\">\n                <!---->\n                <div data-colibri-id=\"454-c16\" class=\"d-block style-730 style-local-454-c16 position-relative h-element\">\n                  <!---->\n                  <div class=\"h-image__frame-container-outer\">\n                    <div class=\"h-image__frame-container\">\n                      <!---->\n                      <!---->\n                      <img loading=\"lazy\" decoding=\"async\" width=\"1000\" height=\"750\" src=\"https:\/\/hjss.mit-hosting01.dk\/wp-content\/uploads\/2024\/10\/tpperenser-en-skadedyr_orig.jpg\" class=\"wp-image-679 style-730-image style-local-454-c16-image\" alt=\"\" srcset=\"https:\/\/hjss.mit-hosting01.dk\/wp-content\/uploads\/2024\/10\/tpperenser-en-skadedyr_orig.jpg 1000w, https:\/\/hjss.mit-hosting01.dk\/wp-content\/uploads\/2024\/10\/tpperenser-en-skadedyr_orig-300x225.jpg 300w, https:\/\/hjss.mit-hosting01.dk\/wp-content\/uploads\/2024\/10\/tpperenser-en-skadedyr_orig-768x576.jpg 768w\" sizes=\"auto, (max-width: 1000px) 100vw, 1000px\" \/>\n                      <div class=\"h-image__frame h-hide-lg h-hide-md h-hide-sm style-730-frameImage style-local-454-c16-frameImage\"><\/div>\n                    <\/div>\n                  <\/div>\n                <\/div>\n              <\/div>\n            <\/div>\n          <\/div>\n        <\/div>\n      <\/div>\n      <div data-colibri-id=\"454-c17\" class=\"h-row-container gutters-row-lg-2 gutters-row-md-2 gutters-row-0 gutters-row-v-lg-2 gutters-row-v-md-2 gutters-row-v-2 style-731 style-local-454-c17 position-relative\">\n        <!---->\n        <div class=\"h-row justify-content-lg-center justify-content-md-center justify-content-center align-items-lg-stretch align-items-md-stretch align-items-stretch gutters-col-lg-2 gutters-col-md-2 gutters-col-0 gutters-col-v-lg-2 gutters-col-v-md-2 gutters-col-v-2\">\n          <!---->\n          <div class=\"h-column h-column-container d-flex h-col-lg-auto h-col-md-auto h-col-auto style-732-outer style-local-454-c18-outer\">\n            <div data-colibri-id=\"454-c18\" class=\"d-flex h-flex-basis h-column__inner h-px-lg-2 h-px-md-2 h-px-2 v-inner-lg-2 v-inner-md-2 v-inner-2 style-732 style-local-454-c18 position-relative\">\n              <!---->\n              <!---->\n              <div class=\"w-100 h-y-container h-column__content h-column__v-align flex-basis-100 align-self-lg-start align-self-md-start align-self-start\">\n                <!---->\n                <div data-colibri-id=\"454-c19\" class=\"h-global-transition-all h-heading style-733 style-local-454-c19 position-relative h-element\">\n                  <!---->\n                  <div class=\"h-heading__outer style-733 style-local-454-c19\">\n                    <!---->\n                    <!---->\n                    <h3 class=\"\">Udlejning pr. d\u00f8gn kr. 395,- Inkl. 1 liter m\u00f8belrens \/ gulvt\u00e6pperens.<\/h3>\n                  <\/div>\n                <\/div>\n              <\/div>\n            <\/div>\n          <\/div>\n        <\/div>\n      <\/div>\n      <div data-colibri-id=\"454-c23\" class=\"h-row-container gutters-row-lg-2 gutters-row-md-2 gutters-row-0 gutters-row-v-lg-2 gutters-row-v-md-2 gutters-row-v-2 style-739 style-local-454-c23 position-relative\">\n        <!---->\n        <div class=\"h-row justify-content-lg-center justify-content-md-center justify-content-center align-items-lg-stretch align-items-md-stretch align-items-stretch gutters-col-lg-2 gutters-col-md-2 gutters-col-0 gutters-col-v-lg-2 gutters-col-v-md-2 gutters-col-v-2\">\n          <!---->\n          <div class=\"h-column h-column-container d-flex h-col-lg-auto h-col-md-auto h-col-auto style-740-outer style-local-454-c24-outer\">\n            <div data-colibri-id=\"454-c24\" class=\"d-flex h-flex-basis h-column__inner h-px-lg-2 h-px-md-2 h-px-2 v-inner-lg-2 v-inner-md-2 v-inner-2 style-740 style-local-454-c24 position-relative\">\n              <!---->\n              <!---->\n              <div class=\"w-100 h-y-container h-column__content h-column__v-align flex-basis-100 align-self-lg-start align-self-md-start align-self-start\">\n                <!---->\n                <div data-colibri-id=\"454-c25\" class=\"h-divider style-738 style-local-454-c25 position-relative h-element\">\n                  <!----><span class=\"h-divider__line style-738-line style-local-454-c25-line style-738-line style-local-454-c25-line\"><\/span><\/div>\n              <\/div>\n            <\/div>\n          <\/div>\n        <\/div>\n      <\/div>\n      <div data-colibri-id=\"454-c20\" class=\"h-row-container gutters-row-lg-2 gutters-row-md-2 gutters-row-0 gutters-row-v-lg-2 gutters-row-v-md-2 gutters-row-v-2 style-734 style-local-454-c20 position-relative\">\n        <!---->\n        <div class=\"h-row justify-content-lg-center justify-content-md-center justify-content-center align-items-lg-stretch align-items-md-stretch align-items-stretch gutters-col-lg-2 gutters-col-md-2 gutters-col-0 gutters-col-v-lg-2 gutters-col-v-md-2 gutters-col-v-2\">\n          <!---->\n          <div class=\"h-column h-column-container d-flex h-col-lg-auto h-col-md-auto h-col-auto style-735-outer style-local-454-c21-outer\">\n            <div data-colibri-id=\"454-c21\" class=\"d-flex h-flex-basis h-column__inner h-px-lg-2 h-px-md-2 h-px-2 v-inner-lg-2 v-inner-md-2 v-inner-2 style-735 style-local-454-c21 position-relative\">\n              <!---->\n              <!---->\n              <div class=\"w-100 h-y-container h-column__content h-column__v-align flex-basis-100 align-self-lg-start align-self-md-start align-self-start\">\n                <!---->\n                <div data-colibri-id=\"454-c22\" class=\"h-global-transition-all h-heading style-736 style-local-454-c22 position-relative h-element\">\n                  <!---->\n                  <div class=\"h-heading__outer style-736 style-local-454-c22\">\n                    <!---->\n                    <!---->\n                    <h3 class=\"\">Udlejning af ozongerator<\/h3>\n                  <\/div>\n                <\/div>\n              <\/div>\n            <\/div>\n          <\/div>\n        <\/div>\n      <\/div>\n      <div data-colibri-id=\"454-c26\" class=\"h-row-container gutters-row-lg-2 gutters-row-md-2 gutters-row-0 gutters-row-v-lg-2 gutters-row-v-md-2 gutters-row-v-2 style-741 style-local-454-c26 position-relative\">\n        <!---->\n        <div class=\"h-row justify-content-lg-center justify-content-md-center justify-content-center align-items-lg-stretch align-items-md-stretch align-items-stretch gutters-col-lg-2 gutters-col-md-2 gutters-col-0 gutters-col-v-lg-2 gutters-col-v-md-2 gutters-col-v-2\">\n          <!---->\n          <div class=\"h-column h-column-container d-flex h-col-lg-auto h-col-md-auto h-col-auto style-742-outer style-local-454-c27-outer\">\n            <div data-colibri-id=\"454-c27\" class=\"d-flex h-flex-basis h-column__inner h-px-lg-2 h-px-md-2 h-px-2 v-inner-lg-2 v-inner-md-2 v-inner-2 style-742 style-local-454-c27 position-relative\">\n              <!---->\n              <!---->\n              <div class=\"w-100 h-y-container h-column__content h-column__v-align flex-basis-100 align-self-lg-start align-self-md-start align-self-start\">\n                <!---->\n                <div data-colibri-id=\"454-c28\" class=\"h-text h-text-component style-743 style-local-454-c28 position-relative h-element\">\n                  <!---->\n                  <!---->\n                  <div class=\"\">\n                    <p>Fjern d\u00e5rlig lugt i sommerhuset, kolonihavehuset, bilen, b\u00e5den, campingvognen, autocamperen, k\u00e6lderen samt alle andre steder hvor der optr\u00e6der d\u00e5rligt indeklima og lugtgener. Renser luften efter lugtgener fra f.eks. skadedyr, fugt,\n                      skimmelsvamp og r\u00f8gskader.\n                      <br>Virker mod virus og bakterier.<\/p>\n                  <\/div>\n                <\/div>\n                <div data-colibri-id=\"454-c29\" class=\"d-block style-744 style-local-454-c29 position-relative h-element\">\n                  <!---->\n                  <div class=\"h-image__frame-container-outer\">\n                    <div class=\"h-image__frame-container\">\n                      <!---->\n                      <!---->\n                      <img loading=\"lazy\" decoding=\"async\" width=\"400\" height=\"400\" src=\"https:\/\/hjss.mit-hosting01.dk\/wp-content\/uploads\/2024\/10\/ozongeneratur-udlejes-en-skadedyr_orig.jpg\" class=\"wp-image-680 style-744-image style-local-454-c29-image\" alt=\"\" srcset=\"https:\/\/hjss.mit-hosting01.dk\/wp-content\/uploads\/2024\/10\/ozongeneratur-udlejes-en-skadedyr_orig.jpg 400w, https:\/\/hjss.mit-hosting01.dk\/wp-content\/uploads\/2024\/10\/ozongeneratur-udlejes-en-skadedyr_orig-300x300.jpg 300w, https:\/\/hjss.mit-hosting01.dk\/wp-content\/uploads\/2024\/10\/ozongeneratur-udlejes-en-skadedyr_orig-150x150.jpg 150w\" sizes=\"auto, (max-width: 400px) 100vw, 400px\" \/>\n                      <div class=\"h-image__frame h-hide-lg h-hide-md h-hide-sm style-744-frameImage style-local-454-c29-frameImage\"><\/div>\n                    <\/div>\n                  <\/div>\n                <\/div>\n                <div data-colibri-id=\"454-c31\" class=\"h-global-transition-all h-heading style-746 style-local-454-c31 position-relative h-element\">\n                  <!---->\n                  <div class=\"h-heading__outer style-746 style-local-454-c31\">\n                    <!---->\n                    <!---->\n                    <h3 class=\"\">Udlejning pr. d\u00f8gn kr. 375,-<\/h3>\n                  <\/div>\n                <\/div>\n                <div data-colibri-id=\"454-c34\" class=\"h-divider style-738 style-local-454-c34 position-relative h-element\">\n                  <!----><span class=\"h-divider__line style-738-line style-local-454-c34-line style-738-line style-local-454-c34-line\"><\/span><\/div>\n              <\/div>\n            <\/div>\n          <\/div>\n        <\/div>\n      <\/div>\n      <div data-colibri-id=\"454-c35\" class=\"h-row-container gutters-row-lg-2 gutters-row-md-2 gutters-row-0 gutters-row-v-lg-2 gutters-row-v-md-2 gutters-row-v-2 style-747 style-local-454-c35 position-relative\">\n        <!---->\n        <div class=\"h-row justify-content-lg-center justify-content-md-center justify-content-center align-items-lg-stretch align-items-md-stretch align-items-stretch gutters-col-lg-2 gutters-col-md-2 gutters-col-0 gutters-col-v-lg-2 gutters-col-v-md-2 gutters-col-v-2\">\n          <!---->\n          <div class=\"h-column h-column-container d-flex h-col-lg-auto h-col-md-auto h-col-auto style-748-outer style-local-454-c36-outer\">\n            <div data-colibri-id=\"454-c36\" class=\"d-flex h-flex-basis h-column__inner h-px-lg-2 h-px-md-2 h-px-2 v-inner-lg-2 v-inner-md-2 v-inner-2 style-748 style-local-454-c36 position-relative\">\n              <!---->\n              <!---->\n              <div class=\"w-100 h-y-container h-column__content h-column__v-align flex-basis-100 align-self-lg-start align-self-md-start align-self-start\">\n                <!---->\n                <div data-colibri-id=\"454-c37\" class=\"h-global-transition-all h-heading style-749 style-local-454-c37 position-relative h-element\">\n                  <!---->\n                  <div class=\"h-heading__outer style-749 style-local-454-c37\">\n                    <!---->\n                    <!---->\n                    <h3 class=\"\">Affugter<\/h3>\n                  <\/div>\n                <\/div>\n                <div data-colibri-id=\"454-c40\" class=\"h-text h-text-component style-752 style-local-454-c40 position-relative h-element\">\n                  <!---->\n                  <!---->\n                  <div class=\"\">\n                    <p><span style=\"font-weight: 400; font-size: 16px; font-family: &quot;Quattrocento Sans&quot;, sans-serif; color: rgb(62, 62, 62);\">Affugter ops\u00e6ttes og nedtages p\u00e5 timel\u00f8n. Mulighed for at f\u00e5 tilkoblet vandaftr\u00e6k til kloakken, hvis det er muligt med huset afl\u00f8b.<\/span>\n                      <br>\n                      <br><span style=\"font-weight: 400; font-size: 16px; font-family: &quot;Quattrocento Sans&quot;, sans-serif; color: rgb(62, 62, 62);\">Med timet\u00e6ller og fugtigheds m\u00e5ler til indstilling af \u00f8nsket fugtighed i rummet.<\/span><\/p>\n                  <\/div>\n                <\/div>\n                <div data-colibri-id=\"454-c38\" class=\"d-block style-750 style-local-454-c38 position-relative h-element\">\n                  <!---->\n                  <div class=\"h-image__frame-container-outer\">\n                    <div class=\"h-image__frame-container\">\n                      <!---->\n                      <!---->\n                      <img loading=\"lazy\" decoding=\"async\" width=\"600\" height=\"600\" src=\"https:\/\/hjss.mit-hosting01.dk\/wp-content\/uploads\/2024\/10\/78f8dd880417cfcecc6632720615f15c0029ba61e1cb6503390b5a3833ed3213_orig.png\" class=\"wp-image-681 style-750-image style-local-454-c38-image\" alt=\"\" srcset=\"https:\/\/hjss.mit-hosting01.dk\/wp-content\/uploads\/2024\/10\/78f8dd880417cfcecc6632720615f15c0029ba61e1cb6503390b5a3833ed3213_orig.png 600w, https:\/\/hjss.mit-hosting01.dk\/wp-content\/uploads\/2024\/10\/78f8dd880417cfcecc6632720615f15c0029ba61e1cb6503390b5a3833ed3213_orig-300x300.png 300w, https:\/\/hjss.mit-hosting01.dk\/wp-content\/uploads\/2024\/10\/78f8dd880417cfcecc6632720615f15c0029ba61e1cb6503390b5a3833ed3213_orig-150x150.png 150w\" sizes=\"auto, (max-width: 600px) 100vw, 600px\" \/>\n                      <div class=\"h-image__frame h-hide-lg h-hide-md h-hide-sm style-750-frameImage style-local-454-c38-frameImage\"><\/div>\n                    <\/div>\n                  <\/div>\n                <\/div>\n                <div data-colibri-id=\"454-c39\" class=\"h-global-transition-all h-heading style-751 style-local-454-c39 position-relative h-element\">\n                  <!---->\n                  <div class=\"h-heading__outer style-751 style-local-454-c39\">\n                    <!---->\n                    <!---->\n                    <h3 class=\"\">250kr pr d\u00f8gn<\/h3>\n                  <\/div>\n                <\/div>\n              <\/div>\n            <\/div>\n          <\/div>\n        <\/div>\n      <\/div>\n    <\/div>\n  <\/div>\n<\/div>","protected":false},"excerpt":{"rendered":"<p>Udlejning af m\u00f8belrenser \/ t\u00e6pperenser Har du haft bes\u00f8g af skadedyr i dine m\u00f8bler eller p\u00e5 gulvt\u00e6pper, s\u00e5 er denne maskine virkelig effektiv til reng\u00f8ring og desinficering. Den er nem at anvende og super effektiv at bruge, uanset om det handler om desinficering eller blot en grundig reng\u00f8ring af m\u00f8bler og gulvt\u00e6pper.&nbsp; Leje af m\u00f8belrenser [&hellip;]<\/p>\n","protected":false},"author":1,"featured_media":0,"parent":0,"menu_order":0,"comment_status":"closed","ping_status":"closed","template":"page-templates\/full-width-page.php","meta":{"footnotes":""},"class_list":["post-454","page","type-page","status-publish","hentry"],"_links":{"self":[{"href":"https:\/\/hjss.mit-hosting01.dk\/index.php\/wp-json\/wp\/v2\/pages\/454","targetHints":{"allow":["GET"]}}],"collection":[{"href":"https:\/\/hjss.mit-hosting01.dk\/index.php\/wp-json\/wp\/v2\/pages"}],"about":[{"href":"https:\/\/hjss.mit-hosting01.dk\/index.php\/wp-json\/wp\/v2\/types\/page"}],"author":[{"embeddable":true,"href":"https:\/\/hjss.mit-hosting01.dk\/index.php\/wp-json\/wp\/v2\/users\/1"}],"replies":[{"embeddable":true,"href":"https:\/\/hjss.mit-hosting01.dk\/index.php\/wp-json\/wp\/v2\/comments?post=454"}],"version-history":[{"count":2,"href":"https:\/\/hjss.mit-hosting01.dk\/index.php\/wp-json\/wp\/v2\/pages\/454\/revisions"}],"predecessor-version":[{"id":683,"href":"https:\/\/hjss.mit-hosting01.dk\/index.php\/wp-json\/wp\/v2\/pages\/454\/revisions\/683"}],"wp:attachment":[{"href":"https:\/\/hjss.mit-hosting01.dk\/index.php\/wp-json\/wp\/v2\/media?parent=454"}],"curies":[{"name":"wp","href":"https:\/\/api.w.org\/{rel}","templated":true}]}}